{"id":12282,"date":"2024-08-05T20:00:36","date_gmt":"2024-08-05T17:00:36","guid":{"rendered":"https:\/\/cheapcarhiregreece.com\/?page_id=12282"},"modified":"2024-12-21T14:02:32","modified_gmt":"2024-12-21T12:02:32","slug":"mietwagenlieferung-am-flughafen-thessaloniki-mazedonien-skg","status":"publish","type":"page","link":"https:\/\/cheapcarhiregreece.com\/de\/mietwagenlieferung-am-flughafen-thessaloniki-mazedonien-skg\/","title":{"rendered":"Mietwagenlieferung am Flughafen Thessaloniki, Mazedonien SKG."},"content":{"rendered":"<div class=\"fusion-fullwidth fullwidth-box fusion-builder-row-1 fusion-flex-container has-pattern-background has-mask-background nonhundred-percent-fullwidth non-hundred-percent-height-scrolling\" style=\"--awb-border-radius-top-left:0px;--awb-border-radius-top-right:0px;--awb-border-radius-bottom-right:0px;--awb-border-radius-bottom-left:0px;--awb-flex-wrap:wrap;\" ><div class=\"fusion-builder-row fusion-row fusion-flex-align-items-flex-start fusion-flex-content-wrap\" style=\"max-width:1320.8px;margin-left: calc(-4% \/ 2 );margin-right: calc(-4% \/ 2 );\"><div class=\"fusion-layout-column fusion_builder_column fusion-builder-column-0 fusion_builder_column_1_1 1_1 fusion-flex-column\" style=\"--awb-bg-size:cover;--awb-width-large:100%;--awb-margin-top-large:-150px;--awb-spacing-right-large:1.92%;--awb-margin-bottom-large:20px;--awb-spacing-left-large:1.92%;--awb-width-medium:100%;--awb-order-medium:0;--awb-spacing-right-medium:1.92%;--awb-spacing-left-medium:1.92%;--awb-width-small:100%;--awb-order-small:0;--awb-spacing-right-small:1.92%;--awb-spacing-left-small:1.92%;\"><div class=\"fusion-column-wrapper fusion-column-has-shadow fusion-flex-justify-content-flex-start fusion-content-layout-column\"><div class=\"fusion-image-element \" style=\"--awb-caption-title-font-family:var(--h2_typography-font-family);--awb-caption-title-font-weight:var(--h2_typography-font-weight);--awb-caption-title-font-style:var(--h2_typography-font-style);--awb-caption-title-size:var(--h2_typography-font-size);--awb-caption-title-transform:var(--h2_typography-text-transform);--awb-caption-title-line-height:var(--h2_typography-line-height);--awb-caption-title-letter-spacing:var(--h2_typography-letter-spacing);\"><span class=\" fusion-imageframe imageframe-none imageframe-1 hover-type-none\"><img decoding=\"async\" width=\"1500\" height=\"750\" title=\"\u03a6\u03b8\u03b7\u03bd\u03ae \u0395\u03bd\u03bf\u03b9\u03ba\u03af\u03b1\u03c3\u03b7 \u03b1\u03c5\u03c4\u03bf\u03ba\u03b9\u03bd\u03ae\u03c4\u03bf\u03c5 skg \u03b1\u03b5\u03c1\u03bf\u03b4\u03c1\u03cc\u03bc\u03b9\u03bf \u0398\u03b5\u03c3\u03c3\u03b1\u03bb\u03bf\u03bd\u03af\u03ba\u03b7\u03c2\" src=\"https:\/\/cheapcarhiregreece.com\/wp-content\/uploads\/2024\/08\/\u03bc\u03b1\u03ba\u03b5\u03b4\u03bf\u03bd\u03b9\u03b1.jpg\" alt class=\"img-responsive wp-image-12297\" srcset=\"https:\/\/cheapcarhiregreece.com\/wp-content\/uploads\/2024\/08\/\u03bc\u03b1\u03ba\u03b5\u03b4\u03bf\u03bd\u03b9\u03b1-200x100.jpg 200w, https:\/\/cheapcarhiregreece.com\/wp-content\/uploads\/2024\/08\/\u03bc\u03b1\u03ba\u03b5\u03b4\u03bf\u03bd\u03b9\u03b1-400x200.jpg 400w, https:\/\/cheapcarhiregreece.com\/wp-content\/uploads\/2024\/08\/\u03bc\u03b1\u03ba\u03b5\u03b4\u03bf\u03bd\u03b9\u03b1-600x300.jpg 600w, https:\/\/cheapcarhiregreece.com\/wp-content\/uploads\/2024\/08\/\u03bc\u03b1\u03ba\u03b5\u03b4\u03bf\u03bd\u03b9\u03b1-800x400.jpg 800w, https:\/\/cheapcarhiregreece.com\/wp-content\/uploads\/2024\/08\/\u03bc\u03b1\u03ba\u03b5\u03b4\u03bf\u03bd\u03b9\u03b1-1200x600.jpg 1200w, https:\/\/cheapcarhiregreece.com\/wp-content\/uploads\/2024\/08\/\u03bc\u03b1\u03ba\u03b5\u03b4\u03bf\u03bd\u03b9\u03b1.jpg 1500w\" sizes=\"(max-width: 640px) 100vw, 1500px\" \/><\/span><\/div><div class=\"fusion-text fusion-text-1\"><h3 style=\"text-align: center;\"><strong><span style=\"color: #0000ff;\">Autovermietung am Flughafen Thessaloniki Makedonia (SKG)<\/span><\/strong><\/h3>\n<p>Willkommen bei CheapCarHireGreece! Unser Ziel ist es, die Autovermietung und die \u00dcbergabe Ihres Mietwagens so einfach und bequem wie m\u00f6glich zu gestalten. Wenn Sie sich entschieden haben, Ihr Mietauto am <a href=\"https:\/\/maps.app.goo.gl\/VBJihU9SjLLy5Co29\" target=\"_blank\" rel=\"noopener\">Flughafen Thessaloniki Makedonia<\/a> abzuholen, informieren wir Sie, dass die \u00dcbergabe am Parkplatz 5 erfolgt. Hier finden Sie alle Details, die Sie ben\u00f6tigen, um Ihr Fahrzeug problemlos abzuholen.<\/p>\n<h4 style=\"text-align: center;\"><strong><span style=\"color: #0000ff;\">Schritte zur Fahrzeug\u00fcbergabe:<\/span><\/strong><\/h4>\n<p><span style=\"color: #0000ff;\"><strong>1. Buchung und Kommunikation:<\/strong><\/span><\/p>\n<p>Sobald Sie Ihre Buchung \u00fcber unsere <a href=\"https:\/\/cheapcarhiregreece.com\/\">Website<\/a> abgeschlossen haben, erhalten Sie eine Best\u00e4tigungs-E-Mail mit allen Details zur Miete und der \u00dcbergabe Ihres Mietwagens. Diese E-Mail enth\u00e4lt Informationen wie den Fahrzeugtyp, den Sie ausgew\u00e4hlt haben, die Mietdauer und die Allgemeinen Gesch\u00e4ftsbedingungen.<\/p>\n<p>Vor Ihrer Ankunft am Flughafen werden wir mit Ihnen Kontakt aufnehmen, um Ihre Flugzeit und Ankunftszeit am Flughafen zu best\u00e4tigen, damit wir die \u00dcbergabe Ihres Mietwagens koordinieren k\u00f6nnen. Diese Kommunikation ist entscheidend, um sicherzustellen, dass alles reibungslos und ohne Verz\u00f6gerungen verl\u00e4uft.<\/p>\n<p><span style=\"color: #0000ff;\"><strong>2. Ankunft am Flughafen:<\/strong><\/span><\/p>\n<p>Sobald Sie am <a href=\"https:\/\/maps.app.goo.gl\/VBJihU9SjLLy5Co29\" target=\"_blank\" rel=\"noopener\">Flughafen Thessaloniki Makedonia<\/a> angekommen sind, begeben Sie sich bitte zum Parkplatz 5. Parkplatz 5 befindet sich in der N\u00e4he des Abflugbereichs und ist leicht durch die Schilder am Flughafen zu erreichen. Folgen Sie einfach den Schildern, die zum Parkplatz f\u00fchren.<\/p>\n<p><span style=\"color: #0000ff;\"><strong>3. Treffen mit unserem Vertreter:<\/strong><\/span><\/p>\n<p>Einer unserer Vertreter wird Sie am Parkplatz 5 mit Ihrem Fahrzeug erwarten. Er wird ein Schild mit Ihrem Namen halten, damit Sie ihn leicht finden k\u00f6nnen. Unser Vertreter wird da sein, um Sie zu empfangen und sicherzustellen, dass der \u00dcbergang vom Flughafen zu Ihrem Fahrzeug so komfortabel wie m\u00f6glich ist.<\/p>\n<p>Unser Vertreter wird Ihnen mit Ihrem Gep\u00e4ck helfen und Sie \u00fcber alle Details des Fahrzeugs informieren, sowie auf alle Fragen eingehen, die Sie m\u00f6glicherweise haben. Sie erhalten eine kurze Einf\u00fchrung in die Hauptfunktionen des Fahrzeugs, wie das Navigationssystem, die Klimaanlage und andere wichtige Einstellungen.<\/p>\n<p><span style=\"color: #0000ff;\"><strong>4. Fahrzeug\u00fcberpr\u00fcfung und \u00dcbergabe:<\/strong><\/span><\/p>\n<p>Vor Ihrer Abfahrt wird unser Vertreter mit Ihnen eine kurze Fahrzeuginspektion durchf\u00fchren, um sicherzustellen, dass alles in Ordnung ist. Dies umfasst eine visuelle Inspektion auf m\u00f6gliche Sch\u00e4den sowie eine \u00dcberpr\u00fcfung der wichtigsten Fahrzeugfunktionen.<\/p>\n<p>Sie erhalten die Schl\u00fcssel und alle notwendigen Fahrzeugdokumente und sind bereit, Ihre Reise zu beginnen! Stellen Sie sicher, dass Sie Ihren F\u00fchrerschein sowie einen Personalausweis oder Reisepass bei sich haben, da diese Dokumente bei der \u00dcbergabe m\u00f6glicherweise angefordert werden.<\/p>\n<h4 style=\"text-align: center;\"><strong><span style=\"color: #0000ff;\">Zus\u00e4tzliche Informationen:<\/span><\/strong><\/h4>\n<p><span style=\"color: #0000ff;\"><strong>24\/7 Unterst\u00fctzung:<\/strong><\/span><\/p>\n<p>Unser Team steht Ihnen rund um die Uhr zur Verf\u00fcgung, um Ihnen bei allen Anliegen w\u00e4hrend der Mietzeit zu helfen. Ob Sie Hilfe mit dem Fahrzeug ben\u00f6tigen oder Fragen zu Ihrer Route haben, Sie k\u00f6nnen uns jederzeit kontaktieren.<\/p>\n<p><span style=\"color: #0000ff;\"><strong>Sauberkeit und Sicherheit:<\/strong><\/span><\/p>\n<p>Alle unsere Fahrzeuge werden vor jeder Miete gr\u00fcndlich gereinigt und desinfiziert, um Ihre Gesundheit und Sicherheit zu gew\u00e4hrleisten. Besonders in der aktuellen Pandemie-Situation folgen wir strengen Hygienerichtlinien, um unsere Kunden zu sch\u00fctzen.<\/p>\n<p><span style=\"color: #0000ff;\"><strong>Flexible R\u00fcckgabem\u00f6glichkeiten:<\/strong><\/span><\/p>\n<p>Wir bieten flexible R\u00fcckgabem\u00f6glichkeiten, die an Ihre Bed\u00fcrfnisse angepasst sind. Sie k\u00f6nnen das Fahrzeug an einem anderen Ort als dem Abholpunkt zur\u00fcckgeben, nach vorheriger Absprache mit unserem Team. Dies erm\u00f6glicht es Ihnen, die Miete nach Ihren Pl\u00e4nen zu gestalten und mehr Flexibilit\u00e4t bei Ihren Reisen zu haben.<\/p>\n<p><span style=\"color: #0000ff;\"><strong>Zus\u00e4tzliche Dienstleistungen:<\/strong><\/span><\/p>\n<p>Bei CheapCarHireGreece bieten wir zus\u00e4tzliche Dienstleistungen an, um Ihr Erlebnis noch besser zu machen. Dazu geh\u00f6ren GPS-Ger\u00e4te f\u00fcr eine einfachere Navigation, Kindersitze f\u00fcr die Sicherheit Ihrer Kinder und zus\u00e4tzliche Fahrer, wenn Sie diese ben\u00f6tigen. Diese Dienstleistungen k\u00f6nnen bei der Buchung hinzugef\u00fcgt oder sogar kurzfristig je nach Verf\u00fcgbarkeit angefordert werden.<\/p>\n<p><span style=\"color: #0000ff;\"><strong>Fahrtipps f\u00fcr Griechenland:<\/strong><\/span><\/p>\n<p>Wenn es das erste Mal ist, dass Sie in Griechenland fahren, bieten wir Ihnen einige n\u00fctzliche Tipps. Das Fahren in Griechenland kann sich von dem in Ihrem Heimatland unterscheiden, daher ist es wichtig, mit den lokalen Verkehrsregeln vertraut zu sein. Die Stra\u00dfen in Griechenland k\u00f6nnen eng und manchmal anspruchsvoll sein, daher empfehlen wir, besonders<\/p>\n<\/div><\/div><\/div><\/div><\/div>\n","protected":false},"excerpt":{"rendered":"","protected":false},"author":1,"featured_media":0,"parent":0,"menu_order":0,"comment_status":"closed","ping_status":"closed","template":"100-width.php","meta":{"footnotes":""},"class_list":["post-12282","page","type-page","status-publish","hentry"],"_links":{"self":[{"href":"https:\/\/cheapcarhiregreece.com\/de\/wp-json\/wp\/v2\/pages\/12282","targetHints":{"allow":["GET"]}}],"collection":[{"href":"https:\/\/cheapcarhiregreece.com\/de\/wp-json\/wp\/v2\/pages"}],"about":[{"href":"https:\/\/cheapcarhiregreece.com\/de\/wp-json\/wp\/v2\/types\/page"}],"author":[{"embeddable":true,"href":"https:\/\/cheapcarhiregreece.com\/de\/wp-json\/wp\/v2\/users\/1"}],"replies":[{"embeddable":true,"href":"https:\/\/cheapcarhiregreece.com\/de\/wp-json\/wp\/v2\/comments?post=12282"}],"version-history":[{"count":2,"href":"https:\/\/cheapcarhiregreece.com\/de\/wp-json\/wp\/v2\/pages\/12282\/revisions"}],"predecessor-version":[{"id":12285,"href":"https:\/\/cheapcarhiregreece.com\/de\/wp-json\/wp\/v2\/pages\/12282\/revisions\/12285"}],"wp:attachment":[{"href":"https:\/\/cheapcarhiregreece.com\/de\/wp-json\/wp\/v2\/media?parent=12282"}],"curies":[{"name":"wp","href":"https:\/\/api.w.org\/{rel}","templated":true}]}}