{"id":12286,"date":"2024-08-06T17:40:54","date_gmt":"2024-08-06T14:40:54","guid":{"rendered":"https:\/\/cheapcarhiregreece.com\/?page_id=12286"},"modified":"2024-12-21T14:04:05","modified_gmt":"2024-12-21T12:04:05","slug":"lieferung-abholung-thessaloniki-center","status":"publish","type":"page","link":"https:\/\/cheapcarhiregreece.com\/de\/lieferung-abholung-thessaloniki-center\/","title":{"rendered":"Lieferung Abholung Thessaloniki Center Angelaki 15"},"content":{"rendered":"<div class=\"fusion-fullwidth fullwidth-box fusion-builder-row-1 fusion-flex-container has-pattern-background has-mask-background nonhundred-percent-fullwidth non-hundred-percent-height-scrolling\" style=\"--awb-border-radius-top-left:0px;--awb-border-radius-top-right:0px;--awb-border-radius-bottom-right:0px;--awb-border-radius-bottom-left:0px;--awb-flex-wrap:wrap;\" ><div class=\"fusion-builder-row fusion-row fusion-flex-align-items-flex-start fusion-flex-content-wrap\" style=\"max-width:1320.8px;margin-left: calc(-4% \/ 2 );margin-right: calc(-4% \/ 2 );\"><div class=\"fusion-layout-column fusion_builder_column fusion-builder-column-0 fusion_builder_column_1_1 1_1 fusion-flex-column\" style=\"--awb-bg-size:cover;--awb-width-large:100%;--awb-margin-top-large:0px;--awb-spacing-right-large:1.92%;--awb-margin-bottom-large:20px;--awb-spacing-left-large:1.92%;--awb-width-medium:100%;--awb-order-medium:0;--awb-spacing-right-medium:1.92%;--awb-spacing-left-medium:1.92%;--awb-width-small:100%;--awb-order-small:0;--awb-spacing-right-small:1.92%;--awb-spacing-left-small:1.92%;\"><div class=\"fusion-column-wrapper fusion-column-has-shadow fusion-flex-justify-content-flex-start fusion-content-layout-column\"><div class=\"fusion-image-element \" style=\"--awb-caption-title-font-family:var(--h2_typography-font-family);--awb-caption-title-font-weight:var(--h2_typography-font-weight);--awb-caption-title-font-style:var(--h2_typography-font-style);--awb-caption-title-size:var(--h2_typography-font-size);--awb-caption-title-transform:var(--h2_typography-text-transform);--awb-caption-title-line-height:var(--h2_typography-line-height);--awb-caption-title-letter-spacing:var(--h2_typography-letter-spacing);\"><span class=\" fusion-imageframe imageframe-none imageframe-1 hover-type-none\"><img decoding=\"async\" width=\"1800\" height=\"500\" title=\"\u0398\u03b5\u03c3\u03c3\u03b1\u03bb\u03bf\u03bd\u03af\u03ba\u03b7 \u039a\u03ad\u03bd\u03c4\u03c1\u03bf\" src=\"https:\/\/cheapcarhiregreece.com\/wp-content\/uploads\/2024\/08\/3838383-\u03b1\u03b3\u03b3\u03b5\u03bb.jpg\" alt class=\"img-responsive wp-image-12287\" srcset=\"https:\/\/cheapcarhiregreece.com\/wp-content\/uploads\/2024\/08\/3838383-\u03b1\u03b3\u03b3\u03b5\u03bb-200x56.jpg 200w, https:\/\/cheapcarhiregreece.com\/wp-content\/uploads\/2024\/08\/3838383-\u03b1\u03b3\u03b3\u03b5\u03bb-400x111.jpg 400w, https:\/\/cheapcarhiregreece.com\/wp-content\/uploads\/2024\/08\/3838383-\u03b1\u03b3\u03b3\u03b5\u03bb-600x167.jpg 600w, https:\/\/cheapcarhiregreece.com\/wp-content\/uploads\/2024\/08\/3838383-\u03b1\u03b3\u03b3\u03b5\u03bb-800x222.jpg 800w, https:\/\/cheapcarhiregreece.com\/wp-content\/uploads\/2024\/08\/3838383-\u03b1\u03b3\u03b3\u03b5\u03bb-1200x333.jpg 1200w, https:\/\/cheapcarhiregreece.com\/wp-content\/uploads\/2024\/08\/3838383-\u03b1\u03b3\u03b3\u03b5\u03bb.jpg 1800w\" sizes=\"(max-width: 640px) 100vw, 1800px\" \/><\/span><\/div><div class=\"fusion-text fusion-text-1\"><h3 style=\"text-align: center;\"><span style=\"color: #0000ff;\">Abholung und R\u00fcckgabe des Fahrzeugs Thessaloniki Zentrum Angelaki 17 (+30 2310 700 2 300)<\/span><\/h3>\n<p>F\u00fcr die Abholung und R\u00fcckgabe Ihres Mietwagens an unserem B\u00fcro im Zentrum von Thessaloniki in der <a href=\"https:\/\/maps.app.goo.gl\/Fe5uTR3sdu8fqYEa8\" target=\"_blank\" rel=\"noopener\">Angelaki 17<\/a>, folgen Sie bitte den untenstehenden Schritten:<\/p>\n<ol>\n<li><span style=\"color: #0000ff;\"><strong>Kontaktaufnahme mit der Autovermietung:<\/strong><\/span>\n<ul>\n<li><a href=\"https:\/\/cheapcarhiregreece.com\/%ce%b5%cf%80%ce%b9%ce%ba%ce%bf%ce%b9%ce%bd%cf%89%ce%bd%ce%af%ce%b1\/\">Rufen Sie<\/a> das Autovermietungsunternehmen an, um Ihnen mitzuteilen, dass Sie das Fahrzeug an unserem B\u00fcro abholen und zur\u00fcckgeben m\u00f6chten.<\/li>\n<li>Geben Sie ihnen die genaue Adresse: <a href=\"https:\/\/maps.app.goo.gl\/Fe5uTR3sdu8fqYEa8\" target=\"_blank\" rel=\"noopener\">Angelaki 17<\/a>, Thessaloniki.<\/li>\n<\/ul>\n<\/li>\n<li><span style=\"color: #0000ff;\"><strong>Best\u00e4tigung der Buchungsdetails:<\/strong><\/span>\n<ul>\n<li>Best\u00e4tigen Sie das Datum und die Uhrzeit der Abholung und R\u00fcckgabe.<\/li>\n<li>Stellen Sie sicher, dass alle Buchungsdetails korrekt erfasst wurden.<\/li>\n<\/ul>\n<\/li>\n<li><span style=\"color: #0000ff;\"><strong>Vorbereitung f\u00fcr die Abholung:<\/strong><\/span>\n<ul>\n<li>Haben Sie alle erforderlichen Dokumente dabei, wie Ihren Personalausweis oder Reisepass, Ihren F\u00fchrerschein und Ihre Kreditkarte.<\/li>\n<li>Stellen Sie sicher, dass Sie mit den Mietbedingungen vertraut sind.<\/li>\n<\/ul>\n<\/li>\n<li><span style=\"color: #0000ff;\"><strong>Abholung des Fahrzeugs:<\/strong><\/span>\n<ul>\n<li>Treffen Sie sich mit dem Vertreter der Firma an der Adresse <a href=\"https:\/\/maps.app.goo.gl\/Fe5uTR3sdu8fqYEa8\" target=\"_blank\" rel=\"noopener\">Angelaki 17<\/a>.<\/li>\n<li>\u00dcberpr\u00fcfen Sie das Fahrzeug auf m\u00f6gliche Sch\u00e4den, bevor Sie es abholen, und vermerken Sie etwaige bestehende Sch\u00e4den im Mietvertrag.<\/li>\n<\/ul>\n<\/li>\n<li><span style=\"color: #0000ff;\"><strong>W\u00e4hrend der Mietdauer:<\/strong><\/span>\n<ul>\n<li>Halten Sie sich an die Verkehrsregeln und die Anweisungen der Autovermietung.<\/li>\n<li>Informieren Sie das Unternehmen im Falle eines Unfalls oder eines Problems mit dem Fahrzeug.<\/li>\n<\/ul>\n<\/li>\n<li><span style=\"color: #0000ff;\"><strong>R\u00fcckgabe des Fahrzeugs:<\/strong><\/span>\n<ul>\n<li>Stellen Sie sicher, dass das Fahrzeug in dem Zustand zur\u00fcckgegeben wird, in dem Sie es erhalten haben.<\/li>\n<li>Treffen Sie sich mit dem Vertreter der Firma an der Adresse Angelaki 17, um das Fahrzeug zur\u00fcckzugeben.<\/li>\n<li>F\u00fchren Sie eine abschlie\u00dfende Inspektion des Fahrzeugs zusammen mit dem Vertreter durch, um sicherzustellen, dass alles in Ordnung ist.<\/li>\n<\/ul>\n<\/li>\n<\/ol>\n<p>Wenn Sie diese Schritte befolgen, wird die Abholung und R\u00fcckgabe Ihres Mietwagens problemlos und einfach sein.<\/p>\n<div style=\"text-align: center;\"><\/div>\n<\/div><\/div><\/div><\/div><\/div>\n","protected":false},"excerpt":{"rendered":"","protected":false},"author":1,"featured_media":0,"parent":0,"menu_order":0,"comment_status":"closed","ping_status":"closed","template":"100-width.php","meta":{"footnotes":""},"class_list":["post-12286","page","type-page","status-publish","hentry"],"_links":{"self":[{"href":"https:\/\/cheapcarhiregreece.com\/de\/wp-json\/wp\/v2\/pages\/12286","targetHints":{"allow":["GET"]}}],"collection":[{"href":"https:\/\/cheapcarhiregreece.com\/de\/wp-json\/wp\/v2\/pages"}],"about":[{"href":"https:\/\/cheapcarhiregreece.com\/de\/wp-json\/wp\/v2\/types\/page"}],"author":[{"embeddable":true,"href":"https:\/\/cheapcarhiregreece.com\/de\/wp-json\/wp\/v2\/users\/1"}],"replies":[{"embeddable":true,"href":"https:\/\/cheapcarhiregreece.com\/de\/wp-json\/wp\/v2\/comments?post=12286"}],"version-history":[{"count":2,"href":"https:\/\/cheapcarhiregreece.com\/de\/wp-json\/wp\/v2\/pages\/12286\/revisions"}],"predecessor-version":[{"id":12289,"href":"https:\/\/cheapcarhiregreece.com\/de\/wp-json\/wp\/v2\/pages\/12286\/revisions\/12289"}],"wp:attachment":[{"href":"https:\/\/cheapcarhiregreece.com\/de\/wp-json\/wp\/v2\/media?parent=12286"}],"curies":[{"name":"wp","href":"https:\/\/api.w.org\/{rel}","templated":true}]}}