{"id":12290,"date":"2024-11-16T18:54:20","date_gmt":"2024-11-16T16:54:20","guid":{"rendered":"https:\/\/cheapcarhiregreece.com\/?page_id=12290"},"modified":"2024-12-21T14:06:00","modified_gmt":"2024-12-21T12:06:00","slug":"lieferung-und-abholung-von-autos-bei-ose","status":"publish","type":"page","link":"https:\/\/cheapcarhiregreece.com\/de\/lieferung-und-abholung-von-autos-bei-ose\/","title":{"rendered":"Lieferung und Abholung von Autos bei OSE Thessaloniki"},"content":{"rendered":"<div class=\"fusion-fullwidth fullwidth-box fusion-builder-row-1 fusion-flex-container has-pattern-background has-mask-background nonhundred-percent-fullwidth non-hundred-percent-height-scrolling\" style=\"--awb-border-radius-top-left:0px;--awb-border-radius-top-right:0px;--awb-border-radius-bottom-right:0px;--awb-border-radius-bottom-left:0px;--awb-flex-wrap:wrap;\" ><div class=\"fusion-builder-row fusion-row fusion-flex-align-items-flex-start fusion-flex-content-wrap\" style=\"max-width:1320.8px;margin-left: calc(-4% \/ 2 );margin-right: calc(-4% \/ 2 );\"><div class=\"fusion-layout-column fusion_builder_column fusion-builder-column-0 fusion_builder_column_1_1 1_1 fusion-flex-column\" style=\"--awb-bg-size:cover;--awb-width-large:100%;--awb-margin-top-large:0px;--awb-spacing-right-large:1.92%;--awb-margin-bottom-large:20px;--awb-spacing-left-large:1.92%;--awb-width-medium:100%;--awb-order-medium:0;--awb-spacing-right-medium:1.92%;--awb-spacing-left-medium:1.92%;--awb-width-small:100%;--awb-order-small:0;--awb-spacing-right-small:1.92%;--awb-spacing-left-small:1.92%;\"><div class=\"fusion-column-wrapper fusion-column-has-shadow fusion-flex-justify-content-flex-start fusion-content-layout-column\"><div class=\"fusion-image-element \" style=\"text-align:center;--awb-caption-title-font-family:var(--h2_typography-font-family);--awb-caption-title-font-weight:var(--h2_typography-font-weight);--awb-caption-title-font-style:var(--h2_typography-font-style);--awb-caption-title-size:var(--h2_typography-font-size);--awb-caption-title-transform:var(--h2_typography-text-transform);--awb-caption-title-line-height:var(--h2_typography-line-height);--awb-caption-title-letter-spacing:var(--h2_typography-letter-spacing);\"><span class=\" fusion-imageframe imageframe-none imageframe-1 hover-type-none\"><img decoding=\"async\" width=\"1200\" height=\"600\" alt=\"\u03a0\u03b1\u03c1\u03ac\u03b4\u03bf\u03c3\u03b7 \u03ba\u03b1\u03b9 \u03a0\u03b1\u03c1\u03b1\u03bb\u03b1\u03b2\u03ae \u0391\u03c5\u03c4\u03bf\u03ba\u03b9\u03bd\u03ae\u03c4\u03c9\u03bd \u03c3\u03c4\u03bf\u03bd \u039f\u03a3\u0395 \u0398\u03b5\u03c3\u03c3\u03b1\u03bb\u03bf\u03bd\u03af\u03ba\u03b7\u03c2\" src=\"https:\/\/cheapcarhiregreece.com\/wp-content\/uploads\/2024\/11\/\u039f\u03a3\u0395-1200x600.jpg\" class=\"img-responsive wp-image-11656\" srcset=\"https:\/\/cheapcarhiregreece.com\/wp-content\/uploads\/2024\/11\/\u039f\u03a3\u0395-200x100.jpg 200w, https:\/\/cheapcarhiregreece.com\/wp-content\/uploads\/2024\/11\/\u039f\u03a3\u0395-400x200.jpg 400w, https:\/\/cheapcarhiregreece.com\/wp-content\/uploads\/2024\/11\/\u039f\u03a3\u0395-600x300.jpg 600w, https:\/\/cheapcarhiregreece.com\/wp-content\/uploads\/2024\/11\/\u039f\u03a3\u0395-800x400.jpg 800w, https:\/\/cheapcarhiregreece.com\/wp-content\/uploads\/2024\/11\/\u039f\u03a3\u0395-1200x600.jpg 1200w, https:\/\/cheapcarhiregreece.com\/wp-content\/uploads\/2024\/11\/\u039f\u03a3\u0395.jpg 1500w\" sizes=\"(max-width: 640px) 100vw, 1200px\" \/><\/span><\/div><div class=\"fusion-text fusion-text-1\"><h2 style=\"text-align: center;\"><strong><span style=\"color: #0000ff;\">Fahrzeugabholung und -r\u00fcckgabe am OSE Thessaloniki mit CheapCarHireGreece: Komfort und Bequemlichkeit f\u00fcr Ihre Reisen<\/span><\/strong><\/h2>\n<p>Der OSE-Bahnhof Thessaloniki ist einer der wichtigsten Bahnh\u00f6fe Griechenlands und bedient t\u00e4glich Tausende von Reisenden. Ob Sie nach Thessaloniki kommen, um gesch\u00e4ftlich zu arbeiten oder die wundersch\u00f6ne Nordgriechenland zu erkunden, die Notwendigkeit einer schnellen, bequemen und kosteng\u00fcnstigen Fortbewegung ist entscheidend. Bei <a href=\"https:\/\/cheapcarhiregreece.com\/\"><strong>CheapCarHireGreece<\/strong><\/a> bieten wir einen spezialisierten <strong>Fahrzeugabhol- und R\u00fcckgabeservice am <a href=\"https:\/\/maps.app.goo.gl\/a2vWWSVYQQzr7Yx76\" target=\"_blank\" rel=\"noopener\">OSE Thessaloniki<\/a><\/strong>, der darauf ausgelegt ist, Ihre Reise so einfach und angenehm wie m\u00f6glich zu gestalten.<\/p>\n<p>Mit unserem Service sparen Sie wertvolle Zeit, vermeiden unn\u00f6tige Umst\u00e4nde und haben sofortigen Zugang zu einem Fahrzeug, genau wenn Sie es ben\u00f6tigen. Sehen wir uns im Detail an, warum dieser Service f\u00fcr jeden Reisenden unerl\u00e4sslich ist, der Thessaloniki und die umliegenden Regionen mit Leichtigkeit und Komfort erkunden m\u00f6chte.<\/p>\n<h3 style=\"text-align: center;\"><strong><span style=\"color: #0000ff;\">Was ist der Fahrzeugabhol-\/R\u00fcckgabeservice am OSE Thessaloniki?<\/span><\/strong><\/h3>\n<p>Unser Service erm\u00f6glicht es Ihnen, Ihr Mietfahrzeug direkt am OSE-Bahnhof Thessaloniki bei Ihrer Ankunft abzuholen, ohne unn\u00f6tige Verz\u00f6gerungen oder Umwege. Gleichzeitig k\u00f6nnen Sie das Fahrzeug bei Abschluss Ihrer Reise entweder am gleichen Bahnhof oder an einem anderen Punkt, den wir bedienen, zur\u00fcckgeben.<\/p>\n<p>Das bedeutet, dass <a href=\"https:\/\/cheapcarhiregreece.com\/\"><strong>CheapCarHireGreece<\/strong><\/a> Ihnen Komfort, schnelle Bedienung und vollst\u00e4ndige Anpassung an Ihre Bed\u00fcrfnisse garantiert. Ob Sie alleine reisen, mit Ihrer Familie oder mit einem Team von Kollegen, dieser Service spart Ihnen Unannehmlichkeiten und bietet Flexibilit\u00e4t und Komfort.<\/p>\n<h3 style=\"text-align: center;\"><span style=\"color: #0000ff;\"><strong>Wie funktioniert unser Service am OSE Thessaloniki?<\/strong><\/span><\/h3>\n<p>Der Prozess ist einfach und benutzerfreundlich:<\/p>\n<ol>\n<li><strong><span style=\"color: #0000ff;\">Fahrzeugbuchung<\/span>:<\/strong> Bei der Online-Buchung auf unserer Website w\u00e4hlen Sie einfach die Option \u201eFahrzeugabholung\/R\u00fcckgabe am OSE Thessaloniki\u201c. Geben Sie uns die genaue Ankunftszeit und den Zug, den Sie nehmen, an.<\/li>\n<li><strong><span style=\"color: #0000ff;\">Fahrzeugabholung am Bahnhof<\/span>:<\/strong> Am Tag Ihrer Ankunft wird ein Mitarbeiter von uns am OSE-Bahnhof Thessaloniki mit dem von Ihnen gew\u00e4hlten Fahrzeug auf Sie warten. Alle erforderlichen Dokumente werden bereit sein, um die Abholung in wenigen Minuten abzuschlie\u00dfen.<\/li>\n<li><strong><span style=\"color: #0000ff;\">Flexibilit\u00e4t bei der R\u00fcckgabe<\/span>:<\/strong> Nach Beendigung Ihrer Reise k\u00f6nnen Sie das Fahrzeug entweder am OSE Thessaloniki oder an einem anderen f\u00fcr Sie g\u00fcnstigen Ort zur\u00fcckgeben.<\/li>\n<\/ol>\n<p>Unser Service ist so gestaltet, dass er einfach, schnell und ohne unn\u00f6tige Verfahren ist, sodass Sie Ihre Reise problemlos beginnen und abschlie\u00dfen k\u00f6nnen.<\/p>\n<h3 style=\"text-align: center;\"><span style=\"color: #0000ff;\"><strong>Vorteile der Fahrzeugabholung und -r\u00fcckgabe am OSE Thessaloniki<\/strong><\/span><\/h3>\n<ol>\n<li><strong><span style=\"color: #0000ff;\">Komfort und Bequemlichkeit<\/span>:<\/strong> Ihr Fahrzeug wartet direkt am Bahnhof auf Sie und ist sofort nach Ihrer Ankunft bereit zur Nutzung.<\/li>\n<li><strong><span style=\"color: #0000ff;\">Zeitersparnis<\/span>:<\/strong> Sie m\u00fcssen kein Taxi suchen oder zu einem Autovermietungsb\u00fcro fahren.<\/li>\n<li><strong><span style=\"color: #0000ff;\">Flexibilit\u00e4t bei der Fahrzeugwahl<\/span>:<\/strong> Vom Economy-Modell bis hin zu gr\u00f6\u00dferen Familienautos und SUVs bieten wir Fahrzeuge f\u00fcr jeden Bedarf.<\/li>\n<li><strong><span style=\"color: #0000ff;\">Erschwingliche Preise<\/span>:<\/strong> Unsere Dienstleistungen sind kosteng\u00fcnstig und bieten das beste Preis-Leistungs-Verh\u00e4ltnis.<\/li>\n<li><strong><span style=\"color: #0000ff;\">Professioneller Service<\/span>:<\/strong> Unser Personal ist stets bereit, Ihnen mit Professionalit\u00e4t und Freundlichkeit zu helfen.<\/li>\n<\/ol>\n<h3 style=\"text-align: center;\"><span style=\"color: #0000ff;\"><strong>Warum der OSE Thessaloniki der ideale Ausgangspunkt ist<\/strong><\/span><\/h3>\n<p>Der <a href=\"https:\/\/maps.app.goo.gl\/a2vWWSVYQQzr7Yx76\" target=\"_blank\" rel=\"noopener\">OSE-Bahnhof Thessaloniki<\/a> liegt in einer strategischen Lage und erm\u00f6glicht es Ihnen, Ihre Reise zu verschiedenen Zielen zu beginnen:<\/p>\n<ul>\n<li><strong><span style=\"color: #0000ff;\">Zentrum von Thessaloniki<\/span>:<\/strong> In wenigen Minuten k\u00f6nnen Sie das historische Zentrum der Stadt, den Wei\u00dfen Turm, die Rotonda und die Oberstadt erkunden.<\/li>\n<li><strong><span style=\"color: #0000ff;\">Chalkidiki<\/span>:<\/strong> Der Zugang zu den malerischen Str\u00e4nden und D\u00f6rfern von Chalkidiki wird mit Ihrem eigenen Fahrzeug viel einfacher.<\/li>\n<li><strong><span style=\"color: #0000ff;\">Olymp und Pieria<\/span>:<\/strong> Natur- und Abenteuerliebhaber k\u00f6nnen sich in den Olymp begeben, um zu wandern oder einfach die sch\u00f6nen Str\u00e4nde von Pieria zu genie\u00dfen.<\/li>\n<li><strong><span style=\"color: #0000ff;\">Vergina und Pella<\/span>:<\/strong> Entdecken Sie die arch\u00e4ologischen St\u00e4tten und die lange Geschichte Makedoniens.<\/li>\n<li><strong><span style=\"color: #0000ff;\">Kavala und Drama<\/span>:<\/strong> Lassen Sie sich von den K\u00fcstenst\u00e4dten verzaubern und erkunden Sie die Sch\u00f6nheit der Ostmakedonien.<\/li>\n<\/ul>\n<p>Thessaloniki ist der ideale Ausgangspunkt, um Nordgriechenland und das restliche Land zu erkunden, und <strong>CheapCarHireGreece<\/strong> hilft Ihnen, dies mit Leichtigkeit zu tun.<\/p>\n<h3 style=\"text-align: center;\"><span style=\"color: #0000ff;\"><strong>Warum CheapCarHireGreece w\u00e4hlen?<\/strong><\/span><\/h3>\n<ol>\n<li><strong><span style=\"color: #0000ff;\">Langj\u00e4hrige Erfahrung<\/span>:<\/strong> Mit jahrelanger Erfahrung im Bereich der Autovermietung wissen wir, was Reisende brauchen.<\/li>\n<li><strong><span style=\"color: #0000ff;\">Gro\u00dfe Fahrzeugauswahl<\/span>:<\/strong> Von kleinen Economy-Modellen bis hin zu Luxusfahrzeugen bieten wir Optionen f\u00fcr jede Pr\u00e4ferenz.<\/li>\n<li><strong><span style=\"color: #0000ff;\">Preistransparenz<\/span>:<\/strong> Keine versteckten Geb\u00fchren, Sie zahlen nur das, was wir vereinbart haben.<\/li>\n<li><strong><span style=\"color: #0000ff;\">Kundenservice<\/span>:<\/strong> Unser Team steht Ihnen f\u00fcr jegliche Hilfe oder Informationen zur Verf\u00fcgung.<\/li>\n<\/ol>\n<p>Ob Sie f\u00fcr ein kurzes Gesch\u00e4ftstreffen ankommen oder Nordgriechenland erkunden m\u00f6chten, der <strong>Fahrzeugabhol- und -r\u00fcckgabeservice am OSE Thessaloniki<\/strong> bietet Ihnen die ideale M\u00f6glichkeit, Ihre Reise ohne Verz\u00f6gerungen zu beginnen.<\/p>\n<h2 style=\"text-align: center;\"><span style=\"background-color: blue; color: white; border: 10px solid 0a85ff;\"><strong>F\u00fcr Buchungen kontaktieren Sie uns telefonisch unter +30 2317 00 2300!!<\/strong><\/span><\/h2>\n<\/div><\/div><\/div><\/div><\/div>\n","protected":false},"excerpt":{"rendered":"","protected":false},"author":1,"featured_media":0,"parent":0,"menu_order":0,"comment_status":"closed","ping_status":"closed","template":"100-width.php","meta":{"footnotes":""},"class_list":["post-12290","page","type-page","status-publish","hentry"],"_links":{"self":[{"href":"https:\/\/cheapcarhiregreece.com\/de\/wp-json\/wp\/v2\/pages\/12290","targetHints":{"allow":["GET"]}}],"collection":[{"href":"https:\/\/cheapcarhiregreece.com\/de\/wp-json\/wp\/v2\/pages"}],"about":[{"href":"https:\/\/cheapcarhiregreece.com\/de\/wp-json\/wp\/v2\/types\/page"}],"author":[{"embeddable":true,"href":"https:\/\/cheapcarhiregreece.com\/de\/wp-json\/wp\/v2\/users\/1"}],"replies":[{"embeddable":true,"href":"https:\/\/cheapcarhiregreece.com\/de\/wp-json\/wp\/v2\/comments?post=12290"}],"version-history":[{"count":2,"href":"https:\/\/cheapcarhiregreece.com\/de\/wp-json\/wp\/v2\/pages\/12290\/revisions"}],"predecessor-version":[{"id":12292,"href":"https:\/\/cheapcarhiregreece.com\/de\/wp-json\/wp\/v2\/pages\/12290\/revisions\/12292"}],"wp:attachment":[{"href":"https:\/\/cheapcarhiregreece.com\/de\/wp-json\/wp\/v2\/media?parent=12290"}],"curies":[{"name":"wp","href":"https:\/\/api.w.org\/{rel}","templated":true}]}}