{"id":12293,"date":"2024-11-16T19:10:06","date_gmt":"2024-11-16T17:10:06","guid":{"rendered":"https:\/\/cheapcarhiregreece.com\/?page_id=12293"},"modified":"2024-12-21T14:08:06","modified_gmt":"2024-12-21T12:08:06","slug":"lieferung-und-abholung-von-autos-bei-ktel-mazedonien","status":"publish","type":"page","link":"https:\/\/cheapcarhiregreece.com\/de\/lieferung-und-abholung-von-autos-bei-ktel-mazedonien\/","title":{"rendered":"Lieferung und Abholung von Autos bei KTEL Mazedonien"},"content":{"rendered":"<div class=\"fusion-fullwidth fullwidth-box fusion-builder-row-1 fusion-flex-container has-pattern-background has-mask-background nonhundred-percent-fullwidth non-hundred-percent-height-scrolling\" style=\"--awb-border-radius-top-left:0px;--awb-border-radius-top-right:0px;--awb-border-radius-bottom-right:0px;--awb-border-radius-bottom-left:0px;--awb-flex-wrap:wrap;\" ><div class=\"fusion-builder-row fusion-row fusion-flex-align-items-flex-start fusion-flex-content-wrap\" style=\"max-width:1320.8px;margin-left: calc(-4% \/ 2 );margin-right: calc(-4% \/ 2 );\"><div class=\"fusion-layout-column fusion_builder_column fusion-builder-column-0 fusion_builder_column_1_1 1_1 fusion-flex-column\" style=\"--awb-bg-size:cover;--awb-width-large:100%;--awb-margin-top-large:0px;--awb-spacing-right-large:1.92%;--awb-margin-bottom-large:20px;--awb-spacing-left-large:1.92%;--awb-width-medium:100%;--awb-order-medium:0;--awb-spacing-right-medium:1.92%;--awb-spacing-left-medium:1.92%;--awb-width-small:100%;--awb-order-small:0;--awb-spacing-right-small:1.92%;--awb-spacing-left-small:1.92%;\"><div class=\"fusion-column-wrapper fusion-column-has-shadow fusion-flex-justify-content-flex-start fusion-content-layout-column\"><div class=\"fusion-image-element \" style=\"text-align:center;--awb-caption-title-font-family:var(--h2_typography-font-family);--awb-caption-title-font-weight:var(--h2_typography-font-weight);--awb-caption-title-font-style:var(--h2_typography-font-style);--awb-caption-title-size:var(--h2_typography-font-size);--awb-caption-title-transform:var(--h2_typography-text-transform);--awb-caption-title-line-height:var(--h2_typography-line-height);--awb-caption-title-letter-spacing:var(--h2_typography-letter-spacing);\"><span class=\" fusion-imageframe imageframe-none imageframe-1 hover-type-none\"><img decoding=\"async\" width=\"1200\" height=\"600\" title=\"kteal\" src=\"https:\/\/cheapcarhiregreece.com\/wp-content\/uploads\/2024\/11\/kteal-1200x600.jpg\" alt class=\"img-responsive wp-image-12212\" srcset=\"https:\/\/cheapcarhiregreece.com\/wp-content\/uploads\/2024\/11\/kteal-200x100.jpg 200w, https:\/\/cheapcarhiregreece.com\/wp-content\/uploads\/2024\/11\/kteal-400x200.jpg 400w, https:\/\/cheapcarhiregreece.com\/wp-content\/uploads\/2024\/11\/kteal-600x300.jpg 600w, https:\/\/cheapcarhiregreece.com\/wp-content\/uploads\/2024\/11\/kteal-800x400.jpg 800w, https:\/\/cheapcarhiregreece.com\/wp-content\/uploads\/2024\/11\/kteal-1200x600.jpg 1200w, https:\/\/cheapcarhiregreece.com\/wp-content\/uploads\/2024\/11\/kteal.jpg 1500w\" sizes=\"(max-width: 640px) 100vw, 1200px\" \/><\/span><\/div><div class=\"fusion-text fusion-text-1\"><h2 style=\"text-align: center;\"><span style=\"color: #0000ff;\"><strong>Livraison et Retrait de Voitures au KTEL Mac\u00e9doine avec CheapCarHireGreece : Facilit\u00e9 et Confort pour vos Voyages<\/strong><\/span><\/h2>\n<p>Le KTEL Mac\u00e9doine \u00e0 Thessalonique est l&#8217;un des n\u0153uds de transport les plus importants pour les voyageurs souhaitant explorer le nord de la Gr\u00e8ce et au-del\u00e0. Le KTEL Mac\u00e9doine relie Thessalonique \u00e0 de nombreuses villes du nord de la Gr\u00e8ce et offre un acc\u00e8s aux destinations touristiques populaires. Si vous arrivez en ville via le KTEL, <strong>CheapCarHireGreece<\/strong> propose la solution id\u00e9ale pour commencer votre voyage avec confort et facilit\u00e9 : le service de <strong>livraison et de retrait de voitures au KTEL Mac\u00e9doine<\/strong>.<\/p>\n<p>Avec notre service, vous pouvez r\u00e9cup\u00e9rer la voiture de votre choix directement au KTEL Mac\u00e9doine, sans avoir \u00e0 vous d\u00e9placer ailleurs en ville ou chercher un taxi. Nous nous occupons de vous livrer le v\u00e9hicule d\u00e8s votre arriv\u00e9e, vous permettant de gagner un temps pr\u00e9cieux et de commencer imm\u00e9diatement votre aventure \u00e0 Thessalonique ou dans les environs.<\/p>\n<h3 style=\"text-align: center;\"><span style=\"color: #0000ff;\"><strong>Comment fonctionne le service de livraison\/retrait de voiture au KTEL Mac\u00e9doine<\/strong><\/span><\/h3>\n<p>Le processus est simple et rapide :<\/p>\n<ol>\n<li><strong>R\u00e9servation de voiture :<\/strong> Visitez notre site web ou contactez-nous par t\u00e9l\u00e9phone pour r\u00e9server la voiture de votre choix, en choisissant le service de <strong>livraison\/retrait au KTEL Mac\u00e9doine<\/strong>. Merci de nous informer de l&#8217;heure d&#8217;arriv\u00e9e de votre bus.<\/li>\n<li><strong>Livraison de la voiture :<\/strong> Un de nos repr\u00e9sentants vous attendra au KTEL Mac\u00e9doine \u00e0 votre arriv\u00e9e avec la voiture que vous avez choisie. Tous les documents n\u00e9cessaires seront pr\u00eats pour que vous puissiez r\u00e9cup\u00e9rer le v\u00e9hicule en quelques minutes.<\/li>\n<li><strong>Retour de la voiture :<\/strong> Lorsque vous aurez termin\u00e9 votre voyage ou votre visite \u00e0 Thessalonique, vous pourrez retourner la voiture au KTEL Mac\u00e9doine ou dans tout autre endroit que nous desservons.<\/li>\n<\/ol>\n<p>Avec notre service, vous n&#8217;avez pas \u00e0 vous soucier de d\u00e9marches compliqu\u00e9es ou de retards. Nous sommes l\u00e0 pour rendre votre voyage plus facile et agr\u00e9able.<\/p>\n<h3 style=\"text-align: center;\"><span style=\"color: #0000ff;\"><strong>Avantages de la livraison et du retrait de voiture au KTEL Mac\u00e9doine<\/strong><\/span><\/h3>\n<ol>\n<li><strong>Livraison rapide et facile :<\/strong> Vous n&#8217;avez pas besoin de vous d\u00e9placer dans un autre endroit pour r\u00e9cup\u00e9rer votre voiture. Elle vous attendra au KTEL Mac\u00e9doine.<\/li>\n<li><strong>Gain de temps :<\/strong> Pas besoin d&#8217;attendre un taxi ou de chercher un bureau de location de voitures, vous pouvez continuer votre voyage imm\u00e9diatement.<\/li>\n<li><strong>Flexibilit\u00e9 des options :<\/strong> Des petites voitures \u00e9conomiques aux SUV plus grands ou mod\u00e8les de luxe, nous avons des v\u00e9hicules pour tous les besoins.<\/li>\n<li><strong>Prix abordables :<\/strong> Nos prix sont comp\u00e9titifs et sans frais cach\u00e9s, pour vous offrir le meilleur rapport qualit\u00e9-prix.<\/li>\n<li><strong>Service fiable :<\/strong> Notre personnel est toujours pr\u00eat \u00e0 vous aider et \u00e0 rendre votre exp\u00e9rience aussi agr\u00e9able et facile que possible.<\/li>\n<li><strong>Entretien et s\u00e9curit\u00e9 :<\/strong> Tous nos v\u00e9hicules sont en excellent \u00e9tat et s\u00fbrs, pour que vous puissiez profiter de vos d\u00e9placements sans souci.<\/li>\n<\/ol>\n<h3 style=\"text-align: center;\"><span style=\"color: #0000ff;\"><strong>Destinations \u00e0 explorer avec votre voiture<\/strong><\/span><\/h3>\n<p>Le KTEL Mac\u00e9doine est le point de d\u00e9part id\u00e9al pour explorer Thessalonique et ses environs. Que vous souhaitiez rester en ville ou voyager dans le nord de la Gr\u00e8ce, votre voiture vous offrira la libert\u00e9 de d\u00e9couvrir :<\/p>\n<ul>\n<li><strong>Le centre de Thessalonique :<\/strong> Explorez la ville, la Tour Blanche, la vieille ville, le port et les principales places de la ville avec confort et facilit\u00e9.<\/li>\n<li><strong>Chalcidique :<\/strong> Avec votre voiture, vous avez un acc\u00e8s direct aux plages et aux villages de la Chalcidique, comme Nikiti, Sithonia et Kallithea.<\/li>\n<li><strong>Le Mont Olympe :<\/strong> La voiture est le meilleur moyen d&#8217;explorer le Parc National de l&#8217;Olympe et ses sentiers de montagne.<\/li>\n<li><strong>Vergina et Pella :<\/strong> D\u00e9couvrez le site arch\u00e9ologique de Vergina, lieu de s\u00e9pulture des rois mac\u00e9doniens, et l&#8217;histoire riche de la r\u00e9gion.<\/li>\n<li><strong>Kavala et Drama :<\/strong> Avec votre voiture, vous pouvez facilement atteindre la belle ville de Kavala et les villages environnants, en profitant du paysage naturel et des plages.<\/li>\n<\/ul>\n<h3 style=\"text-align: center;\"><span style=\"color: #0000ff;\"><strong>Pourquoi choisir CheapCarHireGreece<\/strong><\/span><\/h3>\n<p>Chez <strong>CheapCarHireGreece<\/strong>, nous nous engageons \u00e0 offrir une exp\u00e9rience de location de voiture exceptionnelle et fiable. Que ce soit pour un voyage d&#8217;affaires ou des vacances, nous avons toutes les solutions dont vous avez besoin pour vous d\u00e9placer confortablement et rapidement.<\/p>\n<ol>\n<li><strong>Exp\u00e9rience et fiabilit\u00e9 :<\/strong> Avec des ann\u00e9es d&#8217;exp\u00e9rience dans le domaine de la location de voitures, nous savons comment servir correctement nos clients.<\/li>\n<li><strong>Large gamme de v\u00e9hicules :<\/strong> Des mod\u00e8les \u00e9conomiques aux voitures de luxe et SUV, nous couvrons tous vos besoins de transport.<\/li>\n<li><strong>Transparence des prix :<\/strong> Il n&#8217;y a pas de frais cach\u00e9s. Nos prix sont clairs et comp\u00e9titifs.<\/li>\n<li><strong>Entretien de qualit\u00e9 :<\/strong> Nos v\u00e9hicules sont enti\u00e8rement entretenus et s\u00fbrs pour votre voyage.<\/li>\n<li><strong>Excellent service :<\/strong> Notre \u00e9quipe est toujours pr\u00eate \u00e0 vous aider pour toute question ou besoin pendant votre location.<\/li>\n<\/ol>\n<h2 style=\"text-align: center;\"><span style=\"background-color: blue; color: white; border: 10px solid 0a85ff;\"><strong>Pour r\u00e9server, contactez-nou<br \/>\n<\/strong><\/span><\/h2>\n<\/div><\/div><\/div><\/div><\/div>\n","protected":false},"excerpt":{"rendered":"","protected":false},"author":1,"featured_media":0,"parent":0,"menu_order":0,"comment_status":"closed","ping_status":"closed","template":"100-width.php","meta":{"footnotes":""},"class_list":["post-12293","page","type-page","status-publish","hentry"],"_links":{"self":[{"href":"https:\/\/cheapcarhiregreece.com\/de\/wp-json\/wp\/v2\/pages\/12293","targetHints":{"allow":["GET"]}}],"collection":[{"href":"https:\/\/cheapcarhiregreece.com\/de\/wp-json\/wp\/v2\/pages"}],"about":[{"href":"https:\/\/cheapcarhiregreece.com\/de\/wp-json\/wp\/v2\/types\/page"}],"author":[{"embeddable":true,"href":"https:\/\/cheapcarhiregreece.com\/de\/wp-json\/wp\/v2\/users\/1"}],"replies":[{"embeddable":true,"href":"https:\/\/cheapcarhiregreece.com\/de\/wp-json\/wp\/v2\/comments?post=12293"}],"version-history":[{"count":2,"href":"https:\/\/cheapcarhiregreece.com\/de\/wp-json\/wp\/v2\/pages\/12293\/revisions"}],"predecessor-version":[{"id":12295,"href":"https:\/\/cheapcarhiregreece.com\/de\/wp-json\/wp\/v2\/pages\/12293\/revisions\/12295"}],"wp:attachment":[{"href":"https:\/\/cheapcarhiregreece.com\/de\/wp-json\/wp\/v2\/media?parent=12293"}],"curies":[{"name":"wp","href":"https:\/\/api.w.org\/{rel}","templated":true}]}}