{"id":12296,"date":"2024-08-12T18:47:38","date_gmt":"2024-08-12T15:47:38","guid":{"rendered":"https:\/\/cheapcarhiregreece.com\/?page_id=12296"},"modified":"2024-12-21T14:10:33","modified_gmt":"2024-12-21T12:10:33","slug":"guenstige-skg-mietwagen-am-flughafen-thessaloniki","status":"publish","type":"page","link":"https:\/\/cheapcarhiregreece.com\/de\/guenstige-skg-mietwagen-am-flughafen-thessaloniki\/","title":{"rendered":"G\u00fcnstige SKG-Mietwagen am Flughafen Thessaloniki"},"content":{"rendered":"<div class=\"fusion-fullwidth fullwidth-box fusion-builder-row-1 fusion-flex-container has-pattern-background has-mask-background nonhundred-percent-fullwidth non-hundred-percent-height-scrolling\" style=\"--awb-border-radius-top-left:0px;--awb-border-radius-top-right:0px;--awb-border-radius-bottom-right:0px;--awb-border-radius-bottom-left:0px;--awb-flex-wrap:wrap;\" ><div class=\"fusion-builder-row fusion-row fusion-flex-align-items-flex-start fusion-flex-content-wrap\" style=\"max-width:1320.8px;margin-left: calc(-4% \/ 2 );margin-right: calc(-4% \/ 2 );\"><div class=\"fusion-layout-column fusion_builder_column fusion-builder-column-0 fusion_builder_column_1_1 1_1 fusion-flex-column\" style=\"--awb-bg-size:cover;--awb-width-large:100%;--awb-margin-top-large:0px;--awb-spacing-right-large:1.92%;--awb-margin-bottom-large:20px;--awb-spacing-left-large:1.92%;--awb-width-medium:100%;--awb-order-medium:0;--awb-spacing-right-medium:1.92%;--awb-spacing-left-medium:1.92%;--awb-width-small:100%;--awb-order-small:0;--awb-spacing-right-small:1.92%;--awb-spacing-left-small:1.92%;\"><div class=\"fusion-column-wrapper fusion-column-has-shadow fusion-flex-justify-content-flex-start fusion-content-layout-column\"><div class=\"fusion-image-element \" style=\"text-align:center;--awb-caption-title-font-family:var(--h2_typography-font-family);--awb-caption-title-font-weight:var(--h2_typography-font-weight);--awb-caption-title-font-style:var(--h2_typography-font-style);--awb-caption-title-size:var(--h2_typography-font-size);--awb-caption-title-transform:var(--h2_typography-text-transform);--awb-caption-title-line-height:var(--h2_typography-line-height);--awb-caption-title-letter-spacing:var(--h2_typography-letter-spacing);\"><span class=\" fusion-imageframe imageframe-none imageframe-1 hover-type-none\"><img decoding=\"async\" width=\"1200\" height=\"600\" title=\"\u03a6\u03b8\u03b7\u03bd\u03ae \u0395\u03bd\u03bf\u03b9\u03ba\u03af\u03b1\u03c3\u03b7 \u03b1\u03c5\u03c4\u03bf\u03ba\u03b9\u03bd\u03ae\u03c4\u03bf\u03c5 skg \u03b1\u03b5\u03c1\u03bf\u03b4\u03c1\u03cc\u03bc\u03b9\u03bf \u0398\u03b5\u03c3\u03c3\u03b1\u03bb\u03bf\u03bd\u03af\u03ba\u03b7\u03c2\" src=\"https:\/\/cheapcarhiregreece.com\/wp-content\/uploads\/2024\/08\/\u03bc\u03b1\u03ba\u03b5\u03b4\u03bf\u03bd\u03b9\u03b1-1200x600.jpg\" alt class=\"img-responsive wp-image-12297\" srcset=\"https:\/\/cheapcarhiregreece.com\/wp-content\/uploads\/2024\/08\/\u03bc\u03b1\u03ba\u03b5\u03b4\u03bf\u03bd\u03b9\u03b1-200x100.jpg 200w, https:\/\/cheapcarhiregreece.com\/wp-content\/uploads\/2024\/08\/\u03bc\u03b1\u03ba\u03b5\u03b4\u03bf\u03bd\u03b9\u03b1-400x200.jpg 400w, https:\/\/cheapcarhiregreece.com\/wp-content\/uploads\/2024\/08\/\u03bc\u03b1\u03ba\u03b5\u03b4\u03bf\u03bd\u03b9\u03b1-600x300.jpg 600w, https:\/\/cheapcarhiregreece.com\/wp-content\/uploads\/2024\/08\/\u03bc\u03b1\u03ba\u03b5\u03b4\u03bf\u03bd\u03b9\u03b1-800x400.jpg 800w, https:\/\/cheapcarhiregreece.com\/wp-content\/uploads\/2024\/08\/\u03bc\u03b1\u03ba\u03b5\u03b4\u03bf\u03bd\u03b9\u03b1-1200x600.jpg 1200w, https:\/\/cheapcarhiregreece.com\/wp-content\/uploads\/2024\/08\/\u03bc\u03b1\u03ba\u03b5\u03b4\u03bf\u03bd\u03b9\u03b1.jpg 1500w\" sizes=\"(max-width: 640px) 100vw, 1200px\" \/><\/span><\/div><div class=\"fusion-text fusion-text-1\"><h1 style=\"text-align: center; color: #519ced;\">Location de voiture pas ch\u00e8re SKG <a href=\"https:\/\/maps.app.goo.gl\/rHWZtYGtmQNAbRst8\" target=\"_blank\" rel=\"noopener\">A\u00e9roport de Thessalonique Mac\u00e9doine<\/a><\/h1>\n<p>Thessalonique, la deuxi\u00e8me plus grande ville de Gr\u00e8ce et un point central pour ceux qui souhaitent explorer le nord de la Gr\u00e8ce, est une destination qui offre de nombreuses possibilit\u00e9s. Des monuments historiques et des \u00e9v\u00e9nements culturels aux quartiers cosmopolites et aux excursions \u00e0 proximit\u00e9, cette ville est le point de d\u00e9part id\u00e9al pour d\u00e9couvrir la r\u00e9gion. Cependant, pour profiter pleinement de tout ce que Thessalonique et ses environs ont \u00e0 offrir, il est important d\u2019avoir la libert\u00e9 de se d\u00e9placer facilement. C&#8217;est l\u00e0 que la location de voiture pas ch\u00e8re <a href=\"https:\/\/maps.app.goo.gl\/rHWZtYGtmQNAbRst8\" target=\"_blank\" rel=\"noopener\">\u00e0 l\u2019a\u00e9roport SKG Mac\u00e9doine<\/a> entre en jeu, avec <a href=\"https:\/\/cheapcarhiregreece.com\/\">CheapCarHireGreece<\/a>.<\/p>\n<h2 style=\"text-align: center; color: #519ced;\">Pourquoi choisir la location de voiture pas ch\u00e8re \u00e0 l&#8217;a\u00e9roport SKG de Thessalonique Mac\u00e9doine ?<\/h2>\n<p>La location de voiture pas ch\u00e8re \u00e0 l&#8217;a\u00e9roport SKG de Thessalonique Mac\u00e9doine est la solution la plus pratique et confortable pour vos d\u00e9placements \u00e0 Thessalonique et dans ses environs. L\u2019a\u00e9roport de Mac\u00e9doine, situ\u00e9 \u00e0 seulement 15 kilom\u00e8tres du centre-ville, est le principal point d&#8217;entr\u00e9e pour les visiteurs du nord de la Gr\u00e8ce. Voici quelques raisons pour lesquelles la location de voiture \u00e0 l\u2019a\u00e9roport SKG est le meilleur choix :<\/p>\n<h4 style=\"color: #519ced;\">1. Confort et Commodit\u00e9 d\u00e8s votre arriv\u00e9e<\/h4>\n<p>\u00c0 votre arriv\u00e9e \u00e0 Thessalonique, la derni\u00e8re chose que vous voulez est de perdre du temps \u00e0 chercher des moyens de transport. La location de voiture \u00e0 l\u2019a\u00e9roport SKG vous permet de r\u00e9cup\u00e9rer votre v\u00e9hicule imm\u00e9diatement apr\u00e8s votre sortie de l&#8217;avion. Chez <a href=\"https:\/\/cheapcarhiregreece.com\/\">CheapCarHireGreece<\/a>, nous comprenons le besoin de d\u00e9placements rapides et faciles, c\u2019est pourquoi nous nous assurons que la voiture que vous avez choisie soit pr\u00eate et disponible d\u00e8s que vous en avez besoin. Ainsi, vous pouvez commencer votre voyage sans retard, en profitant d\u00e8s le d\u00e9but de tout ce que Thessalonique a \u00e0 offrir.<\/p>\n<\/div><div class=\"fusion-image-element \" style=\"text-align:center;--awb-caption-title-font-family:var(--h2_typography-font-family);--awb-caption-title-font-weight:var(--h2_typography-font-weight);--awb-caption-title-font-style:var(--h2_typography-font-style);--awb-caption-title-size:var(--h2_typography-font-size);--awb-caption-title-transform:var(--h2_typography-text-transform);--awb-caption-title-line-height:var(--h2_typography-line-height);--awb-caption-title-letter-spacing:var(--h2_typography-letter-spacing);\"><span class=\" fusion-imageframe imageframe-none imageframe-2 hover-type-none\"><img decoding=\"async\" width=\"1200\" height=\"600\" title=\"\u03a6\u03b8\u03b7\u03bd\u03ae \u03b5\u03bd\u03bf\u03b9\u03ba\u03af\u03b1\u03c3\u03b7 \u03b1\u03c5\u03c4\u03bf\u03ba\u03b9\u03bd\u03ae\u03c4\u03bf\u03c5 SKG\" src=\"https:\/\/cheapcarhiregreece.com\/wp-content\/uploads\/2024\/12\/\u03b5\u03b12.jpg\" alt class=\"img-responsive wp-image-12302\" srcset=\"https:\/\/cheapcarhiregreece.com\/wp-content\/uploads\/2024\/12\/\u03b5\u03b12-200x100.jpg 200w, https:\/\/cheapcarhiregreece.com\/wp-content\/uploads\/2024\/12\/\u03b5\u03b12-400x200.jpg 400w, https:\/\/cheapcarhiregreece.com\/wp-content\/uploads\/2024\/12\/\u03b5\u03b12-600x300.jpg 600w, https:\/\/cheapcarhiregreece.com\/wp-content\/uploads\/2024\/12\/\u03b5\u03b12-800x400.jpg 800w, https:\/\/cheapcarhiregreece.com\/wp-content\/uploads\/2024\/12\/\u03b5\u03b12.jpg 1200w\" sizes=\"(max-width: 640px) 100vw, 1200px\" \/><\/span><\/div><div class=\"fusion-text fusion-text-2\"><h4 style=\"color: #519ced;\">2. Flexibilit\u00e9 et Ind\u00e9pendance dans vos D\u00e9placements<\/h4>\n<p>Thessalonique est une ville avec de nombreux coins \u00e0 explorer, du centre historique aux quartiers plus modernes et aux banlieues. Cependant, cette ville est \u00e9galement la porte d\u2019entr\u00e9e vers certains des plus beaux destinations du nord de la Gr\u00e8ce, tels que la Chalcidique, le P\u00e9lion, les M\u00e9t\u00e9ores et le lac Kerkini. En louant une voiture \u00e0 <a href=\"https:\/\/maps.app.goo.gl\/rHWZtYGtmQNAbRst8\" target=\"_blank\" rel=\"noopener\">l\u2019A\u00e9roport de Thessalonique Mac\u00e9doine<\/a>, ou depuis le centre-ville via <a href=\"https:\/\/cheapcarhiregreece.com\/\">CheapCarHireGreece<\/a>, vous gagnez la libert\u00e9 de planifier votre propre itin\u00e9raire, sans d\u00e9pendre des horaires des transports en commun ou \u00eatre limit\u00e9 \u00e0 des horaires sp\u00e9cifiques.<\/p>\n<h4 style=\"color: #519ced;\">3. Flotte de V\u00e9hicules Vari\u00e9e et Compl\u00e8te<\/h4>\n<p>La location de voiture pas ch\u00e8re \u00e0 l\u2019a\u00e9roport SKG de Thessalonique Mac\u00e9doine via <a href=\"https:\/\/cheapcarhiregreece.com\/\">CheapCarHireGreece<\/a> vous propose une large gamme de v\u00e9hicules adapt\u00e9s \u00e0 tous les besoins et pr\u00e9f\u00e9rences. En fonction de votre type de voyage, vous pouvez choisir parmi des voitures compactes et agiles, id\u00e9ales pour les ruelles du centre historique de Thessalonique, des v\u00e9hicules familiaux avec de l\u2019espace pour les bagages, ou m\u00eame des SUV de luxe pour des trajets confortables et prolong\u00e9s vers la Chalcidique ou les montagnes du nord de la Gr\u00e8ce. Tous nos v\u00e9hicules sont modernes, bien entretenus et enti\u00e8rement \u00e9quip\u00e9s avec toutes les commodit\u00e9s n\u00e9cessaires et les caract\u00e9ristiques de s\u00e9curit\u00e9 pour vous offrir une exp\u00e9rience de conduite sans faille.<\/p>\n<h4 style=\"color: #519ced;\">4. Tarifs Comp\u00e9titifs et Transparence<\/h4>\n<p>La location de voiture pas ch\u00e8re \u00e0 l\u2019a\u00e9roport SKG de Thessalonique n\u2019a pas \u00e0 \u00eatre co\u00fbteuse. Chez <a href=\"https:\/\/cheapcarhiregreece.com\/\">CheapCarHireGreece<\/a>, nous offrons des tarifs comp\u00e9titifs adapt\u00e9s \u00e0 tous les budgets, sans compromettre la qualit\u00e9 de nos services. De plus, notre politique de transparence tarifaire signifie que vous savez exactement ce que vous payez d\u00e8s le d\u00e9part, sans frais cach\u00e9s ou mauvaises surprises. Nos tarifs incluent toutes les couvertures n\u00e9cessaires, telles que l\u2019assurance, les taxes et l\u2019annulation gratuite en cas de changement de plans.<\/p>\n<h4 style=\"color: #519ced;\">5. Service Client Exceptionnel<\/h4>\n<p>Notre \u00e9quipe chez <a href=\"https:\/\/cheapcarhiregreece.com\/\">CheapCarHireGreece<\/a> est d\u00e9di\u00e9e \u00e0 fournir un service client exceptionnel. Depuis que vous effectuez votre r\u00e9servation jusqu&#8217;\u00e0 la restitution de votre v\u00e9hicule, nous sommes l\u00e0 pour vous soutenir \u00e0 chaque \u00e9tape de votre parcours. Que vous ayez besoin d\u2019aide pour choisir le v\u00e9hicule adapt\u00e9 ou que vous ayez des questions concernant votre voyage \u00e0 Thessalonique et dans le nord de la Gr\u00e8ce, notre \u00e9quipe est toujours disponible pour vous servir avec le sourire et un professionnalisme irr\u00e9prochable.<\/p>\n<\/div><div class=\"fusion-image-element \" style=\"text-align:center;--awb-caption-title-font-family:var(--h2_typography-font-family);--awb-caption-title-font-weight:var(--h2_typography-font-weight);--awb-caption-title-font-style:var(--h2_typography-font-style);--awb-caption-title-size:var(--h2_typography-font-size);--awb-caption-title-transform:var(--h2_typography-text-transform);--awb-caption-title-line-height:var(--h2_typography-line-height);--awb-caption-title-letter-spacing:var(--h2_typography-letter-spacing);\"><span class=\" fusion-imageframe imageframe-none imageframe-3 hover-type-none\"><img decoding=\"async\" width=\"1200\" height=\"600\" title=\"\u03a6\u03b8\u03b7\u03bd\u03ae \u0395\u03bd\u03bf\u03b9\u03ba\u03af\u03b1\u03c3\u03b7 \u03b1\u03c5\u03c4\u03bf\u03ba\u03b9\u03bd\u03ae\u03c4\u03bf\u03c5 skg \u03b1\u03b5\u03c1\u03bf\u03b4\u03c1\u03cc\u03bc\u03b9\u03bf \u0398\u03b5\u03c3\u03c3\u03b1\u03bb\u03bf\u03bd\u03af\u03ba\u03b7\u03c2\" src=\"https:\/\/cheapcarhiregreece.com\/wp-content\/uploads\/2024\/11\/\u0395\u03bd\u03bf\u03b9\u03ba\u03af\u03b1\u03c3\u03b7-\u03b1\u03c5\u03c4\u03bf\u03ba\u03b9\u03bd\u03ae\u03c4\u03bf\u03c5-\u03b1\u03b5\u03c1\u03bf\u03b4\u03c1\u03cc\u03bc\u03b9\u03bf-1200x600.jpg\" alt class=\"img-responsive wp-image-12303\" srcset=\"https:\/\/cheapcarhiregreece.com\/wp-content\/uploads\/2024\/11\/\u0395\u03bd\u03bf\u03b9\u03ba\u03af\u03b1\u03c3\u03b7-\u03b1\u03c5\u03c4\u03bf\u03ba\u03b9\u03bd\u03ae\u03c4\u03bf\u03c5-\u03b1\u03b5\u03c1\u03bf\u03b4\u03c1\u03cc\u03bc\u03b9\u03bf-200x100.jpg 200w, https:\/\/cheapcarhiregreece.com\/wp-content\/uploads\/2024\/11\/\u0395\u03bd\u03bf\u03b9\u03ba\u03af\u03b1\u03c3\u03b7-\u03b1\u03c5\u03c4\u03bf\u03ba\u03b9\u03bd\u03ae\u03c4\u03bf\u03c5-\u03b1\u03b5\u03c1\u03bf\u03b4\u03c1\u03cc\u03bc\u03b9\u03bf-400x200.jpg 400w, https:\/\/cheapcarhiregreece.com\/wp-content\/uploads\/2024\/11\/\u0395\u03bd\u03bf\u03b9\u03ba\u03af\u03b1\u03c3\u03b7-\u03b1\u03c5\u03c4\u03bf\u03ba\u03b9\u03bd\u03ae\u03c4\u03bf\u03c5-\u03b1\u03b5\u03c1\u03bf\u03b4\u03c1\u03cc\u03bc\u03b9\u03bf-600x300.jpg 600w, https:\/\/cheapcarhiregreece.com\/wp-content\/uploads\/2024\/11\/\u0395\u03bd\u03bf\u03b9\u03ba\u03af\u03b1\u03c3\u03b7-\u03b1\u03c5\u03c4\u03bf\u03ba\u03b9\u03bd\u03ae\u03c4\u03bf\u03c5-\u03b1\u03b5\u03c1\u03bf\u03b4\u03c1\u03cc\u03bc\u03b9\u03bf-800x400.jpg 800w, https:\/\/cheapcarhiregreece.com\/wp-content\/uploads\/2024\/11\/\u0395\u03bd\u03bf\u03b9\u03ba\u03af\u03b1\u03c3\u03b7-\u03b1\u03c5\u03c4\u03bf\u03ba\u03b9\u03bd\u03ae\u03c4\u03bf\u03c5-\u03b1\u03b5\u03c1\u03bf\u03b4\u03c1\u03cc\u03bc\u03b9\u03bf-1200x600.jpg 1200w, https:\/\/cheapcarhiregreece.com\/wp-content\/uploads\/2024\/11\/\u0395\u03bd\u03bf\u03b9\u03ba\u03af\u03b1\u03c3\u03b7-\u03b1\u03c5\u03c4\u03bf\u03ba\u03b9\u03bd\u03ae\u03c4\u03bf\u03c5-\u03b1\u03b5\u03c1\u03bf\u03b4\u03c1\u03cc\u03bc\u03b9\u03bf.jpg 1500w\" sizes=\"(max-width: 640px) 100vw, 1200px\" \/><\/span><\/div><div class=\"fusion-text fusion-text-3\"><h3 style=\"text-align: center; color: #519ced;\">D\u00e9couvrez le Nord de la Gr\u00e8ce avec la location de voiture pas ch\u00e8re \u00e0 l\u2019a\u00e9roport SKG de Thessalonique<\/h3>\n<p>Le Nord de la Gr\u00e8ce est une destination pleine de contrastes et de surprises, avec une riche histoire, des paysages naturels \u00e9poustouflants et des d\u00e9lices gastronomiques qui vous laisseront des souvenirs inoubliables. Des plages de sable de la Chalcidique aux villages traditionnels du P\u00e9lion, et des ch\u00e2teaux byzantins de Thessalonique aux c\u00e9l\u00e8bres M\u00e9t\u00e9ores, cette r\u00e9gion a quelque chose \u00e0 offrir \u00e0 chaque visiteur.<\/p>\n<p>En choisissant <a href=\"https:\/\/cheapcarhiregreece.com\/\">CheepCarHireGreece<\/a> pour la location de voiture pas ch\u00e8re \u00e0 l\u2019a\u00e9roport SKG de Thessalonique, vous optez pour le confort, la commodit\u00e9 et la s\u00e9curit\u00e9 dont vous avez besoin pour profiter pleinement de votre voyage. Avec la libert\u00e9 de planifier votre propre itin\u00e9raire et de vous arr\u00eater o\u00f9 et quand vous le souhaitez, vous pouvez explorer chaque recoin du Nord de la Gr\u00e8ce \u00e0 votre rythme, cr\u00e9ant ainsi des souvenirs inoubliables.<\/p>\n<h3 style=\"text-align: center; color: #519ced;\">Conclusion : La Cl\u00e9 d\u2019un Voyage Inoubliable<\/h3>\n<p>La location de voiture pas ch\u00e8re \u00e0 l\u2019a\u00e9roport SKG de Thessalonique via <a href=\"https:\/\/cheapcarhiregreece.com\/\">CheepCarHireGreece<\/a> est la solution id\u00e9ale pour tout voyageur souhaitant d\u00e9couvrir la ville et ses environs avec confort et \u00e9conomie. De la prise en charge imm\u00e9diate \u00e0 la flexibilit\u00e9 de vos d\u00e9placements, en passant par des prix comp\u00e9titifs et un service client exceptionnel, nous offrons tout ce dont vous avez besoin pour commencer votre voyage de la meilleure mani\u00e8re possible.<\/p>\n<p>Visitez notre site web et r\u00e9servez d\u00e8s aujourd\u2019hui pour garantir la meilleure exp\u00e9rience de location de voiture \u00e0 Thessalonique. Que vous planifiez une escapade courte ou un voyage plus long, nous sommes l\u00e0 pour vous aider \u00e0 explorer la Gr\u00e8ce avec confort, s\u00e9curit\u00e9 et une libert\u00e9 totale. Nous vous attendons pour faire de votre voyage une exp\u00e9rience inoubliable !<\/p>\n<\/div><\/div><\/div><\/div><\/div>\n","protected":false},"excerpt":{"rendered":"","protected":false},"author":1,"featured_media":0,"parent":0,"menu_order":0,"comment_status":"closed","ping_status":"closed","template":"100-width.php","meta":{"footnotes":""},"class_list":["post-12296","page","type-page","status-publish","hentry"],"_links":{"self":[{"href":"https:\/\/cheapcarhiregreece.com\/de\/wp-json\/wp\/v2\/pages\/12296","targetHints":{"allow":["GET"]}}],"collection":[{"href":"https:\/\/cheapcarhiregreece.com\/de\/wp-json\/wp\/v2\/pages"}],"about":[{"href":"https:\/\/cheapcarhiregreece.com\/de\/wp-json\/wp\/v2\/types\/page"}],"author":[{"embeddable":true,"href":"https:\/\/cheapcarhiregreece.com\/de\/wp-json\/wp\/v2\/users\/1"}],"replies":[{"embeddable":true,"href":"https:\/\/cheapcarhiregreece.com\/de\/wp-json\/wp\/v2\/comments?post=12296"}],"version-history":[{"count":2,"href":"https:\/\/cheapcarhiregreece.com\/de\/wp-json\/wp\/v2\/pages\/12296\/revisions"}],"predecessor-version":[{"id":12305,"href":"https:\/\/cheapcarhiregreece.com\/de\/wp-json\/wp\/v2\/pages\/12296\/revisions\/12305"}],"wp:attachment":[{"href":"https:\/\/cheapcarhiregreece.com\/de\/wp-json\/wp\/v2\/media?parent=12296"}],"curies":[{"name":"wp","href":"https:\/\/api.w.org\/{rel}","templated":true}]}}