{"id":12351,"date":"2024-07-17T18:33:04","date_gmt":"2024-07-17T15:33:04","guid":{"rendered":"https:\/\/cheapcarhiregreece.com\/?page_id=12351"},"modified":"2024-12-22T13:58:29","modified_gmt":"2024-12-22T11:58:29","slug":"seite-mit-datenschutzbestimmungen","status":"publish","type":"page","link":"https:\/\/cheapcarhiregreece.com\/de\/seite-mit-datenschutzbestimmungen\/","title":{"rendered":"Seite mit Datenschutzbestimmungen"},"content":{"rendered":"<div class=\"fusion-fullwidth fullwidth-box fusion-builder-row-1 fusion-flex-container nonhundred-percent-fullwidth non-hundred-percent-height-scrolling\" style=\"--awb-border-radius-top-left:0px;--awb-border-radius-top-right:0px;--awb-border-radius-bottom-right:0px;--awb-border-radius-bottom-left:0px;--awb-flex-wrap:wrap;\" ><div class=\"fusion-builder-row fusion-row fusion-flex-align-items-flex-start fusion-flex-content-wrap\" style=\"max-width:1320.8px;margin-left: calc(-4% \/ 2 );margin-right: calc(-4% \/ 2 );\"><div class=\"fusion-layout-column fusion_builder_column fusion-builder-column-0 fusion_builder_column_1_1 1_1 fusion-flex-column\" style=\"--awb-bg-blend:overlay;--awb-bg-size:cover;--awb-width-large:100%;--awb-margin-top-large:0px;--awb-spacing-right-large:1.92%;--awb-margin-bottom-large:0px;--awb-spacing-left-large:1.92%;--awb-width-medium:100%;--awb-order-medium:0;--awb-spacing-right-medium:1.92%;--awb-spacing-left-medium:1.92%;--awb-width-small:100%;--awb-order-small:0;--awb-spacing-right-small:1.92%;--awb-spacing-left-small:1.92%;\" data-scroll-devices=\"small-visibility,medium-visibility,large-visibility\"><div class=\"fusion-column-wrapper fusion-column-has-shadow fusion-flex-justify-content-flex-start fusion-content-layout-column\"><div class=\"fusion-text fusion-text-1\"><div class=\"fusion-title title fusion-title-2 fusion-sep-none fusion-title-text fusion-title-size-one\">\n<h1 class=\"elementor-heading-title elementor-size-default fusion-responsive-typography-calculated\" data-fontsize=\"46\" data-lineheight=\"55.2px\">Datenschutzrichtlinie<\/h1>\n<\/div>\n<div class=\"fusion-text fusion-text-2\">\n<section class=\"elementor-section elementor-top-section elementor-element elementor-element-13a93292 elementor-section-boxed elementor-section-height-default elementor-section-height-default\" data-id=\"13a93292\" data-element_type=\"section\" data-settings=\"{\">\n<div class=\"elementor-container elementor-column-gap-default\">\n<div class=\"elementor-column elementor-col-100 elementor-top-column elementor-element elementor-element-25748b2d\" data-id=\"25748b2d\" data-element_type=\"column\">\n<div class=\"elementor-widget-wrap elementor-element-populated\">\n<div class=\"elementor-element elementor-element-253d822f elementor-widget elementor-widget-heading\" data-id=\"253d822f\" data-element_type=\"widget\" data-widget_type=\"heading.default\">\n<div class=\"elementor-widget-container\">\n<h4 class=\"elementor-heading-title elementor-size-default fusion-responsive-typography-calculated\" data-fontsize=\"40\" data-lineheight=\"48px\">Mit dieser Datenschutz-\/Verarbeitungsrichtlinie (im Folgenden \u201eRichtlinie\u201c) erhalten Sie Informationen zur Erhebung, Speicherung, Verarbeitung und Nutzung Ihrer personenbezogenen Daten.<\/h4>\n<\/div>\n<\/div>\n<\/div>\n<\/div>\n<\/div>\n<\/section>\n<section class=\"elementor-section elementor-top-section elementor-element elementor-element-401939fb elementor-section-boxed elementor-section-height-default elementor-section-height-default\" data-id=\"401939fb\" data-element_type=\"section\">\n<div class=\"elementor-container elementor-column-gap-wide\">\n<div class=\"elementor-column elementor-col-100 elementor-top-column elementor-element elementor-element-6ef516d5\" data-id=\"6ef516d5\" data-element_type=\"column\">\n<div class=\"elementor-widget-wrap elementor-element-populated\">\n<div class=\"elementor-element elementor-element-43e96b94 elementor-widget elementor-widget-text-editor\" data-id=\"43e96b94\" data-element_type=\"widget\" data-widget_type=\"text-editor.default\">\n<div class=\"elementor-widget-container\">\n<ol>\n<li>\n<h4 class=\"fusion-responsive-typography-calculated\" data-fontsize=\"30\" data-lineheight=\"36px\"><strong>Was sind personenbezogene Daten?<\/strong><\/h4>\n<\/li>\n<\/ol>\n<p>Der Begriff \u201epersonenbezogene Daten\u201c bezieht sich auf Informationen von nat\u00fcrlichen Personen, wie beispielsweise Vorname, Nachname, Postadresse, E-Mail-Adresse, Telefonnummer usw., die Ihre Identit\u00e4t bestimmen oder bestimmen k\u00f6nnen, im Folgenden \u201epersonenbezogene Daten\u201c oder \u201eDaten\u201c.<\/p>\n<ol start=\"2\">\n<li>\n<h4 class=\"fusion-responsive-typography-calculated\" data-fontsize=\"30\" data-lineheight=\"36px\">Was ist die Verarbeitung personenbezogener Daten?<\/h4>\n<\/li>\n<\/ol>\n<p>Jede Handlung oder eine Reihe von Handlungen, die mit oder ohne automatisierte Mittel an personenbezogenen Daten oder Datens\u00e4tzen personenbezogener Daten durchgef\u00fchrt werden, wie Sammlung, Registrierung, Organisation, Strukturierung, Speicherung, Anpassung oder \u00c4nderung, Abruf, Suche, Verwendung, Offenlegung durch \u00dcbermittlung, Verbreitung oder jede andere Form der Verf\u00fcgung, Kombination oder Zusammenf\u00fchrung, Einschr\u00e4nkung, L\u00f6schung oder Zerst\u00f6rung.<\/p>\n<ol start=\"3\">\n<li>\n<h4 class=\"fusion-responsive-typography-calculated\" data-fontsize=\"30\" data-lineheight=\"36px\">Welche Daten erheben wir von Ihnen?<\/h4>\n<\/li>\n<\/ol>\n<p>Wir stellen sicher, dass wir nur die f\u00fcr den Zweck, zu dem sie bereitgestellt wurden, unbedingt erforderlichen Daten erheben und diese ausschlie\u00dflich f\u00fcr die Zwecke verwenden, f\u00fcr die sie erhoben wurden.<\/p>\n<p>Mit Ausnahme von Daten, die durch Cookies erhoben werden (siehe weitere Informationen in der <a href=\"https:\/\/planrentalcar.gr\/cookies\/\" target=\"_blank\" rel=\"noopener\"><u>Cookie-Richtlinie<\/u><\/a>), beschr\u00e4nken sich die Daten auf die, die Sie uns ausdr\u00fccklich und f\u00fcr einen bestimmten Zweck zur Verf\u00fcgung gestellt haben, und nur wenn Sie Ihre Zustimmung dazu gegeben haben. Wir erheben auch Daten w\u00e4hrend Ihres Besuchs auf unserer Website, wenn Sie ausdr\u00fccklich zugestimmt haben, was durch das Ausf\u00fcllen entsprechender Felder angenommen wird.<\/p>\n<p>3.1. Identifikationsdaten wie Name, Vorname, Vatersname, Geburtsdatum, F\u00fchrerschein, Steuernummer, Personalausweisnummer.<\/p>\n<p>3.2. Kommunikations-\/Lieferdaten wie Postadresse, E-Mail-Adresse, Telefonnummer.<\/p>\n<p>3.3. Zahlungsdaten wie Kredit-\/Debitkartennummer, PayPal, Bankkontonummer.<\/p>\n<p>3.4. Identifikationsmerkmale wie Benutzername (Username), IP-Adresse.<\/p>\n<ol start=\"4\">\n<li>\n<h4 class=\"fusion-responsive-typography-calculated\" data-fontsize=\"30\" data-lineheight=\"36px\">Wie verwenden wir Ihre Daten?<\/h4>\n<\/li>\n<\/ol>\n<p>Die Verarbeitung Ihrer Daten erfolgt entweder durch unser speziell autorisiertes Personal oder \u00fcber IT-Systeme und elektronische Ger\u00e4te durch unser Unternehmen und ausnahmsweise durch Dritte, die vertraglich verpflichtet sind, die Vertraulichkeit zu wahren und Ihre Daten zu sch\u00fctzen, und die diese ausschlie\u00dflich f\u00fcr die Zwecke verarbeiten, f\u00fcr die sie uns zur Verf\u00fcgung gestellt wurden.<\/p>\n<p>Im Allgemeinen werden Ihre Daten verarbeitet, um Ihnen unter anderem folgende Dienstleistungen bereitzustellen:<\/p>\n<p>4.1. Angebotserstellung: Das Unternehmen verarbeitet Ihre Daten, um Ihnen ein Angebot f\u00fcr die kurz- oder langfristige Anmietung von Fahrzeugen zu unterbreiten.<\/p>\n<p>4.2. Fahrzeugvermietung: Das Unternehmen verarbeitet Ihre Daten, um seine vertraglichen Verpflichtungen mit Ihnen in Bezug auf die Fahrzeugvermietung zu erf\u00fcllen, Dienstleistungen wie Wartung, Karosseriearbeit, Reparatur, Fahrzeugersatz usw. bereitzustellen, gesetzliche Verpflichtungen zu erf\u00fcllen und rechtliche Anspr\u00fcche geltend zu machen.<\/p>\n<p>4.3. Fahrzeugkauf: Das Unternehmen verarbeitet Ihre Daten, um den Kauf von Gebrauchtfahrzeugen abzuschlie\u00dfen.<\/p>\n<p>4.4. Einhaltung der geltenden Gesetzgebung: Das Unternehmen verarbeitet Ihre Daten, um rechtlichen Verpflichtungen nachzukommen, insbesondere in Bezug auf die Einhaltung der Steuer- und Sozialversicherungsgesetze oder die Versicherung von Fahrzeugen, die aus einem aktiven Versicherungsvertrag hervorgehen.<\/p>\n<p>4.5. Erstellung eines Benutzerkontos: Das Unternehmen verarbeitet Ihre Daten, um Ihnen die Funktionen eines Kontos bereitzustellen und den Abschluss von Mietvertr\u00e4gen oder den Kauf von Produkten und\/oder Dienstleistungen zu erleichtern.<\/p>\n<p>4.6. Versand eines Newsletters: Das Unternehmen bietet Ihnen die M\u00f6glichkeit, sich f\u00fcr den Empfang von Informationen zu entscheiden, die Sie per E-Mail \u00fcber Werbeaktionen und Angebote des Unternehmens erhalten k\u00f6nnen (z. B. neue Produkte und\/oder Dienstleistungen, Sonderangebote, neue Mietstationen usw.).<\/p>\n<p>4.7. Dienstleistungen auf der Website: Das Unternehmen stellt seinen Kunden auf der Website Informationsdienste zur Verf\u00fcgung.<\/p>\n<p>4.8. Kundenprivilegienprogramme: Durch diese Programme bietet das Unternehmen eine Reihe von Vorteilen f\u00fcr seine Kunden, wie z. B. bevorzugte Behandlung an den Mietstationen, bessere Parkpl\u00e4tze, Rabattgutscheine, Sonderangebote usw.<\/p>\n<p>4.9. Kommunikation: Das Unternehmen nutzt Ihre Daten, um auf Anfragen und Fragen zu antworten, die Sie m\u00f6glicherweise \u00fcber das ContactCenter und die Kontaktformulare stellen.<\/p>\n<p>4.10. Jobsuche: Das Unternehmen verarbeitet Ihre Daten, um Ihre Qualifikationen und F\u00e4higkeiten f\u00fcr eine von Ihnen beantragte Stelle oder f\u00fcr eine andere Stelle im Unternehmen zu bewerten und mit Ihnen in dieser Angelegenheit zu kommunizieren.<\/p>\n<p>4.11. Teilnahme an Online-Werbeaktionen \/ Wettbewerben: Das Unternehmen verarbeitet die Daten, die Sie f\u00fcr die Teilnahme an einem Wettbewerb angeben, um den Wettbewerb durchzuf\u00fchren, Sie zu benachrichtigen, falls Sie gewinnen, und Ihnen Ihren Preis zu \u00fcberreichen.<\/p>\n<p>4.12. Teilnahme an Online-Marktforschungen \/ Umfragen: Das Unternehmen verarbeitet die Daten, die Sie f\u00fcr die Teilnahme an Online-Umfragen eingeben, z. B. demografische Informationen (Alter, Einkommen usw.). Sie k\u00f6nnen alle Informationen angeben oder auch nichts, nach Belieben. Die Umfrageergebnisse werden nur zur Verbesserung der Website und der von uns angebotenen Dienstleistungen verwendet und nicht f\u00fcr andere Zwecke.<\/p>\n<ol start=\"5\">\n<li>\n<h4 class=\"fusion-responsive-typography-calculated\" data-fontsize=\"30\" data-lineheight=\"36px\"><strong>Zu welchem Zweck verarbeiten wir Ihre Daten?<\/strong><\/h4>\n<\/li>\n<\/ol>\n<p>Wir erheben Ihre Daten f\u00fcr die Zwecke der bereitgestellten Produkte und\/oder Dienstleistungen, insbesondere:<\/p>\n<p>a) zur Bewertung Ihres Antrags auf Angebotsabgabe und zum Abschluss des Mietvertrags,<\/p>\n<p>b) zur Verwaltung der Fahrzeugmiete, z. B. zur Kommunikation und Information \u00fcber Verf\u00fcgbarkeit, Vertragserf\u00fcllung, Wartungsdienste, Reparaturdienste, Fahrzeugersatz usw., zur Lieferung notwendiger Dokumente f\u00fcr gekaufte Produkte oder erbrachte Dienstleistungen und zur Verwaltung Ihrer Verbindlichkeiten gegen\u00fcber dem Unternehmen,<\/p>\n<p>c) zur Einhaltung gesetzlicher Verpflichtungen, wie z. B. Arbeits-, Steuer- und Sozialversicherungsrecht,<\/p>\n<p>d) zur \u00dcberpr\u00fcfung, Verbesserung und Anpassung der Pr\u00e4ferenzen und Wahlm\u00f6glichkeiten in Bezug auf unsere Dienstleistungen.<\/p>\n<p>5.1. Die Verarbeitungsgrundlage Ihrer Daten ergibt sich aus:<br \/>\n&#8211; Ihrem ausdr\u00fccklichen und freiwilligen Einverst\u00e4ndnis (z. B. f\u00fcr den Newsletter),<br \/>\n&#8211; der Erf\u00fcllung eines Vertrages (z. B. Fahrzeugvermietung),<br \/>\n&#8211; der Einhaltung gesetzlicher Verpflichtungen (z. B. Steuergesetze),<br \/>\n&#8211; dem berechtigten Interesse des Unternehmens (z. B. Werbeaktionen).<\/p>\n<ol start=\"6\">\n<li>\n<h4 class=\"fusion-responsive-typography-calculated\" data-fontsize=\"30\" data-lineheight=\"36px\"><strong>Wer hat Zugriff auf Ihre Daten?<\/strong><\/h4>\n<\/li>\n<\/ol>\n<p>a) Unsere Mitarbeiter, um ihre Arbeit ordnungsgem\u00e4\u00df auszuf\u00fchren.<\/p>\n<p>b) Dritte wie Versicherungen, Subunternehmer, Unternehmen, die mit der Reparatur, Wartung oder Lieferung von Fahrzeugen betraut sind, k\u00f6nnen ebenfalls auf Ihre Daten zugreifen, wenn dies f\u00fcr die Erf\u00fcllung der vertraglichen Verpflichtungen erforderlich ist.<\/p>\n<p>c) Dritte, die das Unternehmen bei der Erf\u00fcllung gesetzlicher Anforderungen unterst\u00fctzen.<\/p>\n<p>d) Wir k\u00f6nnen Ihre personenbezogenen Daten auch an staatliche Stellen oder Beh\u00f6rden weitergeben, wenn dies erforderlich ist, um unseren rechtlichen Verpflichtungen nachzukommen oder Ihnen gegen\u00fcber geltende vertragliche Verpflichtungen zu erf\u00fcllen.<\/p>\n<\/div>\n<\/div>\n<\/div>\n<\/div>\n<\/div>\n<\/section>\n<\/div>\n<\/div><\/div><\/div><\/div><\/div>\n","protected":false},"excerpt":{"rendered":"","protected":false},"author":1,"featured_media":0,"parent":0,"menu_order":0,"comment_status":"closed","ping_status":"closed","template":"100-width.php","meta":{"footnotes":""},"class_list":["post-12351","page","type-page","status-publish","hentry"],"_links":{"self":[{"href":"https:\/\/cheapcarhiregreece.com\/de\/wp-json\/wp\/v2\/pages\/12351","targetHints":{"allow":["GET"]}}],"collection":[{"href":"https:\/\/cheapcarhiregreece.com\/de\/wp-json\/wp\/v2\/pages"}],"about":[{"href":"https:\/\/cheapcarhiregreece.com\/de\/wp-json\/wp\/v2\/types\/page"}],"author":[{"embeddable":true,"href":"https:\/\/cheapcarhiregreece.com\/de\/wp-json\/wp\/v2\/users\/1"}],"replies":[{"embeddable":true,"href":"https:\/\/cheapcarhiregreece.com\/de\/wp-json\/wp\/v2\/comments?post=12351"}],"version-history":[{"count":2,"href":"https:\/\/cheapcarhiregreece.com\/de\/wp-json\/wp\/v2\/pages\/12351\/revisions"}],"predecessor-version":[{"id":12353,"href":"https:\/\/cheapcarhiregreece.com\/de\/wp-json\/wp\/v2\/pages\/12351\/revisions\/12353"}],"wp:attachment":[{"href":"https:\/\/cheapcarhiregreece.com\/de\/wp-json\/wp\/v2\/media?parent=12351"}],"curies":[{"name":"wp","href":"https:\/\/api.w.org\/{rel}","templated":true}]}}