{"id":12354,"date":"2022-07-09T10:36:33","date_gmt":"2022-07-09T07:36:33","guid":{"rendered":"https:\/\/cheapcarhiregreece.com\/?page_id=12354"},"modified":"2024-12-22T14:01:05","modified_gmt":"2024-12-22T12:01:05","slug":"mietbedingungen","status":"publish","type":"page","link":"https:\/\/cheapcarhiregreece.com\/de\/mietbedingungen\/","title":{"rendered":"Mietbedingungen"},"content":{"rendered":"<div class=\"fusion-fullwidth fullwidth-box fusion-builder-row-1 fusion-flex-container nonhundred-percent-fullwidth non-hundred-percent-height-scrolling\" style=\"--awb-border-radius-top-left:0px;--awb-border-radius-top-right:0px;--awb-border-radius-bottom-right:0px;--awb-border-radius-bottom-left:0px;--awb-flex-wrap:wrap;\" ><div class=\"fusion-builder-row fusion-row fusion-flex-align-items-flex-start fusion-flex-content-wrap\" style=\"max-width:1320.8px;margin-left: calc(-4% \/ 2 );margin-right: calc(-4% \/ 2 );\"><div class=\"fusion-layout-column fusion_builder_column fusion-builder-column-0 fusion_builder_column_1_1 1_1 fusion-flex-column\" style=\"--awb-bg-size:cover;--awb-width-large:100%;--awb-margin-top-large:0px;--awb-spacing-right-large:1.92%;--awb-margin-bottom-large:20px;--awb-spacing-left-large:1.92%;--awb-width-medium:100%;--awb-order-medium:0;--awb-spacing-right-medium:1.92%;--awb-spacing-left-medium:1.92%;--awb-width-small:100%;--awb-order-small:0;--awb-spacing-right-small:1.92%;--awb-spacing-left-small:1.92%;\" data-scroll-devices=\"small-visibility,medium-visibility,large-visibility\"><div class=\"fusion-column-wrapper fusion-column-has-shadow fusion-flex-justify-content-flex-start fusion-content-layout-column\"><div class=\"fusion-image-element \" style=\"--awb-caption-title-font-family:var(--h2_typography-font-family);--awb-caption-title-font-weight:var(--h2_typography-font-weight);--awb-caption-title-font-style:var(--h2_typography-font-style);--awb-caption-title-size:var(--h2_typography-font-size);--awb-caption-title-transform:var(--h2_typography-text-transform);--awb-caption-title-line-height:var(--h2_typography-line-height);--awb-caption-title-letter-spacing:var(--h2_typography-letter-spacing);\"><span class=\" fusion-imageframe imageframe-none imageframe-1 hover-type-none\"><img decoding=\"async\" width=\"1920\" height=\"500\" alt=\"\u038c\u03c1\u03bf\u03b9 \u0395\u03bd\u03bf\u03b9\u03ba\u03af\u03b1\u03c3\u03b7\u03c2\" title=\"\u038c\u03c1\u03bf\u03b9 \u0395\u03bd\u03bf\u03b9\u03ba\u03af\u03b1\u03c3\u03b7\u03c2\" src=\"https:\/\/cheapcarhiregreece.com\/wp-content\/uploads\/2022\/07\/oroi-enoikiaseis.webp\" class=\"img-responsive wp-image-167\" srcset=\"https:\/\/cheapcarhiregreece.com\/wp-content\/uploads\/2022\/07\/oroi-enoikiaseis-200x52.webp 200w, https:\/\/cheapcarhiregreece.com\/wp-content\/uploads\/2022\/07\/oroi-enoikiaseis-400x104.webp 400w, https:\/\/cheapcarhiregreece.com\/wp-content\/uploads\/2022\/07\/oroi-enoikiaseis-600x156.webp 600w, https:\/\/cheapcarhiregreece.com\/wp-content\/uploads\/2022\/07\/oroi-enoikiaseis-800x208.webp 800w, https:\/\/cheapcarhiregreece.com\/wp-content\/uploads\/2022\/07\/oroi-enoikiaseis-1200x313.webp 1200w, https:\/\/cheapcarhiregreece.com\/wp-content\/uploads\/2022\/07\/oroi-enoikiaseis.webp 1920w\" sizes=\"(max-width: 640px) 100vw, 1920px\" \/><\/span><\/div><div class=\"fusion-separator fusion-full-width-sep\" style=\"align-self: center;margin-left: auto;margin-right: auto;margin-top:100px;width:100%;\"><\/div><div class=\"fusion-text fusion-text-1\"><p><strong>Vermietbedingungen<\/strong><\/p>\n<p><strong>F\u00fcr die Anmietung des Fahrzeugs k\u00f6nnen Sie mit Bargeld, Kreditkarte oder Debitkarte bezahlen. F\u00fcr die Kaution des Fahrzeugs ist eine Zahlung mit Kreditkarte erforderlich: 300\u20ac Kleine Kategorie, 400\u20ac Mittlere Kategorie, 600\u20ac Familienkategorie, 1200\u20ac SUV\/JEEP.<\/strong><\/p>\n<p>Die Mindestmietdauer betr\u00e4gt 1 Tag, basierend auf einem 24-Stunden-System (R\u00fcckgabezeit gleich der Abholzeit am Abreisedatum). Die Miete und die Kaution des Fahrzeugs sind im Voraus zu zahlen.<\/p>\n<p>Es ist nicht erlaubt, Haustiere im Fahrzeug mitzunehmen, au\u00dfer in speziellen Tragetaschen oder K\u00e4figen.<\/p>\n<p>Der Mieter ist verpflichtet, das gemietete Fahrzeug zum angegebenen Datum, Uhrzeit (max. +30 Minuten) und Ort an einen Vertreter des Unternehmens zur\u00fcckzugeben. Jegliche \u00c4nderung (Verl\u00e4ngerung oder Verk\u00fcrzung) erfordert die schriftliche Zustimmung des Vermieters. R\u00fcckgaben oder Versp\u00e4tungen \u00fcber 30 Minuten hinaus werden als zus\u00e4tzlicher Tag berechnet.<\/p>\n<p>Die Kraftstoffkosten gehen zu Lasten des Mieters. Der Kraftstoffstand bei der R\u00fcckgabe muss dem bei der \u00dcbergabe entsprechen, andernfalls wird eine Geb\u00fchr f\u00fcr den verbrauchten Kraftstoff sowie eine zus\u00e4tzliche Geb\u00fchr von 10,00\u20ac f\u00fcr den Service der Nachf\u00fcllung zuz\u00fcglich MwSt. auf den Gesamtbetrag erhoben. Eine R\u00fcckerstattung f\u00fcr nicht verbrauchten Kraftstoff erfolgt nicht.<\/p>\n<p>Der Mieter ist ab dem Zeitpunkt der Fahrzeug\u00fcbernahme bis zur R\u00fcckgabe des Fahrzeugs an den Vertreter des Unternehmens f\u00fcr Verkehrsbu\u00dfen, Verst\u00f6\u00dfe, illegales Parken und Verwaltungsstrafen verantwortlich, die w\u00e4hrend der Mietzeit verh\u00e4ngt wurden und die er begleichen muss. Andernfalls wird der Betrag der Strafe zzgl. einer Verwaltungsgeb\u00fchr von 15,00\u20ac zuz\u00fcglich MwSt. auf den Gesamtbetrag vom Vermieter entweder nach Bekanntgabe der Strafe durch den Mieter bei der Fahrzeugr\u00fcckgabe oder nach Mitteilung von Polizeibeh\u00f6rden zu einem sp\u00e4teren Zeitpunkt und ohne zeitliche Begrenzung erhoben.<\/p>\n<p>Der Mieter muss das Fahrzeug vor jeder Benutzung zusammen mit einem Vertreter des Unternehmens inspizieren und etwaige Sch\u00e4den im Schadensprotokoll angeben. Das Fahrzeug muss in exakt dem gleichen Zustand zur\u00fcckgegeben werden.<\/p>\n<p>Die im Mietpreis enthaltene Versicherung deckt: Haftpflicht f\u00fcr Personensch\u00e4den und Sachsch\u00e4den an Dritten.<\/p>\n<p>Falls der Mieter in einen Unfall verwickelt wird oder Sch\u00e4den am Fahrzeug verursacht werden, unabh\u00e4ngig von der Versicherung, muss er sofort die Polizei (Tel. 100) und den Vermieter informieren, damit dieser den Unfallservice senden kann. Bei der R\u00fcckgabe muss der Polizeibericht und die Dokumente des Unfallservices vorgelegt werden. Andernfalls gilt der Mieter als verantwortlich und wird mit den Gesamtkosten der Sch\u00e4den sowie der erforderlichen Reparaturdauer belastet, selbst wenn er ein Versicherungs-Paket akzeptiert hat. Bei Eigenverschulden tr\u00e4gt der Mieter 30% der Jahrespr\u00e4mien (mindestens 100,00\u20ac) sowie eine Geb\u00fchr von 30\u20ac (Aktengeb\u00fchr) zuz\u00fcglich MwSt.<\/p>\n<p>Der Mieter kann seine Haftung f\u00fcr Sch\u00e4den am gemieteten Fahrzeug auf einen Betrag von mindestens 750,00\u20ac + MwSt. (abh\u00e4ngig von der Fahrzeugkategorie und dem aktuellen Marktwert des Fahrzeugs zum Zeitpunkt des Unfalls zuz\u00fcglich MwSt.) begrenzen, wenn er die Schadenshaftungsfreistellung (C.D.W.) im Voraus akzeptiert. Der Haftungsfreibetrag wird vom Vermieter je nach Fahrzeugkategorie festgelegt.<\/p>\n<p>Keine Versicherung deckt Sch\u00e4den in den folgenden F\u00e4llen: Teilnahme an Rennen oder Abschleppen von Fahrzeugen, Anh\u00e4ngern oder anderen Anh\u00e4ngern, \u00dcberladung des Fahrzeugs (wie vom Hersteller festgelegt), einseitige Zustimmung des Mieters im Falle eines Unfalls ohne sofortige Benachrichtigung des Vermieters und ohne Polizeipr\u00e4senz (Tel. 100), Fahrzeugf\u00fchrung durch eine nicht gemeldete dritte Person (auch wenn sie einen F\u00fchrerschein besitzt), Fahrzeugnutzung nach Ablauf der vereinbarten Mietdauer, Fahrzeugnutzung durch den Mieter unter dem Einfluss von Alkohol\/Drogen, Fahrt des Fahrzeugs in einer Weise, die das Fahrzeug oder Dritte gef\u00e4hrdet, Fahren auf nicht befahrbaren Stra\u00dfen (nicht asphaltierte), Nutzung des Fahrzeugs gegen Entgelt, Nutzung f\u00fcr illegale\/kriminelle Aktivit\u00e4ten nach griechischem Recht, Nutzung des Fahrzeugs f\u00fcr Fahrunterricht an Dritte, Fahrzeugnutzung au\u00dferhalb Griechenlands ohne schriftliche Genehmigung des Vermieters.<\/p>\n<p>Ausdr\u00fccklich ausgeschlossen von der Haftungsfreistellung sind die Zerst\u00f6rung\/der Verlust von Reifen, Felgen oder Radkappen, Fenstern und der Unterseite des Fahrzeugs, es sei denn, der Mieter hat die entsprechende Versicherung abgeschlossen. Ausdr\u00fccklich ausgeschlossen von jeder Versicherung sind auch Teile des Fahrzeugs wie Schl\u00fcssel, Audiosystem, Bildschirme, Navigationsger\u00e4te, Antennen, Spiegel und alle Innenausstattungen (z. B. Ablagefl\u00e4chen, Schr\u00e4nke, Handgriffe, Polster usw.).<\/p>\n<p>Bei Reparaturen\/Schadenbehebungen ist die Auswahl der Werkstatt durch den Mieter nicht gestattet, au\u00dfer bei einer offiziellen und autorisierten Vertretung des Fahrzeugherstellers in Griechenland. Reparaturkosten und Ausfalltage gehen zu Lasten des Mieters.<\/p>\n<p>Der Mieter tr\u00e4gt lokale Steuern und MwSt. auf die Miete.<\/p>\n<p>Das Fahrzeug muss sauber und bereit zur Inspektion zur\u00fcckgegeben werden, andernfalls kann eine Geb\u00fchr von 15,00\u20ac + MwSt. erhoben werden. Bei Bedarf einer speziellen Fahrzeugreinigung (Harz, Tierhaare usw.) wird eine Mindestgeb\u00fchr von 60,00\u20ac + MwSt. erhoben.<\/p>\n<p>Der Vermieter \u00fcbernimmt keine Haftung f\u00fcr Gegenst\u00e4nde des Mieters oder Mitfahrers, die im Fahrzeug zur\u00fcckgelassen wurden.<\/p>\n<p>\u00dcbergaben und Abholungen erfolgen kostenlos in den B\u00fcros des Unternehmens von Montag bis Samstag von 09:00 bis 20:00 Uhr. \u00dcbergaben und Abholungen au\u00dferhalb der Gesch\u00e4ftszeiten, an Sonn- und Feiertagen, sind kostenpflichtig.<\/p>\n<p>Ein Pannendienst steht rund um die Uhr in ganz Griechenland zur Verf\u00fcgung, au\u00dfer in Inselgebieten, von wo aus der R\u00fccktransport vom Mieter \u00fcbernommen wird.<\/p>\n<p>Das Laden auf ein Schiff ist nur mit schriftlicher Genehmigung des Vermieters gestattet. Andernfalls haftet der Mieter f\u00fcr etwaige Sch\u00e4den oder Verluste, die w\u00e4hrend der Fahrt auf dem Schiff auftreten, auch wenn er die C.D.W.-Klausel akzeptiert hat.<\/p>\n<p>Das Fahren au\u00dferhalb Griechenlands ist nur mit schriftlicher Genehmigung des Vermieters gestattet.<\/p>\n<p>F\u00fcr alle Streitigkeiten sind ausschlie\u00dflich die Gerichte von Thessaloniki zust\u00e4ndig.<\/p>\n<p>Der Mieter\/ potenzielle Mieter stimmt der Sammlung und Nutzung personenbezogener Daten durch das Unternehmen zu, mit oder ohne automatisierte Daten, einschlie\u00dflich der Erfassung, Registrierung, Organisation, Strukturierung, Speicherung, Anpassung, \u00c4nderung, Abrufung oder jeder anderen Form der Bereitstellung, um ihm Dienstleistungen zu erbringen und auf seine Anfragen zu reagieren. Der Mieter wurde auch \u00fcber das Recht zur Widerrufung\/Korrektur\/Widerspruch seiner personenbezogenen Daten informiert.<\/p>\n<p>Freie Kilometer ab dem 4. Miettag (maximal 100 km\/Tag \u2013 maximal 2.500 km\/Monat), dar\u00fcber hinausgehende Kilometer werden mit 0,10\u20ac + MwSt. pro Kilometer berechnet.<\/p>\n<\/div><\/div><\/div><\/div><\/div>\n","protected":false},"excerpt":{"rendered":"","protected":false},"author":1,"featured_media":0,"parent":0,"menu_order":0,"comment_status":"closed","ping_status":"closed","template":"","meta":{"footnotes":""},"class_list":["post-12354","page","type-page","status-publish","hentry"],"_links":{"self":[{"href":"https:\/\/cheapcarhiregreece.com\/de\/wp-json\/wp\/v2\/pages\/12354","targetHints":{"allow":["GET"]}}],"collection":[{"href":"https:\/\/cheapcarhiregreece.com\/de\/wp-json\/wp\/v2\/pages"}],"about":[{"href":"https:\/\/cheapcarhiregreece.com\/de\/wp-json\/wp\/v2\/types\/page"}],"author":[{"embeddable":true,"href":"https:\/\/cheapcarhiregreece.com\/de\/wp-json\/wp\/v2\/users\/1"}],"replies":[{"embeddable":true,"href":"https:\/\/cheapcarhiregreece.com\/de\/wp-json\/wp\/v2\/comments?post=12354"}],"version-history":[{"count":2,"href":"https:\/\/cheapcarhiregreece.com\/de\/wp-json\/wp\/v2\/pages\/12354\/revisions"}],"predecessor-version":[{"id":12356,"href":"https:\/\/cheapcarhiregreece.com\/de\/wp-json\/wp\/v2\/pages\/12354\/revisions\/12356"}],"wp:attachment":[{"href":"https:\/\/cheapcarhiregreece.com\/de\/wp-json\/wp\/v2\/media?parent=12354"}],"curies":[{"name":"wp","href":"https:\/\/api.w.org\/{rel}","templated":true}]}}