{"id":12812,"date":"2025-12-07T10:37:27","date_gmt":"2025-12-07T08:37:27","guid":{"rendered":"https:\/\/cheapcarhiregreece.com\/?page_id=12812"},"modified":"2025-12-07T14:37:02","modified_gmt":"2025-12-07T12:37:02","slug":"suv","status":"publish","type":"page","link":"https:\/\/cheapcarhiregreece.com\/de\/suv\/","title":{"rendered":"SUV"},"content":{"rendered":"<div class=\"fusion-fullwidth fullwidth-box fusion-builder-row-1 fusion-flex-container has-pattern-background has-mask-background nonhundred-percent-fullwidth non-hundred-percent-height-scrolling\" style=\"--awb-border-radius-top-left:0px;--awb-border-radius-top-right:0px;--awb-border-radius-bottom-right:0px;--awb-border-radius-bottom-left:0px;--awb-flex-wrap:wrap;\" ><div class=\"fusion-builder-row fusion-row fusion-flex-align-items-flex-start fusion-flex-content-wrap\" style=\"max-width:1320.8px;margin-left: calc(-4% \/ 2 );margin-right: calc(-4% \/ 2 );\"><div class=\"fusion-layout-column fusion_builder_column fusion-builder-column-0 fusion_builder_column_1_1 1_1 fusion-flex-column\" style=\"--awb-bg-size:cover;--awb-width-large:100%;--awb-margin-top-large:0px;--awb-spacing-right-large:1.92%;--awb-margin-bottom-large:20px;--awb-spacing-left-large:1.92%;--awb-width-medium:100%;--awb-order-medium:0;--awb-spacing-right-medium:1.92%;--awb-spacing-left-medium:1.92%;--awb-width-small:100%;--awb-order-small:0;--awb-spacing-right-small:1.92%;--awb-spacing-left-small:1.92%;\"><div class=\"fusion-column-wrapper fusion-column-has-shadow fusion-flex-justify-content-flex-start fusion-content-layout-column\"><div class=\"fusion-text fusion-text-1\"><h1 style=\"text-align: center;\" data-start=\"2058\" data-end=\"2121\"><strong data-start=\"2060\" data-end=\"2119\">G\u00fcnstige SUV-Vermietung im Stadtzentrum von Thessaloniki<\/strong><\/h1>\n<\/div><div class=\"fusion-image-element \" style=\"text-align:center;--awb-caption-title-font-family:var(--h2_typography-font-family);--awb-caption-title-font-weight:var(--h2_typography-font-weight);--awb-caption-title-font-style:var(--h2_typography-font-style);--awb-caption-title-size:var(--h2_typography-font-size);--awb-caption-title-transform:var(--h2_typography-text-transform);--awb-caption-title-line-height:var(--h2_typography-line-height);--awb-caption-title-letter-spacing:var(--h2_typography-letter-spacing);\"><span class=\" fusion-imageframe imageframe-none imageframe-1 hover-type-none\"><img decoding=\"async\" width=\"800\" height=\"500\" src=\"https:\/\/cheapcarhiregreece.com\/wp-content\/uploads\/2025\/12\/feafaeef.jpg.webp\" alt class=\"img-responsive wp-image-12808\" srcset=\"https:\/\/cheapcarhiregreece.com\/wp-content\/uploads\/2025\/12\/feafaeef.jpg-200x125.webp 200w, https:\/\/cheapcarhiregreece.com\/wp-content\/uploads\/2025\/12\/feafaeef.jpg-400x250.webp 400w, https:\/\/cheapcarhiregreece.com\/wp-content\/uploads\/2025\/12\/feafaeef.jpg-600x375.webp 600w, https:\/\/cheapcarhiregreece.com\/wp-content\/uploads\/2025\/12\/feafaeef.jpg.webp 800w\" sizes=\"(max-width: 640px) 100vw, 800px\" \/><\/span><\/div><div class=\"fusion-text fusion-text-2\"><h2 style=\"text-align: center;\" data-start=\"190\" data-end=\"263\"><strong data-start=\"192\" data-end=\"261\">Die beste Wahl f\u00fcr g\u00fcnstige SUV-Vermietung in Thessaloniki<\/strong><\/h2>\n<p data-start=\"264\" data-end=\"717\">Die <strong data-start=\"266\" data-end=\"301\">g\u00fcnstige SUV-Vermietung in <a href=\"https:\/\/maps.app.goo.gl\/Cf6WNLy5nvxMuFi2A\" target=\"_blank\" rel=\"noopener\">Thessaloniki<\/a><\/strong> ist die ideale L\u00f6sung f\u00fcr alle, die in die Co-Hauptstadt reisen und ein komfortables, sicheres und preiswertes Fahrzeug suchen. SUVs verbinden Ger\u00e4umigkeit, Stabilit\u00e4t und ein hochwertiges Fahrerlebnis, sodass jede Fahrt komfortabel und angenehm ist. Bei cheapcarhiregreece bieten wir hochwertige SUVs zu wirklich erschwinglichen Preisen, ohne versteckte Kosten und mit vollst\u00e4ndiger Transparenz in jedem Schritt des Mietprozesses.<\/p>\n<h2 style=\"text-align: center;\" data-start=\"724\" data-end=\"793\"><strong data-start=\"726\" data-end=\"791\">Vorteile der g\u00fcnstigen SUV-Vermietung in Thessaloniki<\/strong><\/h2>\n<p data-start=\"794\" data-end=\"1325\">Mit der <strong>preiswerten SUV-Vermietung in <a href=\"https:\/\/maps.app.goo.gl\/Cf6WNLy5nvxMuFi2A\" target=\"_blank\" rel=\"noopener\">Thessaloniki<\/a><\/strong> erhalten Reisende Zugang zu Fahrzeugen, die hohe Sichtbarkeit, komfortables Fahren und hervorragende Leistung bieten. Die <strong>SUVs<\/strong> verf\u00fcgen \u00fcber mehr Innenraum im Vergleich zu herk\u00f6mmlichen Autos, w\u00e4hrend fortschrittliche Sicherheitssysteme das Vertrauen beim Fahren st\u00e4rken. Dar\u00fcber hinaus erm\u00f6glicht die erh\u00f6hte Bodenfreiheit das Fahren auf allen Stra\u00dfentypen, vom Stadtzentrum bis zu Landstra\u00dfen. All dies, kombiniert mit niedrigen Mietkosten, stellt einen erheblichen Vorteil dar.<\/p>\n<\/div><div class=\"fusion-image-element \" style=\"text-align:center;--awb-caption-title-font-family:var(--h2_typography-font-family);--awb-caption-title-font-weight:var(--h2_typography-font-weight);--awb-caption-title-font-style:var(--h2_typography-font-style);--awb-caption-title-size:var(--h2_typography-font-size);--awb-caption-title-transform:var(--h2_typography-text-transform);--awb-caption-title-line-height:var(--h2_typography-line-height);--awb-caption-title-letter-spacing:var(--h2_typography-letter-spacing);\"><span class=\" fusion-imageframe imageframe-none imageframe-2 hover-type-none\"><img decoding=\"async\" width=\"700\" height=\"400\" alt=\"\u0395\u03bd\u03bf\u03b9\u03ba\u03af\u03b1\u03c3\u03b7 SUV \u0398\u03b5\u03c3\u03c3\u03b1\u03bb\u03bf\u03bd\u03af\u03ba\u03b7\" src=\"https:\/\/cheapcarhiregreece.com\/wp-content\/uploads\/2025\/12\/vwrvw.jpg\" class=\"img-responsive wp-image-12809\" srcset=\"https:\/\/cheapcarhiregreece.com\/wp-content\/uploads\/2025\/12\/vwrvw-200x114.jpg 200w, https:\/\/cheapcarhiregreece.com\/wp-content\/uploads\/2025\/12\/vwrvw-400x229.jpg 400w, https:\/\/cheapcarhiregreece.com\/wp-content\/uploads\/2025\/12\/vwrvw-600x343.jpg 600w, https:\/\/cheapcarhiregreece.com\/wp-content\/uploads\/2025\/12\/vwrvw.jpg 700w\" sizes=\"(max-width: 640px) 100vw, 700px\" \/><\/span><\/div><div class=\"fusion-text fusion-text-3\"><h3 style=\"line-height: 100px; font-family: Arial, sans-serif; font-size: 30px; background-color: #d3eaea; border: 10px solid #2907ed; border-radius: 10px; text-align: center;\"><img decoding=\"async\" class=\"alignnone size-full wp-image-12742\" src=\"https:\/\/cheapcarhiregreece.com\/wp-content\/uploads\/2025\/12\/gg.jpg\" alt=\"\" width=\"67\" height=\"67\" \/> Kaufen Sie unbegrenzte Kilometer, um frei zu reisen!<\/h3>\n<\/div><div class=\"fusion-text fusion-text-4\"><h2 style=\"text-align: center;\" data-start=\"1332\" data-end=\"1405\"><strong data-start=\"1334\" data-end=\"1403\">G\u00fcnstige SUV-Vermietung in Thessaloniki f\u00fcr Familien und Berufst\u00e4tige<\/strong><\/h2>\n<p data-start=\"1406\" data-end=\"1873\">SUVs sind ideal f\u00fcr Familien, die mehr Platz f\u00fcr Kinder und Gep\u00e4ck ben\u00f6tigen, sowie f\u00fcr Berufst\u00e4tige, die ein zuverl\u00e4ssiges und modernes Fahrzeug suchen. Mit <strong data-start=\"1588\" data-end=\"1623\">der 4X4 SUV-Vermietung in <a href=\"https:\/\/maps.app.goo.gl\/BvHPAYVYQjuip7oS8\" target=\"_blank\" rel=\"noopener\">Aggelaki 15<\/a><\/strong> wird das Fortbewegen viel komfortabler, sei es f\u00fcr Familienurlaube oder Gesch\u00e4ftstreffen. Die stabile und leise Fahrt, das ger\u00e4umige Interieur und der Stauraum machen SUVs zur perfekten Wahl f\u00fcr lange Fahrten oder den t\u00e4glichen Gebrauch.<\/p>\n<h2 style=\"text-align: center;\" data-start=\"1880\" data-end=\"1949\"><strong data-start=\"1882\" data-end=\"1947\">G\u00fcnstige SUV-Vermietung in Thessaloniki vom Flughafen Macedonia SKG<\/strong><\/h2>\n<p data-start=\"1950\" data-end=\"2366\">Ein Vorteil von cheapcarhiregreece ist die M\u00f6glichkeit, das Fahrzeug direkt am Flughafen abzuholen, wodurch die <strong>preiswerte SUV-Vermietung im Stadtzentrum von <a href=\"https:\/\/maps.app.goo.gl\/Cf6WNLy5nvxMuFi2A\" target=\"_blank\" rel=\"noopener\">Thessaloniki<\/a><\/strong> noch praktischer wird. Reisende k\u00f6nnen ihre Reise sofort beginnen, ohne auf \u00f6ffentliche Verkehrsmittel oder Taxis warten zu m\u00fcssen. Der Prozess ist schnell und unkompliziert, und das Fahrzeug wird sauber, gewartet und fahrbereit \u00fcbergeben.<\/p>\n<\/div><div class=\"fusion-image-element \" style=\"text-align:center;--awb-caption-title-font-family:var(--h2_typography-font-family);--awb-caption-title-font-weight:var(--h2_typography-font-weight);--awb-caption-title-font-style:var(--h2_typography-font-style);--awb-caption-title-size:var(--h2_typography-font-size);--awb-caption-title-transform:var(--h2_typography-text-transform);--awb-caption-title-line-height:var(--h2_typography-line-height);--awb-caption-title-letter-spacing:var(--h2_typography-letter-spacing);\"><span class=\" fusion-imageframe imageframe-none imageframe-3 hover-type-none\"><img decoding=\"async\" width=\"700\" height=\"400\" alt=\"Jeep Renegade\" src=\"https:\/\/cheapcarhiregreece.com\/wp-content\/uploads\/2025\/12\/jgjgjg.jpg\" class=\"img-responsive wp-image-12810\" srcset=\"https:\/\/cheapcarhiregreece.com\/wp-content\/uploads\/2025\/12\/jgjgjg-200x114.jpg 200w, https:\/\/cheapcarhiregreece.com\/wp-content\/uploads\/2025\/12\/jgjgjg-400x229.jpg 400w, https:\/\/cheapcarhiregreece.com\/wp-content\/uploads\/2025\/12\/jgjgjg-600x343.jpg 600w, https:\/\/cheapcarhiregreece.com\/wp-content\/uploads\/2025\/12\/jgjgjg.jpg 700w\" sizes=\"(max-width: 640px) 100vw, 700px\" \/><\/span><\/div><div class=\"fusion-text fusion-text-5\"><h1 style=\"text-align: center;\" data-start=\"2373\" data-end=\"2444\"><strong data-start=\"2375\" data-end=\"2442\">Entdecken Sie Nordgriechenland mit g\u00fcnstiger SUV-Vermietung in Thessaloniki<\/strong><\/h1>\n<p data-start=\"2445\" data-end=\"2916\">Mit einem SUV zur Verf\u00fcgung sind die M\u00f6glichkeiten f\u00fcr kurze oder l\u00e4ngere Ausfl\u00fcge endlos. <strong data-start=\"2543\" data-end=\"2578\">Die g\u00fcnstige SUV-Vermietung in Aggelaki 15<\/strong> erm\u00f6glicht es Ihnen, Chalkidiki, den Olymp, den Athos (bis zu den erlaubten Bereichen), die Seen von Makedonien oder jedes andere gew\u00fcnschte Ziel zu erkunden. Der Komfort, die erh\u00f6hte Sitzposition und die Stabilit\u00e4t der SUVs machen jede Fahrt sicherer und angenehmer. Selbst bei schwierigen Wetterbedingungen leisten die SUVs perfekte Dienste.<\/p>\n<h2 style=\"text-align: center;\" data-start=\"2923\" data-end=\"3004\"><strong data-start=\"2925\" data-end=\"3002\">Warum cheapcarhiregreece f\u00fcr die g\u00fcnstige SUV-Vermietung in Thessaloniki w\u00e4hlen<\/strong><\/h2>\n<p data-start=\"3005\" data-end=\"3174\">Bei <a href=\"https:\/\/cheapcarhiregreece.com\/\">cheapcarhiregreece<\/a> legen wir gro\u00dfen Wert auf exzellenten Service und hochwertige Fahrzeuge. Mit <strong data-start=\"3122\" data-end=\"3157\">der g\u00fcnstigen SUV-Vermietung im Zentrum von <a href=\"https:\/\/maps.app.goo.gl\/Cf6WNLy5nvxMuFi2A\" target=\"_blank\" rel=\"noopener\">Thessaloniki<\/a><\/strong> profitieren Sie von:<\/p>\n<ul data-start=\"3175\" data-end=\"3438\">\n<li data-start=\"3175\" data-end=\"3214\">\n<p data-start=\"3177\" data-end=\"3214\">modernen und vollst\u00e4ndig gewarteten SUVs<\/p>\n<\/li>\n<li data-start=\"3215\" data-end=\"3268\">\n<p data-start=\"3217\" data-end=\"3268\">transparenten und konsistenten Preisen ohne Zusatzgeb\u00fchren<\/p>\n<\/li>\n<li data-start=\"3269\" data-end=\"3299\">\n<p data-start=\"3271\" data-end=\"3299\">M\u00f6glichkeit eines zweiten Fahrers <strong>kostenlos<\/strong><\/p>\n<\/li>\n<li data-start=\"3269\" data-end=\"3299\">\n<p data-start=\"3271\" data-end=\"3299\">Kindersitze und zus\u00e4tzliche Ausr\u00fcstung auf Anfrage<\/p>\n<\/li>\n<li data-start=\"3361\" data-end=\"3381\">\n<p data-start=\"3363\" data-end=\"3381\">24\/7 Unterst\u00fctzung<\/p>\n<\/li>\n<li data-start=\"3382\" data-end=\"3438\">\n<p data-start=\"3384\" data-end=\"3438\">flexible Lieferung und Abholung in ganz Thessaloniki<\/p>\n<\/li>\n<\/ul>\n<p data-start=\"3440\" data-end=\"3552\">Unsere Erfahrung in der Autovermietungsbranche garantiert Komfort, Zuverl\u00e4ssigkeit und ein hervorragendes Preis-Leistungs-Verh\u00e4ltnis.<\/p>\n<h2 style=\"text-align: center;\" data-start=\"3440\" data-end=\"3552\"><strong>G\u00fcnstige und erschwingliche 4X4 SUV-Vermietung im Stadtzentrum von Thessaloniki<\/strong><\/h2>\n<\/div><div class=\"fusion-image-element \" style=\"text-align:center;--awb-caption-title-font-family:var(--h2_typography-font-family);--awb-caption-title-font-weight:var(--h2_typography-font-weight);--awb-caption-title-font-style:var(--h2_typography-font-style);--awb-caption-title-size:var(--h2_typography-font-size);--awb-caption-title-transform:var(--h2_typography-text-transform);--awb-caption-title-line-height:var(--h2_typography-line-height);--awb-caption-title-letter-spacing:var(--h2_typography-letter-spacing);\"><span class=\" fusion-imageframe imageframe-none imageframe-4 hover-type-none\"><img decoding=\"async\" width=\"800\" height=\"500\" src=\"https:\/\/cheapcarhiregreece.com\/wp-content\/uploads\/2025\/12\/S-CROSS.jpg.webp\" alt class=\"img-responsive wp-image-12811\" srcset=\"https:\/\/cheapcarhiregreece.com\/wp-content\/uploads\/2025\/12\/S-CROSS.jpg-200x125.webp 200w, https:\/\/cheapcarhiregreece.com\/wp-content\/uploads\/2025\/12\/S-CROSS.jpg-400x250.webp 400w, https:\/\/cheapcarhiregreece.com\/wp-content\/uploads\/2025\/12\/S-CROSS.jpg-600x375.webp 600w, https:\/\/cheapcarhiregreece.com\/wp-content\/uploads\/2025\/12\/S-CROSS.jpg.webp 800w\" sizes=\"(max-width: 640px) 100vw, 800px\" \/><\/span><\/div><div class=\"fusion-text fusion-text-6\"><h1 style=\"text-align: center;\" data-start=\"3559\" data-end=\"3633\"><strong data-start=\"3561\" data-end=\"3631\">Die ideale Wahl f\u00fcr g\u00fcnstige SUV-Vermietung in Thessaloniki<\/strong><\/h1>\n<p data-start=\"3634\" data-end=\"4096\">Wenn Sie nach Thessaloniki reisen und eine Kombination aus Erschwinglichkeit, Komfort und Fahrqualit\u00e4t suchen, ist <strong data-start=\"3739\" data-end=\"3774\">die 4X4 SUV-Vermietung in Thessaloniki<\/strong> die beste L\u00f6sung. Mit einem SUV k\u00f6nnen Sie bequem reisen, ganz Nordgriechenland erkunden und ein Fahrzeug genie\u00dfen, das all Ihre Bed\u00fcrfnisse erf\u00fcllt. cheapcarhiregreece bietet zuverl\u00e4ssige SUVs zu den wettbewerbsf\u00e4higsten Preisen auf dem Markt und garantiert ein hervorragendes Erlebnis von Anfang bis Ende.<\/p>\n<\/div><div class=\"fusion-text fusion-text-7\"><h3 style=\"line-height: 100px; font-family: Arial, sans-serif; font-size: 30px; background-color: #d3eaea; border: 10px solid #2907ed; border-radius: 10px; text-align: center;\"><img decoding=\"async\" class=\"alignnone size-full wp-image-12740\" src=\"https:\/\/cheapcarhiregreece.com\/wp-content\/uploads\/2025\/12\/\u03b5\u03c6\u03b1\u03c6\u03b5.jpg\" alt=\"\" width=\"67\" height=\"67\" \/> Kaufen Sie eine Versicherung, um Ihre Selbstbeteiligung zu reduzieren!<\/h3>\n<\/div><\/div><\/div><\/div><\/div>\n","protected":false},"excerpt":{"rendered":"","protected":false},"author":1,"featured_media":0,"parent":0,"menu_order":0,"comment_status":"closed","ping_status":"closed","template":"100-width.php","meta":{"footnotes":""},"class_list":["post-12812","page","type-page","status-publish","hentry"],"_links":{"self":[{"href":"https:\/\/cheapcarhiregreece.com\/de\/wp-json\/wp\/v2\/pages\/12812","targetHints":{"allow":["GET"]}}],"collection":[{"href":"https:\/\/cheapcarhiregreece.com\/de\/wp-json\/wp\/v2\/pages"}],"about":[{"href":"https:\/\/cheapcarhiregreece.com\/de\/wp-json\/wp\/v2\/types\/page"}],"author":[{"embeddable":true,"href":"https:\/\/cheapcarhiregreece.com\/de\/wp-json\/wp\/v2\/users\/1"}],"replies":[{"embeddable":true,"href":"https:\/\/cheapcarhiregreece.com\/de\/wp-json\/wp\/v2\/comments?post=12812"}],"version-history":[{"count":3,"href":"https:\/\/cheapcarhiregreece.com\/de\/wp-json\/wp\/v2\/pages\/12812\/revisions"}],"predecessor-version":[{"id":12824,"href":"https:\/\/cheapcarhiregreece.com\/de\/wp-json\/wp\/v2\/pages\/12812\/revisions\/12824"}],"wp:attachment":[{"href":"https:\/\/cheapcarhiregreece.com\/de\/wp-json\/wp\/v2\/media?parent=12812"}],"curies":[{"name":"wp","href":"https:\/\/api.w.org\/{rel}","templated":true}]}}