{"id":12817,"date":"2025-12-06T12:50:27","date_gmt":"2025-12-06T10:50:27","guid":{"rendered":"https:\/\/cheapcarhiregreece.com\/?page_id=12817"},"modified":"2025-12-07T17:10:22","modified_gmt":"2025-12-07T15:10:22","slug":"minivan-mit-7-und-9-sitzen","status":"publish","type":"page","link":"https:\/\/cheapcarhiregreece.com\/de\/minivan-mit-7-und-9-sitzen\/","title":{"rendered":"Minivan mit 7 und 9 Sitzen"},"content":{"rendered":"<div class=\"fusion-fullwidth fullwidth-box fusion-builder-row-1 fusion-flex-container has-pattern-background has-mask-background nonhundred-percent-fullwidth non-hundred-percent-height-scrolling\" style=\"--awb-border-radius-top-left:0px;--awb-border-radius-top-right:0px;--awb-border-radius-bottom-right:0px;--awb-border-radius-bottom-left:0px;--awb-flex-wrap:wrap;\" ><div class=\"fusion-builder-row fusion-row fusion-flex-align-items-flex-start fusion-flex-content-wrap\" style=\"max-width:1320.8px;margin-left: calc(-4% \/ 2 );margin-right: calc(-4% \/ 2 );\"><div class=\"fusion-layout-column fusion_builder_column fusion-builder-column-0 fusion_builder_column_1_1 1_1 fusion-flex-column\" style=\"--awb-bg-size:cover;--awb-width-large:100%;--awb-margin-top-large:0px;--awb-spacing-right-large:1.92%;--awb-margin-bottom-large:20px;--awb-spacing-left-large:1.92%;--awb-width-medium:100%;--awb-order-medium:0;--awb-spacing-right-medium:1.92%;--awb-spacing-left-medium:1.92%;--awb-width-small:100%;--awb-order-small:0;--awb-spacing-right-small:1.92%;--awb-spacing-left-small:1.92%;\"><div class=\"fusion-column-wrapper fusion-column-has-shadow fusion-flex-justify-content-flex-start fusion-content-layout-column\"><div class=\"fusion-text fusion-text-1\"><h1 style=\"text-align: center;\" data-start=\"203\" data-end=\"272\"><strong data-start=\"205\" data-end=\"270\"><u>Cheap Minivan Rental 7&amp;9 Seats Thessaloniki Airport Macedonia SKG<\/u><\/strong><\/h1>\n<\/div><\/div><\/div><div class=\"fusion-layout-column fusion_builder_column fusion-builder-column-1 fusion_builder_column_1_1 1_1 fusion-flex-column\" style=\"--awb-bg-size:cover;--awb-width-large:100%;--awb-margin-top-large:0px;--awb-spacing-right-large:1.92%;--awb-margin-bottom-large:20px;--awb-spacing-left-large:1.92%;--awb-width-medium:100%;--awb-order-medium:0;--awb-spacing-right-medium:1.92%;--awb-spacing-left-medium:1.92%;--awb-width-small:100%;--awb-order-small:0;--awb-spacing-right-small:1.92%;--awb-spacing-left-small:1.92%;\"><div class=\"fusion-column-wrapper fusion-column-has-shadow fusion-flex-justify-content-flex-start fusion-content-layout-column\"><div class=\"fusion-image-element \" style=\"text-align:center;--awb-caption-title-font-family:var(--h2_typography-font-family);--awb-caption-title-font-weight:var(--h2_typography-font-weight);--awb-caption-title-font-style:var(--h2_typography-font-style);--awb-caption-title-size:var(--h2_typography-font-size);--awb-caption-title-transform:var(--h2_typography-text-transform);--awb-caption-title-line-height:var(--h2_typography-line-height);--awb-caption-title-letter-spacing:var(--h2_typography-letter-spacing);\"><span class=\" fusion-imageframe imageframe-none imageframe-1 hover-type-none\"><img decoding=\"async\" width=\"700\" height=\"400\" src=\"https:\/\/cheapcarhiregreece.com\/wp-content\/uploads\/2025\/12\/\u03b9\u03c6\u03bd.jpg\" alt class=\"img-responsive wp-image-12813\" srcset=\"https:\/\/cheapcarhiregreece.com\/wp-content\/uploads\/2025\/12\/\u03b9\u03c6\u03bd-200x114.jpg 200w, https:\/\/cheapcarhiregreece.com\/wp-content\/uploads\/2025\/12\/\u03b9\u03c6\u03bd-400x229.jpg 400w, https:\/\/cheapcarhiregreece.com\/wp-content\/uploads\/2025\/12\/\u03b9\u03c6\u03bd-600x343.jpg 600w, https:\/\/cheapcarhiregreece.com\/wp-content\/uploads\/2025\/12\/\u03b9\u03c6\u03bd.jpg 700w\" sizes=\"(max-width: 640px) 100vw, 700px\" \/><\/span><\/div><\/div><\/div><div class=\"fusion-layout-column fusion_builder_column fusion-builder-column-2 fusion_builder_column_1_1 1_1 fusion-flex-column\" style=\"--awb-bg-size:cover;--awb-width-large:100%;--awb-margin-top-large:0px;--awb-spacing-right-large:1.92%;--awb-margin-bottom-large:20px;--awb-spacing-left-large:1.92%;--awb-width-medium:100%;--awb-order-medium:0;--awb-spacing-right-medium:1.92%;--awb-spacing-left-medium:1.92%;--awb-width-small:100%;--awb-order-small:0;--awb-spacing-right-small:1.92%;--awb-spacing-left-small:1.92%;\"><div class=\"fusion-column-wrapper fusion-column-has-shadow fusion-flex-justify-content-flex-start fusion-content-layout-column\"><div class=\"fusion-text fusion-text-2\"><h1 style=\"text-align: center;\" data-start=\"225\" data-end=\"292\"><strong data-start=\"227\" data-end=\"290\">G\u00fcnstige und preiswerte Miete von 7- &amp; 9-Sitzer Vans in Thessaloniki<\/strong><\/h1>\n<p data-start=\"293\" data-end=\"764\">Die <strong data-start=\"295\" data-end=\"347\">g\u00fcnstige Anmietung von 7- &amp; 9-Sitzer Minivans in Thessaloniki<\/strong> ist die ideale L\u00f6sung f\u00fcr Familien, Freundesgruppen oder Teams, die Komfort, Sicherheit und Flexibilit\u00e4t bei ihren Fahrten ben\u00f6tigen. Bei <strong data-start=\"480\" data-end=\"502\">cheapcarhiregreece<\/strong> bieten wir moderne und vollst\u00e4ndig gewartete Vans, die eine ger\u00e4umige Kabine, gro\u00dfes Gep\u00e4ckvolumen und ein erstklassiges Fahrerlebnis kombinieren. Mit erschwinglichen Preisen und einem schnellen Buchungsprozess wird Ihre Fortbewegung in Thessaloniki einfach und bequem.<\/p>\n<h2 style=\"text-align: center;\" data-start=\"771\" data-end=\"831\"><strong data-start=\"773\" data-end=\"829\">Vorteile der preiswerten Anmietung von 7- &amp; 9-Sitzer Minivans<\/strong><\/h2>\n<p data-start=\"832\" data-end=\"958\">Die <strong data-start=\"834\" data-end=\"886\">preiswerte Anmietung von 7- &amp; 9-Sitzer Vans in Thessaloniki<\/strong> bietet mehrere Vorteile im Vergleich zu kleineren Autos:<\/p>\n<ul>\n<li data-start=\"960\" data-end=\"1096\"><strong>Kraftstoff- und Mautkosteneinsparungen<\/strong>.<\/li>\n<li data-start=\"960\" data-end=\"1096\">\n<p data-start=\"962\" data-end=\"1096\"><strong>Komfort und Platz:<\/strong> Ausreichend Platz f\u00fcr alle Passagiere und Gep\u00e4ck, ideal f\u00fcr Familienreisen oder Ausfl\u00fcge mit Freunden.<\/p>\n<\/li>\n<li data-start=\"960\" data-end=\"1096\">\n<p data-start=\"962\" data-end=\"1096\"><strong>Flexible Sitzanordnung:<\/strong> Die M\u00f6glichkeit, Sitze umzulegen oder zu entfernen, bietet zus\u00e4tzlichen Platz f\u00fcr Gep\u00e4ck oder Ausr\u00fcstung.<\/p>\n<\/li>\n<li data-start=\"960\" data-end=\"1096\">\n<p data-start=\"962\" data-end=\"1096\"><strong>Sicherheit:<\/strong> Moderne Vans verf\u00fcgen \u00fcber fortschrittliche Sicherheitssysteme wie ABS, ESP und Airbags f\u00fcr alle Passagiere.<\/p>\n<\/li>\n<li data-start=\"960\" data-end=\"1096\">\n<p data-start=\"962\" data-end=\"1096\"><strong>Ideal f\u00fcr jede Strecke:<\/strong> Vom Stadtverkehr bis zu Roadtrips in Chalkidiki oder in den Bergen Nordgriechenlands bieten die Vans eine stabile und sichere Fahrt.<\/p>\n<\/li>\n<\/ul>\n<\/div><\/div><\/div><div class=\"fusion-layout-column fusion_builder_column fusion-builder-column-3 fusion_builder_column_1_1 1_1 fusion-flex-column\" style=\"--awb-bg-size:cover;--awb-width-large:100%;--awb-margin-top-large:0px;--awb-spacing-right-large:1.92%;--awb-margin-bottom-large:20px;--awb-spacing-left-large:1.92%;--awb-width-medium:100%;--awb-order-medium:0;--awb-spacing-right-medium:1.92%;--awb-spacing-left-medium:1.92%;--awb-width-small:100%;--awb-order-small:0;--awb-spacing-right-small:1.92%;--awb-spacing-left-small:1.92%;\"><div class=\"fusion-column-wrapper fusion-column-has-shadow fusion-flex-justify-content-flex-start fusion-content-layout-column\"><div class=\"fusion-text fusion-text-3\"><h3 style=\"line-height: 100px; font-family: Arial, sans-serif; font-size: 30px; background-color: #d3eaea; border: 10px solid #2907ed; border-radius: 10px; text-align: center;\"><img decoding=\"async\" class=\"alignnone size-full wp-image-12740\" src=\"https:\/\/cheapcarhiregreece.com\/wp-content\/uploads\/2025\/12\/\u03b5\u03c6\u03b1\u03c6\u03b5.jpg\" alt=\"\" width=\"67\" height=\"67\" \/> Kaufen Sie eine Versicherung, um sorgenfrei zu reisen!<\/h3>\n<\/div><\/div><\/div><div class=\"fusion-layout-column fusion_builder_column fusion-builder-column-4 fusion_builder_column_1_1 1_1 fusion-flex-column\" style=\"--awb-bg-size:cover;--awb-width-large:100%;--awb-margin-top-large:0px;--awb-spacing-right-large:1.92%;--awb-margin-bottom-large:20px;--awb-spacing-left-large:1.92%;--awb-width-medium:100%;--awb-order-medium:0;--awb-spacing-right-medium:1.92%;--awb-spacing-left-medium:1.92%;--awb-width-small:100%;--awb-order-small:0;--awb-spacing-right-small:1.92%;--awb-spacing-left-small:1.92%;\"><div class=\"fusion-column-wrapper fusion-column-has-shadow fusion-flex-justify-content-flex-start fusion-content-layout-column\"><div class=\"fusion-image-element \" style=\"text-align:center;--awb-caption-title-font-family:var(--h2_typography-font-family);--awb-caption-title-font-weight:var(--h2_typography-font-weight);--awb-caption-title-font-style:var(--h2_typography-font-style);--awb-caption-title-size:var(--h2_typography-font-size);--awb-caption-title-transform:var(--h2_typography-text-transform);--awb-caption-title-line-height:var(--h2_typography-line-height);--awb-caption-title-letter-spacing:var(--h2_typography-letter-spacing);\"><span class=\" fusion-imageframe imageframe-none imageframe-2 hover-type-none\"><img decoding=\"async\" width=\"700\" height=\"400\" alt=\"\u0395\u03bd\u03bf\u03b9\u03ba\u03af\u03b1\u03c3\u03b7 \u039c\u03b9\u03bd\u03b9\u03b2\u03b1\u03bd 7&amp;9 \u0398\u03ad\u03c3\u03b5\u03c9\u03bd\" src=\"https:\/\/cheapcarhiregreece.com\/wp-content\/uploads\/2025\/12\/minfiwen.jpg\" class=\"img-responsive wp-image-12814\" srcset=\"https:\/\/cheapcarhiregreece.com\/wp-content\/uploads\/2025\/12\/minfiwen-200x114.jpg 200w, https:\/\/cheapcarhiregreece.com\/wp-content\/uploads\/2025\/12\/minfiwen-400x229.jpg 400w, https:\/\/cheapcarhiregreece.com\/wp-content\/uploads\/2025\/12\/minfiwen-600x343.jpg 600w, https:\/\/cheapcarhiregreece.com\/wp-content\/uploads\/2025\/12\/minfiwen.jpg 700w\" sizes=\"(max-width: 640px) 100vw, 700px\" \/><\/span><\/div><\/div><\/div><div class=\"fusion-layout-column fusion_builder_column fusion-builder-column-5 fusion_builder_column_1_1 1_1 fusion-flex-column\" style=\"--awb-bg-size:cover;--awb-width-large:100%;--awb-margin-top-large:0px;--awb-spacing-right-large:1.92%;--awb-margin-bottom-large:20px;--awb-spacing-left-large:1.92%;--awb-width-medium:100%;--awb-order-medium:0;--awb-spacing-right-medium:1.92%;--awb-spacing-left-medium:1.92%;--awb-width-small:100%;--awb-order-small:0;--awb-spacing-right-small:1.92%;--awb-spacing-left-small:1.92%;\"><div class=\"fusion-column-wrapper fusion-column-has-shadow fusion-flex-justify-content-flex-start fusion-content-layout-column\"><div class=\"fusion-text fusion-text-4\"><h2 style=\"text-align: center;\" data-start=\"1555\" data-end=\"1630\"><strong data-start=\"1557\" data-end=\"1628\">G\u00fcnstige Anmietung von 7- &amp; 9-Sitzer Vans f\u00fcr Familien und gro\u00dfe Gruppen<\/strong><\/h2>\n<p data-start=\"1631\" data-end=\"2079\">F\u00fcr Familien mit Kindern oder Gruppen, die gemeinsam reisen m\u00f6chten, ist die <strong data-start=\"1699\" data-end=\"1751\">preiswerte Anmietung von 7- &amp; 9-Sitzer Minivans in Thessaloniki<\/strong> die ideale Wahl. Die Vans bieten bequeme Sitze f\u00fcr alle Passagiere, viel Gep\u00e4ckraum und einfachen Ein- und Ausstieg. Die ger\u00e4umige Kabine erm\u00f6glicht es jedem Familienmitglied, sich wohlzuf\u00fchlen, w\u00e4hrend die M\u00f6glichkeit, 7 oder 9 Personen zu transportieren, die Kraftstoffkosten im Vergleich zu mehreren kleineren Fahrzeugen reduziert.<\/p>\n<h2 style=\"text-align: center;\" data-start=\"2086\" data-end=\"2152\"><strong data-start=\"2088\" data-end=\"2150\">Abholung und R\u00fcckgabe im Stadtzentrum und am Flughafen Thessaloniki Macedonia SKG<\/strong><\/h2>\n<p data-start=\"2153\" data-end=\"2524\">Bei <strong data-start=\"2157\" data-end=\"2179\">cheapcarhiregreece<\/strong> erfolgt die <strong data-start=\"2183\" data-end=\"2235\">g\u00fcnstige Anmietung von 7- &amp; 9-Sitzer Minivans in der Aggelaki 15 und am Flughafen Thessaloniki Macedonia SKG<\/strong> einfach und schnell. Sie k\u00f6nnen das Fahrzeug entweder im Stadtzentrum oder am Flughafen \u201eMacedonia\u201c abholen und Ihre Reise sofort ohne Verz\u00f6gerungen beginnen. Der Buchungsprozess ist unkompliziert und schnell, und das Fahrzeug wird sauber, vollst\u00e4ndig gewartet und einsatzbereit \u00fcbergeben.<\/p>\n<\/div><\/div><\/div><div class=\"fusion-layout-column fusion_builder_column fusion-builder-column-6 fusion_builder_column_1_1 1_1 fusion-flex-column\" style=\"--awb-bg-size:cover;--awb-width-large:100%;--awb-margin-top-large:0px;--awb-spacing-right-large:1.92%;--awb-margin-bottom-large:20px;--awb-spacing-left-large:1.92%;--awb-width-medium:100%;--awb-order-medium:0;--awb-spacing-right-medium:1.92%;--awb-spacing-left-medium:1.92%;--awb-width-small:100%;--awb-order-small:0;--awb-spacing-right-small:1.92%;--awb-spacing-left-small:1.92%;\"><div class=\"fusion-column-wrapper fusion-column-has-shadow fusion-flex-justify-content-flex-start fusion-content-layout-column\"><div class=\"fusion-image-element \" style=\"text-align:center;--awb-caption-title-font-family:var(--h2_typography-font-family);--awb-caption-title-font-weight:var(--h2_typography-font-weight);--awb-caption-title-font-style:var(--h2_typography-font-style);--awb-caption-title-size:var(--h2_typography-font-size);--awb-caption-title-transform:var(--h2_typography-text-transform);--awb-caption-title-line-height:var(--h2_typography-line-height);--awb-caption-title-letter-spacing:var(--h2_typography-letter-spacing);\"><span class=\" fusion-imageframe imageframe-none imageframe-3 hover-type-none\"><img decoding=\"async\" width=\"800\" height=\"480\" src=\"https:\/\/cheapcarhiregreece.com\/wp-content\/uploads\/2025\/12\/gae1-800x480.jpg.webp\" alt class=\"img-responsive wp-image-12815\" srcset=\"https:\/\/cheapcarhiregreece.com\/wp-content\/uploads\/2025\/12\/gae1-800x480.jpg-200x120.webp 200w, https:\/\/cheapcarhiregreece.com\/wp-content\/uploads\/2025\/12\/gae1-800x480.jpg-400x240.webp 400w, https:\/\/cheapcarhiregreece.com\/wp-content\/uploads\/2025\/12\/gae1-800x480.jpg-600x360.webp 600w, https:\/\/cheapcarhiregreece.com\/wp-content\/uploads\/2025\/12\/gae1-800x480.jpg.webp 800w\" sizes=\"(max-width: 640px) 100vw, 800px\" \/><\/span><\/div><\/div><\/div><div class=\"fusion-layout-column fusion_builder_column fusion-builder-column-7 fusion_builder_column_1_1 1_1 fusion-flex-column\" style=\"--awb-bg-size:cover;--awb-width-large:100%;--awb-margin-top-large:0px;--awb-spacing-right-large:1.92%;--awb-margin-bottom-large:20px;--awb-spacing-left-large:1.92%;--awb-width-medium:100%;--awb-order-medium:0;--awb-spacing-right-medium:1.92%;--awb-spacing-left-medium:1.92%;--awb-width-small:100%;--awb-order-small:0;--awb-spacing-right-small:1.92%;--awb-spacing-left-small:1.92%;\"><div class=\"fusion-column-wrapper fusion-column-has-shadow fusion-flex-justify-content-flex-start fusion-content-layout-column\"><div class=\"fusion-text fusion-text-5\"><h1 style=\"text-align: center;\" data-start=\"2531\" data-end=\"2587\"><strong data-start=\"2533\" data-end=\"2585\">Entdecken Sie Nordgriechenland mit 7- &amp; 9-Sitzer Vans<\/strong><\/h1>\n<p data-start=\"2588\" data-end=\"2737\">Die <strong data-start=\"2590\" data-end=\"2642\">preiswerte Anmietung von 7- &amp; 9-Sitzer Minivans in <a href=\"https:\/\/maps.app.goo.gl\/259smEJMGc3uMZqS6\" target=\"_blank\" rel=\"noopener\">Thessaloniki<\/a><\/strong> erm\u00f6glicht es Ihnen, Nordgriechenland komfortabel zu erkunden. Sie k\u00f6nnen besuchen:<\/p>\n<ul>\n<li data-start=\"2738\" data-end=\"2780\">\n<p data-start=\"2740\" data-end=\"2780\">Chalkidiki f\u00fcr Ausfl\u00fcge und Str\u00e4nde<\/p>\n<\/li>\n<li data-start=\"2781\" data-end=\"2824\">\n<p data-start=\"2783\" data-end=\"2824\">Den Olymp und die umliegenden Bergpfade<\/p>\n<\/li>\n<li data-start=\"2825\" data-end=\"2878\">\n<p data-start=\"2827\" data-end=\"2878\">Kavala, Serres und die Region Drama<\/p>\n<\/li>\n<li data-start=\"2879\" data-end=\"2925\">\n<p data-start=\"2881\" data-end=\"2925\">Pozar-Thermen und weitere Naturwunder<\/p>\n<\/li>\n<\/ul>\n<p data-start=\"2927\" data-end=\"3025\">Mit den ger\u00e4umigen Vans werden die Strecken f\u00fcr alle Passagiere sicher, komfortabel und angenehm.<\/p>\n<h1 style=\"text-align: center;\" data-start=\"3032\" data-end=\"3114\"><strong data-start=\"3034\" data-end=\"3112\">Warum Sie cheapcarhiregreece f\u00fcr die g\u00fcnstige Anmietung von 7- &amp; 9-Sitzer Vans w\u00e4hlen sollten<\/strong><\/h1>\n<p data-start=\"3115\" data-end=\"3212\">Die <a href=\"https:\/\/cheapcarhiregreece.com\/\"><strong data-start=\"3118\" data-end=\"3140\">cheapcarhiregreece<\/strong><\/a> zeichnet sich durch Zuverl\u00e4ssigkeit, Qualit\u00e4t und g\u00fcnstige Preise aus:<\/p>\n<ul>\n<li data-start=\"3213\" data-end=\"3263\">\n<p data-start=\"3215\" data-end=\"3263\">Moderne und gut gewartete 7- &amp; 9-Sitzer Vans<\/p>\n<\/li>\n<li data-start=\"3264\" data-end=\"3330\">\n<p data-start=\"3266\" data-end=\"3330\">Freundliche und transparente Preisgestaltung ohne versteckte Kosten<\/p>\n<\/li>\n<li data-start=\"3331\" data-end=\"3415\">\n<p data-start=\"3333\" data-end=\"3415\">Abholung und R\u00fcckgabe im Stadtzentrum von Thessaloniki oder am Flughafen<\/p>\n<\/li>\n<li data-start=\"3416\" data-end=\"3469\">\n<p data-start=\"3418\" data-end=\"3469\">Flexible Buchungsprozesse und 24-Stunden-Support<\/p>\n<\/li>\n<li data-start=\"3470\" data-end=\"3524\">\n<p data-start=\"3472\" data-end=\"3524\">Zus\u00e4tzliche Ausstattungen wie Kindersitze und GPS<\/p>\n<\/li>\n<\/ul>\n<p data-start=\"3526\" data-end=\"3635\">Mit all diesen Vorteilen wird die <strong data-start=\"3541\" data-end=\"3593\">g\u00fcnstige Anmietung von 7- &amp; 9-Sitzer Vans in Thessaloniki<\/strong> einfach, preiswert und zuverl\u00e4ssig.<\/p>\n<\/div><\/div><\/div><div class=\"fusion-layout-column fusion_builder_column fusion-builder-column-8 fusion_builder_column_1_1 1_1 fusion-flex-column\" style=\"--awb-bg-size:cover;--awb-width-large:100%;--awb-margin-top-large:0px;--awb-spacing-right-large:1.92%;--awb-margin-bottom-large:20px;--awb-spacing-left-large:1.92%;--awb-width-medium:100%;--awb-order-medium:0;--awb-spacing-right-medium:1.92%;--awb-spacing-left-medium:1.92%;--awb-width-small:100%;--awb-order-small:0;--awb-spacing-right-small:1.92%;--awb-spacing-left-small:1.92%;\"><div class=\"fusion-column-wrapper fusion-column-has-shadow fusion-flex-justify-content-flex-start fusion-content-layout-column\"><div class=\"fusion-image-element \" style=\"text-align:center;--awb-caption-title-font-family:var(--h2_typography-font-family);--awb-caption-title-font-weight:var(--h2_typography-font-weight);--awb-caption-title-font-style:var(--h2_typography-font-style);--awb-caption-title-size:var(--h2_typography-font-size);--awb-caption-title-transform:var(--h2_typography-text-transform);--awb-caption-title-line-height:var(--h2_typography-line-height);--awb-caption-title-letter-spacing:var(--h2_typography-letter-spacing);\"><span class=\" fusion-imageframe imageframe-none imageframe-4 hover-type-none\"><img decoding=\"async\" width=\"700\" height=\"400\" src=\"https:\/\/cheapcarhiregreece.com\/wp-content\/uploads\/2025\/12\/vwvw112.jpg\" alt class=\"img-responsive wp-image-12816\" srcset=\"https:\/\/cheapcarhiregreece.com\/wp-content\/uploads\/2025\/12\/vwvw112-200x114.jpg 200w, https:\/\/cheapcarhiregreece.com\/wp-content\/uploads\/2025\/12\/vwvw112-400x229.jpg 400w, https:\/\/cheapcarhiregreece.com\/wp-content\/uploads\/2025\/12\/vwvw112-600x343.jpg 600w, https:\/\/cheapcarhiregreece.com\/wp-content\/uploads\/2025\/12\/vwvw112.jpg 700w\" sizes=\"(max-width: 640px) 100vw, 700px\" \/><\/span><\/div><\/div><\/div><div class=\"fusion-layout-column fusion_builder_column fusion-builder-column-9 fusion_builder_column_1_1 1_1 fusion-flex-column\" style=\"--awb-bg-size:cover;--awb-width-large:100%;--awb-margin-top-large:0px;--awb-spacing-right-large:1.92%;--awb-margin-bottom-large:20px;--awb-spacing-left-large:1.92%;--awb-width-medium:100%;--awb-order-medium:0;--awb-spacing-right-medium:1.92%;--awb-spacing-left-medium:1.92%;--awb-width-small:100%;--awb-order-small:0;--awb-spacing-right-small:1.92%;--awb-spacing-left-small:1.92%;\"><div class=\"fusion-column-wrapper fusion-column-has-shadow fusion-flex-justify-content-flex-start fusion-content-layout-column\"><div class=\"fusion-text fusion-text-6\"><h1 style=\"text-align: center;\" data-start=\"3642\" data-end=\"3715\"><strong data-start=\"3644\" data-end=\"3713\">Die ideale Wahl f\u00fcr gro\u00dfe Gruppen und Familien<\/strong><\/h1>\n<p data-start=\"3716\" data-end=\"4196\">Die <strong data-start=\"3718\" data-end=\"3770\">g\u00fcnstige Anmietung von 7- &amp; 9-Sitzer Vans in <a href=\"https:\/\/maps.app.goo.gl\/259smEJMGc3uMZqS6\" target=\"_blank\" rel=\"noopener\">Thessaloniki<\/a><\/strong> \u00fcber cheapcarhiregreece ist die beste Wahl f\u00fcr alle, die Komfort, Sicherheit und Wirtschaftlichkeit suchen. Ob Familienurlaub, Reise mit Freunden oder gesch\u00e4ftliche Fahrten \u2013 unsere Vans bieten die Bequemlichkeit und den Komfort, den Sie ben\u00f6tigen. Mit schneller Abholung, zuverl\u00e4ssigen Fahrzeugen und g\u00fcnstigen Preisen wird Ihre Fortbewegung in Thessaloniki und Nordgriechenland angenehm und problemlos.<\/p>\n<\/div><\/div><\/div><div class=\"fusion-layout-column fusion_builder_column fusion-builder-column-10 fusion_builder_column_1_1 1_1 fusion-flex-column\" style=\"--awb-bg-size:cover;--awb-width-large:100%;--awb-margin-top-large:0px;--awb-spacing-right-large:1.92%;--awb-margin-bottom-large:20px;--awb-spacing-left-large:1.92%;--awb-width-medium:100%;--awb-order-medium:0;--awb-spacing-right-medium:1.92%;--awb-spacing-left-medium:1.92%;--awb-width-small:100%;--awb-order-small:0;--awb-spacing-right-small:1.92%;--awb-spacing-left-small:1.92%;\"><div class=\"fusion-column-wrapper fusion-column-has-shadow fusion-flex-justify-content-flex-start fusion-content-layout-column\"><div class=\"fusion-text fusion-text-7\"><h3 style=\"line-height: 100px; font-family: Arial, sans-serif; font-size: 30px; background-color: #d3eaea; border: 10px solid #2907ed; border-radius: 10px; text-align: center;\"><img decoding=\"async\" class=\"alignnone size-full wp-image-12740\" src=\"https:\/\/cheapcarhiregreece.com\/wp-content\/uploads\/2025\/12\/\u03b5\u03c6\u03b1\u03c6\u03b5.jpg\" alt=\"\" width=\"67\" height=\"67\" \/> Kaufen Sie eine Versicherung f\u00fcr Glasbruch und Reifen!<\/h3>\n<\/div><\/div><\/div><\/div><\/div>\n","protected":false},"excerpt":{"rendered":"","protected":false},"author":1,"featured_media":0,"parent":0,"menu_order":0,"comment_status":"closed","ping_status":"closed","template":"100-width.php","meta":{"footnotes":""},"class_list":["post-12817","page","type-page","status-publish","hentry"],"_links":{"self":[{"href":"https:\/\/cheapcarhiregreece.com\/de\/wp-json\/wp\/v2\/pages\/12817","targetHints":{"allow":["GET"]}}],"collection":[{"href":"https:\/\/cheapcarhiregreece.com\/de\/wp-json\/wp\/v2\/pages"}],"about":[{"href":"https:\/\/cheapcarhiregreece.com\/de\/wp-json\/wp\/v2\/types\/page"}],"author":[{"embeddable":true,"href":"https:\/\/cheapcarhiregreece.com\/de\/wp-json\/wp\/v2\/users\/1"}],"replies":[{"embeddable":true,"href":"https:\/\/cheapcarhiregreece.com\/de\/wp-json\/wp\/v2\/comments?post=12817"}],"version-history":[{"count":6,"href":"https:\/\/cheapcarhiregreece.com\/de\/wp-json\/wp\/v2\/pages\/12817\/revisions"}],"predecessor-version":[{"id":12869,"href":"https:\/\/cheapcarhiregreece.com\/de\/wp-json\/wp\/v2\/pages\/12817\/revisions\/12869"}],"wp:attachment":[{"href":"https:\/\/cheapcarhiregreece.com\/de\/wp-json\/wp\/v2\/media?parent=12817"}],"curies":[{"name":"wp","href":"https:\/\/api.w.org\/{rel}","templated":true}]}}