{"id":12256,"date":"2024-08-06T17:40:54","date_gmt":"2024-08-06T14:40:54","guid":{"rendered":"https:\/\/cheapcarhiregreece.com\/?page_id=12256"},"modified":"2024-12-21T13:36:55","modified_gmt":"2024-12-21T11:36:55","slug":"livraison-ramassage-thessalonique-centre","status":"publish","type":"page","link":"https:\/\/cheapcarhiregreece.com\/fr\/livraison-ramassage-thessalonique-centre\/","title":{"rendered":"Livraison Ramassage Thessalonique Centre Angelaki 15"},"content":{"rendered":"<div class=\"fusion-fullwidth fullwidth-box fusion-builder-row-1 fusion-flex-container has-pattern-background has-mask-background nonhundred-percent-fullwidth non-hundred-percent-height-scrolling\" style=\"--awb-border-radius-top-left:0px;--awb-border-radius-top-right:0px;--awb-border-radius-bottom-right:0px;--awb-border-radius-bottom-left:0px;--awb-flex-wrap:wrap;\" ><div class=\"fusion-builder-row fusion-row fusion-flex-align-items-flex-start fusion-flex-content-wrap\" style=\"max-width:1320.8px;margin-left: calc(-4% \/ 2 );margin-right: calc(-4% \/ 2 );\"><div class=\"fusion-layout-column fusion_builder_column fusion-builder-column-0 fusion_builder_column_1_1 1_1 fusion-flex-column\" style=\"--awb-bg-size:cover;--awb-width-large:100%;--awb-margin-top-large:0px;--awb-spacing-right-large:1.92%;--awb-margin-bottom-large:20px;--awb-spacing-left-large:1.92%;--awb-width-medium:100%;--awb-order-medium:0;--awb-spacing-right-medium:1.92%;--awb-spacing-left-medium:1.92%;--awb-width-small:100%;--awb-order-small:0;--awb-spacing-right-small:1.92%;--awb-spacing-left-small:1.92%;\"><div class=\"fusion-column-wrapper fusion-column-has-shadow fusion-flex-justify-content-flex-start fusion-content-layout-column\"><div class=\"fusion-image-element \" style=\"--awb-caption-title-font-family:var(--h2_typography-font-family);--awb-caption-title-font-weight:var(--h2_typography-font-weight);--awb-caption-title-font-style:var(--h2_typography-font-style);--awb-caption-title-size:var(--h2_typography-font-size);--awb-caption-title-transform:var(--h2_typography-text-transform);--awb-caption-title-line-height:var(--h2_typography-line-height);--awb-caption-title-letter-spacing:var(--h2_typography-letter-spacing);\"><span class=\" fusion-imageframe imageframe-none imageframe-1 hover-type-none\"><img decoding=\"async\" width=\"1800\" height=\"500\" title=\"\u0398\u03b5\u03c3\u03c3\u03b1\u03bb\u03bf\u03bd\u03af\u03ba\u03b7 \u039a\u03ad\u03bd\u03c4\u03c1\u03bf\" src=\"https:\/\/cheapcarhiregreece.com\/wp-content\/uploads\/2024\/08\/3838383-\u03b1\u03b3\u03b3\u03b5\u03bb.jpg\" alt class=\"img-responsive wp-image-12257\" srcset=\"https:\/\/cheapcarhiregreece.com\/wp-content\/uploads\/2024\/08\/3838383-\u03b1\u03b3\u03b3\u03b5\u03bb-200x56.jpg 200w, https:\/\/cheapcarhiregreece.com\/wp-content\/uploads\/2024\/08\/3838383-\u03b1\u03b3\u03b3\u03b5\u03bb-400x111.jpg 400w, https:\/\/cheapcarhiregreece.com\/wp-content\/uploads\/2024\/08\/3838383-\u03b1\u03b3\u03b3\u03b5\u03bb-600x167.jpg 600w, https:\/\/cheapcarhiregreece.com\/wp-content\/uploads\/2024\/08\/3838383-\u03b1\u03b3\u03b3\u03b5\u03bb-800x222.jpg 800w, https:\/\/cheapcarhiregreece.com\/wp-content\/uploads\/2024\/08\/3838383-\u03b1\u03b3\u03b3\u03b5\u03bb-1200x333.jpg 1200w, https:\/\/cheapcarhiregreece.com\/wp-content\/uploads\/2024\/08\/3838383-\u03b1\u03b3\u03b3\u03b5\u03bb.jpg 1800w\" sizes=\"(max-width: 640px) 100vw, 1800px\" \/><\/span><\/div><div class=\"fusion-text fusion-text-1\"><h3 style=\"text-align: center;\"><span style=\"color: #0000ff;\">Remise et R\u00e9cup\u00e9ration de Voiture \u00e0 Thessalonique, Centre &#8211; Ang\u00e9laki 17 (+30 2310 700 2 300)<\/span><\/h3>\n<p>Pour la r\u00e9cup\u00e9ration et la remise de votre voiture de location dans nos bureaux situ\u00e9s au centre de Thessalonique, \u00e0 <a href=\"https:\/\/maps.app.goo.gl\/Fe5uTR3sdu8fqYEa8\" target=\"_blank\" rel=\"noopener\">Ang\u00e9laki 17<\/a>, veuillez suivre les \u00e9tapes suivantes :<\/p>\n<ol>\n<li><span style=\"color: #0000ff;\"><strong>Contactez l&rsquo;Entreprise de Location :<\/strong><\/span>\n<ul>\n<li><a href=\"https:\/\/cheapcarhiregreece.com\/%ce%b5%cf%80%ce%b9%ce%ba%ce%bf%ce%b9%ce%bd%cf%89%ce%bd%ce%af%ce%b1\/\">Appelez<\/a> l&rsquo;entreprise de location de voitures pour les informer de votre souhait de r\u00e9cup\u00e9rer et de rendre la voiture \u00e0 leurs bureaux.<\/li>\n<li>Donnez-leur l&rsquo;adresse exacte : <a href=\"https:\/\/maps.app.goo.gl\/Fe5uTR3sdu8fqYEa8\" target=\"_blank\" rel=\"noopener\">Ang\u00e9laki 17<\/a>, Thessalonique.<\/li>\n<\/ul>\n<\/li>\n<li><span style=\"color: #0000ff;\"><strong>Confirmation des D\u00e9tails de la R\u00e9servation :<\/strong><\/span>\n<ul>\n<li>Confirmez la date et l&rsquo;heure de la r\u00e9cup\u00e9ration et de la remise.<\/li>\n<li>Assurez-vous que les d\u00e9tails de votre r\u00e9servation sont correctement enregistr\u00e9s.<\/li>\n<\/ul>\n<\/li>\n<li><span style=\"color: #0000ff;\"><strong>Pr\u00e9paration pour la R\u00e9cup\u00e9ration :<\/strong><\/span>\n<ul>\n<li>Assurez-vous d&rsquo;avoir tous les documents n\u00e9cessaires, tels que votre pi\u00e8ce d&rsquo;identit\u00e9 ou passeport, votre permis de conduire et votre carte de cr\u00e9dit.<\/li>\n<li>V\u00e9rifiez que vous connaissez les termes et conditions de la location.<\/li>\n<\/ul>\n<\/li>\n<li><span style=\"color: #0000ff;\"><strong>R\u00e9cup\u00e9ration de la Voiture :<\/strong><\/span>\n<ul>\n<li>Rencontrez l&rsquo;agent de l&rsquo;entreprise \u00e0 l&rsquo;adresse <a href=\"https:\/\/maps.app.goo.gl\/Fe5uTR3sdu8fqYEa8\" target=\"_blank\" rel=\"noopener\">Ang\u00e9laki 17<\/a>.<\/li>\n<li>V\u00e9rifiez la voiture pour tout dommage avant de la r\u00e9cup\u00e9rer et notez toute d\u00e9t\u00e9rioration existante sur le contrat de location.<\/li>\n<\/ul>\n<\/li>\n<li><span style=\"color: #0000ff;\"><strong>Pendant la P\u00e9riode de Location :<\/strong><\/span>\n<ul>\n<li>Respectez les r\u00e8gles de circulation et les instructions de l&rsquo;entreprise de location.<\/li>\n<li>Informez l&rsquo;entreprise en cas d&rsquo;accident ou de tout probl\u00e8me avec la voiture.<\/li>\n<\/ul>\n<\/li>\n<li><span style=\"color: #0000ff;\"><strong>Retour de la Voiture :<\/strong><\/span>\n<ul>\n<li>Assurez-vous que la voiture est dans le m\u00eame \u00e9tat qu&rsquo;\u00e0 la r\u00e9cup\u00e9ration.<\/li>\n<li>Rencontrez l&rsquo;agent de l&rsquo;entreprise \u00e0 l&rsquo;adresse Ang\u00e9laki 17 pour retourner la voiture.<\/li>\n<li>Effectuez une v\u00e9rification finale du v\u00e9hicule avec l&rsquo;agent pour vous assurer que tout est en ordre.<\/li>\n<\/ul>\n<\/li>\n<\/ol>\n<p>Si vous suivez ces \u00e9tapes, la r\u00e9cup\u00e9ration et la remise de votre voiture de location seront faciles et sans probl\u00e8me.<\/p>\n<div style=\"text-align: center;\"><\/div>\n<\/div><\/div><\/div><\/div><\/div>\n","protected":false},"excerpt":{"rendered":"","protected":false},"author":1,"featured_media":0,"parent":0,"menu_order":0,"comment_status":"closed","ping_status":"closed","template":"100-width.php","meta":{"footnotes":""},"class_list":["post-12256","page","type-page","status-publish","hentry"],"_links":{"self":[{"href":"https:\/\/cheapcarhiregreece.com\/fr\/wp-json\/wp\/v2\/pages\/12256","targetHints":{"allow":["GET"]}}],"collection":[{"href":"https:\/\/cheapcarhiregreece.com\/fr\/wp-json\/wp\/v2\/pages"}],"about":[{"href":"https:\/\/cheapcarhiregreece.com\/fr\/wp-json\/wp\/v2\/types\/page"}],"author":[{"embeddable":true,"href":"https:\/\/cheapcarhiregreece.com\/fr\/wp-json\/wp\/v2\/users\/1"}],"replies":[{"embeddable":true,"href":"https:\/\/cheapcarhiregreece.com\/fr\/wp-json\/wp\/v2\/comments?post=12256"}],"version-history":[{"count":2,"href":"https:\/\/cheapcarhiregreece.com\/fr\/wp-json\/wp\/v2\/pages\/12256\/revisions"}],"predecessor-version":[{"id":12259,"href":"https:\/\/cheapcarhiregreece.com\/fr\/wp-json\/wp\/v2\/pages\/12256\/revisions\/12259"}],"wp:attachment":[{"href":"https:\/\/cheapcarhiregreece.com\/fr\/wp-json\/wp\/v2\/media?parent=12256"}],"curies":[{"name":"wp","href":"https:\/\/api.w.org\/{rel}","templated":true}]}}