{"id":12260,"date":"2024-11-16T19:10:06","date_gmt":"2024-11-16T17:10:06","guid":{"rendered":"https:\/\/cheapcarhiregreece.com\/?page_id=12260"},"modified":"2024-12-21T13:39:17","modified_gmt":"2024-12-21T11:39:17","slug":"livraison-et-collecte-de-voitures-chez-ktel-macedoine","status":"publish","type":"page","link":"https:\/\/cheapcarhiregreece.com\/fr\/livraison-et-collecte-de-voitures-chez-ktel-macedoine\/","title":{"rendered":"Livraison et collecte de voitures chez KTEL Mac\u00e9doine"},"content":{"rendered":"<div class=\"fusion-fullwidth fullwidth-box fusion-builder-row-1 fusion-flex-container has-pattern-background has-mask-background nonhundred-percent-fullwidth non-hundred-percent-height-scrolling\" style=\"--awb-border-radius-top-left:0px;--awb-border-radius-top-right:0px;--awb-border-radius-bottom-right:0px;--awb-border-radius-bottom-left:0px;--awb-flex-wrap:wrap;\" ><div class=\"fusion-builder-row fusion-row fusion-flex-align-items-flex-start fusion-flex-content-wrap\" style=\"max-width:1320.8px;margin-left: calc(-4% \/ 2 );margin-right: calc(-4% \/ 2 );\"><div class=\"fusion-layout-column fusion_builder_column fusion-builder-column-0 fusion_builder_column_1_1 1_1 fusion-flex-column\" style=\"--awb-bg-size:cover;--awb-width-large:100%;--awb-margin-top-large:0px;--awb-spacing-right-large:1.92%;--awb-margin-bottom-large:20px;--awb-spacing-left-large:1.92%;--awb-width-medium:100%;--awb-order-medium:0;--awb-spacing-right-medium:1.92%;--awb-spacing-left-medium:1.92%;--awb-width-small:100%;--awb-order-small:0;--awb-spacing-right-small:1.92%;--awb-spacing-left-small:1.92%;\"><div class=\"fusion-column-wrapper fusion-column-has-shadow fusion-flex-justify-content-flex-start fusion-content-layout-column\"><div class=\"fusion-image-element \" style=\"text-align:center;--awb-caption-title-font-family:var(--h2_typography-font-family);--awb-caption-title-font-weight:var(--h2_typography-font-weight);--awb-caption-title-font-style:var(--h2_typography-font-style);--awb-caption-title-size:var(--h2_typography-font-size);--awb-caption-title-transform:var(--h2_typography-text-transform);--awb-caption-title-line-height:var(--h2_typography-line-height);--awb-caption-title-letter-spacing:var(--h2_typography-letter-spacing);\"><span class=\" fusion-imageframe imageframe-none imageframe-1 hover-type-none\"><img decoding=\"async\" width=\"1200\" height=\"600\" title=\"kteal\" src=\"https:\/\/cheapcarhiregreece.com\/wp-content\/uploads\/2024\/11\/kteal-1200x600.jpg\" alt class=\"img-responsive wp-image-12211\" srcset=\"https:\/\/cheapcarhiregreece.com\/wp-content\/uploads\/2024\/11\/kteal-200x100.jpg 200w, https:\/\/cheapcarhiregreece.com\/wp-content\/uploads\/2024\/11\/kteal-400x200.jpg 400w, https:\/\/cheapcarhiregreece.com\/wp-content\/uploads\/2024\/11\/kteal-600x300.jpg 600w, https:\/\/cheapcarhiregreece.com\/wp-content\/uploads\/2024\/11\/kteal-800x400.jpg 800w, https:\/\/cheapcarhiregreece.com\/wp-content\/uploads\/2024\/11\/kteal-1200x600.jpg 1200w, https:\/\/cheapcarhiregreece.com\/wp-content\/uploads\/2024\/11\/kteal.jpg 1500w\" sizes=\"(max-width: 640px) 100vw, 1200px\" \/><\/span><\/div><div class=\"fusion-text fusion-text-1\"><h2 style=\"text-align: center;\"><span style=\"color: #0000ff;\"><strong>Remise et R\u00e9cup\u00e9ration de Voitures \u00e0 KTEL Macedonia avec CheapCarHireGreece : Commodit\u00e9 et Confort pour Vos Voyages<\/strong><\/span><\/h2>\n<p>Le KTEL Macedonia \u00e0 Thessalonique est l&rsquo;un des principaux hubs de transport pour les voyageurs souhaitant explorer le nord de la Gr\u00e8ce et au-del\u00e0. Le KTEL Macedonia relie Thessalonique \u00e0 de nombreuses villes du nord de la Gr\u00e8ce et permet l&rsquo;acc\u00e8s \u00e0 des stations touristiques populaires. Si vous arrivez en ville via le KTEL, <strong>CheapCarHireGreece<\/strong> vous offre la solution id\u00e9ale pour commencer votre voyage en confort et commodit\u00e9 : le service <strong>de remise et de r\u00e9cup\u00e9ration de voitures \u00e0 KTEL Macedonia<\/strong>.<\/p>\n<p>Avec notre service, vous pouvez r\u00e9cup\u00e9rer la voiture de votre choix directement \u00e0 KTEL Macedonia, sans avoir \u00e0 vous d\u00e9placer vers un autre endroit de la ville ou chercher un taxi. Nous nous chargeons de vous livrer le v\u00e9hicule d\u00e8s votre arriv\u00e9e, vous faisant ainsi gagner un temps pr\u00e9cieux et vous permettant de commencer imm\u00e9diatement votre aventure \u00e0 Thessalonique ou dans les environs.<\/p>\n<h3 style=\"text-align: center;\"><span style=\"color: #0000ff;\"><strong>Comment fonctionne le service de remise\/r\u00e9cup\u00e9ration de voiture \u00e0 KTEL Macedonia<\/strong><\/span><\/h3>\n<p>Le processus est simple et rapide :<\/p>\n<ol>\n<li><strong>R\u00e9servation de la voiture :<\/strong> Visitez notre site Web ou contactez-nous par t\u00e9l\u00e9phone et r\u00e9servez la voiture de votre choix, en s\u00e9lectionnant le service <strong>de remise\/r\u00e9cup\u00e9ration \u00e0 KTEL Macedonia<\/strong>. Veuillez nous informer de l&rsquo;heure d&rsquo;arriv\u00e9e de votre bus.<\/li>\n<li><strong>Remise de la voiture :<\/strong> Un de nos repr\u00e9sentants vous attendra \u00e0 KTEL Macedonia au moment de votre arriv\u00e9e avec la voiture que vous avez choisie. Tous les documents n\u00e9cessaires seront pr\u00eats pour finaliser la r\u00e9cup\u00e9ration du v\u00e9hicule en quelques minutes.<\/li>\n<li><strong>Retour de la voiture :<\/strong> Lorsque vous aurez termin\u00e9 votre voyage ou votre visite \u00e0 Thessalonique, vous pourrez rendre la voiture \u00e0 KTEL Macedonia ou \u00e0 tout autre endroit que nous desservons.<\/li>\n<\/ol>\n<p>Avec notre service, vous n&rsquo;avez pas \u00e0 vous soucier de proc\u00e9dures compliqu\u00e9es ou de retards. Nous sommes ici pour rendre votre voyage plus facile et agr\u00e9able.<\/p>\n<h3 style=\"text-align: center;\"><span style=\"color: #0000ff;\"><strong>Avantages de la remise et r\u00e9cup\u00e9ration de voiture \u00e0 KTEL Macedonia<\/strong><\/span><\/h3>\n<ol>\n<li><strong>Remise imm\u00e9diate et facile :<\/strong> Vous n&rsquo;avez pas besoin de vous d\u00e9placer vers un autre endroit pour r\u00e9cup\u00e9rer votre voiture. Elle vous attendra \u00e0 KTEL Macedonia.<\/li>\n<li><strong>Gain de temps :<\/strong> Sans avoir \u00e0 attendre un taxi ou chercher des agences de location de voitures, vous pouvez continuer votre voyage imm\u00e9diatement.<\/li>\n<li><strong>Flexibilit\u00e9 des choix :<\/strong> Des voitures \u00e9conomiques aux plus grands SUV ou mod\u00e8les de luxe, nous avons des v\u00e9hicules pour chaque besoin.<\/li>\n<li><strong>Prix abordables :<\/strong> Nos tarifs sont comp\u00e9titifs et sans frais cach\u00e9s, vous garantissant la meilleure relation qualit\u00e9-prix.<\/li>\n<li><strong>Service fiable :<\/strong> Notre personnel est toujours pr\u00eat \u00e0 vous servir et \u00e0 rendre votre exp\u00e9rience aussi agr\u00e9able et facile que possible.<\/li>\n<li><strong>Entretien et s\u00e9curit\u00e9 :<\/strong> Tous nos v\u00e9hicules sont en excellent \u00e9tat et s\u00fbrs pour que vous puissiez voyager sans souci.<\/li>\n<\/ol>\n<h3 style=\"text-align: center;\"><span style=\"color: #0000ff;\"><strong>Destinations \u00e0 explorer avec votre voiture<\/strong><\/span><\/h3>\n<p>KTEL Macedonia est le point de d\u00e9part id\u00e9al pour explorer Thessalonique et ses environs. Que vous souhaitiez rester en ville ou voyager dans le nord de la Gr\u00e8ce, votre voiture vous offrira la libert\u00e9 de d\u00e9couvrir :<\/p>\n<ul>\n<li><strong>Le centre de Thessalonique :<\/strong> Explorez la ville, la Tour Blanche, la Vieille Ville, le Port et les principales places de la ville avec confort et facilit\u00e9.<\/li>\n<li><strong>Chalcidique :<\/strong> Avec la voiture, vous avez un acc\u00e8s direct aux plages et villages de la Chalcidique, tels que Nikiti, Sithonia et Kallithea.<\/li>\n<li><strong>Le Mont Olympe :<\/strong> La voiture est le meilleur choix pour explorer le Parc National de l&rsquo;Olympe et ses sentiers de montagne.<\/li>\n<li><strong>Vergina et Pella :<\/strong> D\u00e9couvrez le site arch\u00e9ologique de Vergina, lieu de s\u00e9pulture des rois mac\u00e9doniens, et l&rsquo;histoire longue de la r\u00e9gion.<\/li>\n<li><strong>Kavala et Drama :<\/strong> Avec la voiture, vous pouvez facilement atteindre la belle ville de Kavala et ses villages environnants, en profitant du paysage naturel et des plages.<\/li>\n<\/ul>\n<h3 style=\"text-align: center;\"><span style=\"color: #0000ff;\"><strong>Pourquoi choisir CheapCarHireGreece<\/strong><\/span><\/h3>\n<p>Chez <strong>CheapCarHireGreece<\/strong>, nous nous engageons \u00e0 offrir une exp\u00e9rience de location de voiture exceptionnelle et fiable. Que ce soit pour un voyage d&rsquo;affaires ou des vacances, nous avons toutes les solutions dont vous avez besoin pour vous d\u00e9placer confortablement et rapidement.<\/p>\n<ol>\n<li><strong>Exp\u00e9rience et fiabilit\u00e9 :<\/strong> Avec des ann\u00e9es d&rsquo;exp\u00e9rience dans le domaine de la location, nous savons comment bien servir nos clients.<\/li>\n<li><strong>Large gamme de v\u00e9hicules :<\/strong> Des mod\u00e8les \u00e9conomiques aux voitures de luxe et SUV, nous couvrons tous les besoins de transport.<\/li>\n<li><strong>Transparence des prix :<\/strong> Il n&rsquo;y a pas de frais cach\u00e9s. Nos tarifs sont clairs et comp\u00e9titifs.<\/li>\n<li><strong>Excellente maintenance :<\/strong> Nos v\u00e9hicules sont enti\u00e8rement entretenus et s\u00fbrs pour votre voyage.<\/li>\n<li><strong>Service exceptionnel :<\/strong> Notre \u00e9quipe est toujours pr\u00eate \u00e0 vous aider pour toute question ou besoin pendant la location.<\/li>\n<\/ol>\n<h2 style=\"text-align: center;\"><span style=\"background-color: blue; color: white; border: 10px solid 0a85ff;\"><strong>Pour r\u00e9server, contactez-nous par t\u00e9l\u00e9phone au +30 2317 00 2300 !!<\/strong><\/span><\/h2>\n<\/div><\/div><\/div><\/div><\/div>\n","protected":false},"excerpt":{"rendered":"","protected":false},"author":1,"featured_media":0,"parent":0,"menu_order":0,"comment_status":"closed","ping_status":"closed","template":"100-width.php","meta":{"footnotes":""},"class_list":["post-12260","page","type-page","status-publish","hentry"],"_links":{"self":[{"href":"https:\/\/cheapcarhiregreece.com\/fr\/wp-json\/wp\/v2\/pages\/12260","targetHints":{"allow":["GET"]}}],"collection":[{"href":"https:\/\/cheapcarhiregreece.com\/fr\/wp-json\/wp\/v2\/pages"}],"about":[{"href":"https:\/\/cheapcarhiregreece.com\/fr\/wp-json\/wp\/v2\/types\/page"}],"author":[{"embeddable":true,"href":"https:\/\/cheapcarhiregreece.com\/fr\/wp-json\/wp\/v2\/users\/1"}],"replies":[{"embeddable":true,"href":"https:\/\/cheapcarhiregreece.com\/fr\/wp-json\/wp\/v2\/comments?post=12260"}],"version-history":[{"count":2,"href":"https:\/\/cheapcarhiregreece.com\/fr\/wp-json\/wp\/v2\/pages\/12260\/revisions"}],"predecessor-version":[{"id":12262,"href":"https:\/\/cheapcarhiregreece.com\/fr\/wp-json\/wp\/v2\/pages\/12260\/revisions\/12262"}],"wp:attachment":[{"href":"https:\/\/cheapcarhiregreece.com\/fr\/wp-json\/wp\/v2\/media?parent=12260"}],"curies":[{"name":"wp","href":"https:\/\/api.w.org\/{rel}","templated":true}]}}