{"id":12264,"date":"2024-11-16T18:54:20","date_gmt":"2024-11-16T16:54:20","guid":{"rendered":"https:\/\/cheapcarhiregreece.com\/?page_id=12264"},"modified":"2024-12-21T13:41:32","modified_gmt":"2024-12-21T11:41:32","slug":"livraison-et-recuperation-de-voitures-a-ose-thessalonique","status":"publish","type":"page","link":"https:\/\/cheapcarhiregreece.com\/fr\/livraison-et-recuperation-de-voitures-a-ose-thessalonique\/","title":{"rendered":"Livraison et r\u00e9cup\u00e9ration de voitures \u00e0 OSE Thessalonique"},"content":{"rendered":"<div class=\"fusion-fullwidth fullwidth-box fusion-builder-row-1 fusion-flex-container has-pattern-background has-mask-background nonhundred-percent-fullwidth non-hundred-percent-height-scrolling\" style=\"--awb-border-radius-top-left:0px;--awb-border-radius-top-right:0px;--awb-border-radius-bottom-right:0px;--awb-border-radius-bottom-left:0px;--awb-flex-wrap:wrap;\" ><div class=\"fusion-builder-row fusion-row fusion-flex-align-items-flex-start fusion-flex-content-wrap\" style=\"max-width:1320.8px;margin-left: calc(-4% \/ 2 );margin-right: calc(-4% \/ 2 );\"><div class=\"fusion-layout-column fusion_builder_column fusion-builder-column-0 fusion_builder_column_1_1 1_1 fusion-flex-column\" style=\"--awb-bg-size:cover;--awb-width-large:100%;--awb-margin-top-large:0px;--awb-spacing-right-large:1.92%;--awb-margin-bottom-large:20px;--awb-spacing-left-large:1.92%;--awb-width-medium:100%;--awb-order-medium:0;--awb-spacing-right-medium:1.92%;--awb-spacing-left-medium:1.92%;--awb-width-small:100%;--awb-order-small:0;--awb-spacing-right-small:1.92%;--awb-spacing-left-small:1.92%;\"><div class=\"fusion-column-wrapper fusion-column-has-shadow fusion-flex-justify-content-flex-start fusion-content-layout-column\"><div class=\"fusion-image-element \" style=\"text-align:center;--awb-caption-title-font-family:var(--h2_typography-font-family);--awb-caption-title-font-weight:var(--h2_typography-font-weight);--awb-caption-title-font-style:var(--h2_typography-font-style);--awb-caption-title-size:var(--h2_typography-font-size);--awb-caption-title-transform:var(--h2_typography-text-transform);--awb-caption-title-line-height:var(--h2_typography-line-height);--awb-caption-title-letter-spacing:var(--h2_typography-letter-spacing);\"><span class=\" fusion-imageframe imageframe-none imageframe-1 hover-type-none\"><img decoding=\"async\" width=\"1200\" height=\"600\" alt=\"\u03a0\u03b1\u03c1\u03ac\u03b4\u03bf\u03c3\u03b7 \u03ba\u03b1\u03b9 \u03a0\u03b1\u03c1\u03b1\u03bb\u03b1\u03b2\u03ae \u0391\u03c5\u03c4\u03bf\u03ba\u03b9\u03bd\u03ae\u03c4\u03c9\u03bd \u03c3\u03c4\u03bf\u03bd \u039f\u03a3\u0395 \u0398\u03b5\u03c3\u03c3\u03b1\u03bb\u03bf\u03bd\u03af\u03ba\u03b7\u03c2\" src=\"https:\/\/cheapcarhiregreece.com\/wp-content\/uploads\/2024\/11\/\u039f\u03a3\u0395-1200x600.jpg\" class=\"img-responsive wp-image-11656\" srcset=\"https:\/\/cheapcarhiregreece.com\/wp-content\/uploads\/2024\/11\/\u039f\u03a3\u0395-200x100.jpg 200w, https:\/\/cheapcarhiregreece.com\/wp-content\/uploads\/2024\/11\/\u039f\u03a3\u0395-400x200.jpg 400w, https:\/\/cheapcarhiregreece.com\/wp-content\/uploads\/2024\/11\/\u039f\u03a3\u0395-600x300.jpg 600w, https:\/\/cheapcarhiregreece.com\/wp-content\/uploads\/2024\/11\/\u039f\u03a3\u0395-800x400.jpg 800w, https:\/\/cheapcarhiregreece.com\/wp-content\/uploads\/2024\/11\/\u039f\u03a3\u0395-1200x600.jpg 1200w, https:\/\/cheapcarhiregreece.com\/wp-content\/uploads\/2024\/11\/\u039f\u03a3\u0395.jpg 1500w\" sizes=\"(max-width: 640px) 100vw, 1200px\" \/><\/span><\/div><div class=\"fusion-text fusion-text-1\"><h2 style=\"text-align: center;\"><strong><span style=\"color: #0000ff;\">Livraison et Retour de Voitures \u00e0 la Gare OSE de Thessalonique avec CheapCarHireGreece : Confort et Commodit\u00e9 pour vos Voyages<\/span><\/strong><\/h2>\n<p>La gare OSE de Thessalonique est l&rsquo;un des principaux hubs ferroviaires de Gr\u00e8ce, desservant des milliers de voyageurs chaque jour. Que vous arriviez \u00e0 Thessalonique pour des raisons professionnelles ou pour explorer la magnifique Gr\u00e8ce du Nord, il est essentiel de disposer d&rsquo;un moyen de transport rapide, confortable et \u00e9conomique. Chez <a href=\"https:\/\/cheapcarhiregreece.com\/\"><strong>CheapCarHireGreece<\/strong><\/a>, nous proposons un service sp\u00e9cialis\u00e9 de <strong>livraison et retour de voitures \u00e0 la <a href=\"https:\/\/maps.app.goo.gl\/a2vWWSVYQQzr7Yx76\" target=\"_blank\" rel=\"noopener\">Gare OSE de Thessalonique<\/a><\/strong>, con\u00e7u pour rendre votre voyage aussi facile et agr\u00e9able que possible.<br \/>\nAvec notre service, vous gagnez un temps pr\u00e9cieux, vous \u00e9vitez les tracas inutiles et vous avez un acc\u00e8s imm\u00e9diat \u00e0 une voiture d\u00e8s que vous en avez besoin. Voici pourquoi ce service est essentiel pour chaque voyageur qui souhaite explorer Thessalonique et ses environs avec facilit\u00e9 et confort.<\/p>\n<h3 style=\"text-align: center;\"><strong><span style=\"color: #0000ff;\">Qu&rsquo;est-ce que le service de livraison\/retour de voiture \u00e0 la Gare OSE de Thessalonique ?<\/span><\/strong><\/h3>\n<p>Notre service vous permet de r\u00e9cup\u00e9rer votre voiture de location directement \u00e0 la gare OSE de Thessalonique d\u00e8s votre arriv\u00e9e, sans retard ni d\u00e9placements inutiles. De plus, lorsque vous aurez termin\u00e9 votre voyage, vous pourrez retourner la voiture \u00e0 la m\u00eame gare ou \u00e0 tout autre endroit que nous desservons.<br \/>\nCela signifie que <a href=\"https:\/\/cheapcarhiregreece.com\/\"><strong>CheapCarHireGreece<\/strong><\/a> vous garantit commodit\u00e9, service rapide et une totale flexibilit\u00e9. Que vous voyagiez seul, en famille ou en groupe, ce service vous \u00e9pargnera des tracas, en vous offrant la flexibilit\u00e9 et le confort que vous m\u00e9ritez.<\/p>\n<h3 style=\"text-align: center;\"><span style=\"color: #0000ff;\"><strong>Comment fonctionne notre service \u00e0 la Gare OSE de Thessalonique<\/strong><\/span><\/h3>\n<p>Le processus est simple et convivial :<\/p>\n<ol>\n<li><strong><span style=\"color: #0000ff;\">R\u00e9servation de la voiture<\/span> :<\/strong> Lors de votre r\u00e9servation en ligne sur notre site, s\u00e9lectionnez l&rsquo;option \u00ab\u00a0livraison\/retour de voiture \u00e0 la Gare OSE de Thessalonique\u00a0\u00bb. Informez-nous de l&rsquo;heure exacte de votre arriv\u00e9e et du train que vous empruntez.<\/li>\n<li><strong><span style=\"color: #0000ff;\">Livraison de la voiture \u00e0 la gare<\/span> :<\/strong> Le jour de votre arriv\u00e9e, un membre de notre \u00e9quipe vous attendra \u00e0 la gare OSE de Thessalonique avec le v\u00e9hicule que vous avez choisi. Tous les documents n\u00e9cessaires seront pr\u00eats pour que vous puissiez r\u00e9cup\u00e9rer votre voiture en quelques minutes.<\/li>\n<li><strong><span style=\"color: #0000ff;\">Flexibilit\u00e9 pour le retour<\/span> :<\/strong> Une fois votre voyage termin\u00e9, vous pouvez retourner la voiture \u00e0 la Gare OSE de Thessalonique ou \u00e0 tout autre endroit qui vous convient le mieux.<\/li>\n<\/ol>\n<p>Notre service est con\u00e7u pour \u00eatre simple, rapide et sans d\u00e9marches inutiles, afin que vous puissiez commencer et terminer votre voyage sans stress.<\/p>\n<h3 style=\"text-align: center;\"><span style=\"color: #0000ff;\"><strong>Avantages de la livraison et du retour de voitures \u00e0 la Gare OSE de Thessalonique<\/strong><\/span><\/h3>\n<ol>\n<li><strong><span style=\"color: #0000ff;\">Confort et commodit\u00e9<\/span> :<\/strong> Votre voiture vous attend directement \u00e0 la gare, pr\u00eate \u00e0 \u00eatre utilis\u00e9e d\u00e8s votre arriv\u00e9e.<\/li>\n<li><strong><span style=\"color: #0000ff;\">Gain de temps<\/span> :<\/strong> Pas besoin de chercher un taxi ou de vous d\u00e9placer vers un bureau de location de voitures.<\/li>\n<li><strong><span style=\"color: #0000ff;\">Flexibilit\u00e9 dans le choix de la voiture<\/span> :<\/strong> Des mod\u00e8les \u00e9conomiques aux plus grands v\u00e9hicules familiaux et SUV, nous couvrons tous vos besoins.<\/li>\n<li><strong><span style=\"color: #0000ff;\">Prix abordables<\/span> :<\/strong> Nos services sont \u00e9conomiques, offrant le meilleur rapport qualit\u00e9-prix.<\/li>\n<li><strong><span style=\"color: #0000ff;\">Service professionnel<\/span> :<\/strong> Notre \u00e9quipe est toujours pr\u00eate \u00e0 vous offrir un service avec professionnalisme et amabilit\u00e9.<\/li>\n<\/ol>\n<h3 style=\"text-align: center;\"><span style=\"color: #0000ff;\"><strong>Pourquoi la Gare OSE de Thessalonique est le point de d\u00e9part id\u00e9al<\/strong><\/span><\/h3>\n<p>La <a href=\"https:\/\/maps.app.goo.gl\/a2vWWSVYQQzr7Yx76\" target=\"_blank\" rel=\"noopener\">gare OSE de Thessalonique<\/a> est situ\u00e9e dans un endroit strat\u00e9gique, vous permettant de commencer votre voyage vers plusieurs destinations :<\/p>\n<ul>\n<li><strong><span style=\"color: #0000ff;\">Centre de Thessalonique<\/span> :<\/strong> En quelques minutes, vous pouvez explorer le centre historique de la ville, la Tour Blanche, la Rotonde et la vieille ville.<\/li>\n<li><strong><span style=\"color: #0000ff;\">Chalkidiki<\/span> :<\/strong> L&rsquo;acc\u00e8s aux plages pittoresques et aux villages de Chalkidiki devient beaucoup plus facile avec votre propre voiture.<\/li>\n<li><strong><span style=\"color: #0000ff;\">Mont Olympe et Pieria<\/span> :<\/strong> Les amateurs de nature et d&rsquo;aventure peuvent se diriger vers le Mont Olympe pour la randonn\u00e9e ou simplement profiter des belles plages de Pieria.<\/li>\n<li><strong><span style=\"color: #0000ff;\">Vergina et Pella<\/span> :<\/strong> D\u00e9couvrez les sites arch\u00e9ologiques et l&rsquo;histoire de la Mac\u00e9doine.<\/li>\n<li><strong><span style=\"color: #0000ff;\">Kavala et Drama<\/span> :<\/strong> Laissez-vous envo\u00fbter par les villes c\u00f4ti\u00e8res et explorez les beaut\u00e9s de la Mac\u00e9doine orientale.<\/li>\n<\/ul>\n<p>Thessalonique est la base id\u00e9ale pour explorer le Nord de la Gr\u00e8ce et le reste du pays, et <strong>CheapCarHireGreece<\/strong> est l\u00e0 pour vous aider \u00e0 le faire facilement.<\/p>\n<h3 style=\"text-align: center;\"><span style=\"color: #0000ff;\"><strong>Pourquoi choisir CheapCarHireGreece<\/strong><\/span><\/h3>\n<ol>\n<li><strong><span style=\"color: #0000ff;\">Exp\u00e9rience longue<\/span> :<\/strong> Forts de nombreuses ann\u00e9es d&rsquo;exp\u00e9rience dans la location de voitures, nous savons exactement ce dont les voyageurs ont besoin.<\/li>\n<li><strong><span style=\"color: #0000ff;\">Large choix de voitures<\/span> :<\/strong> Des mod\u00e8les \u00e9conomiques aux voitures de luxe, nous avons des options pour tous les go\u00fbts.<\/li>\n<li><strong><span style=\"color: #0000ff;\">Transparence des prix<\/span> :<\/strong> Pas de frais cach\u00e9s, vous ne payez que ce qui a \u00e9t\u00e9 convenu.<\/li>\n<li><strong><span style=\"color: #0000ff;\">Service client<\/span> :<\/strong> Notre \u00e9quipe est disponible pour toute aide ou information dont vous pourriez avoir besoin.<\/li>\n<\/ol>\n<p>Que vous arriviez pour une r\u00e9union professionnelle ou que vous planifiez d&rsquo;explorer la magnifique Gr\u00e8ce du Nord, le service de <strong>livraison et retour de voitures \u00e0 la Gare OSE de Thessalonique<\/strong> vous offre le moyen id\u00e9al de commencer votre voyage sans retard.<\/p>\n<h2 style=\"text-align: center;\"><span style=\"background-color: blue; color: white; border: 10px solid 0a85ff;\"><strong>Pour r\u00e9server, contactez-nous par t\u00e9l\u00e9phone au +30 2317 00 2300 !!<\/strong><\/span><\/h2>\n<\/div><\/div><\/div><\/div><\/div>\n","protected":false},"excerpt":{"rendered":"","protected":false},"author":1,"featured_media":0,"parent":0,"menu_order":0,"comment_status":"closed","ping_status":"closed","template":"100-width.php","meta":{"footnotes":""},"class_list":["post-12264","page","type-page","status-publish","hentry"],"_links":{"self":[{"href":"https:\/\/cheapcarhiregreece.com\/fr\/wp-json\/wp\/v2\/pages\/12264","targetHints":{"allow":["GET"]}}],"collection":[{"href":"https:\/\/cheapcarhiregreece.com\/fr\/wp-json\/wp\/v2\/pages"}],"about":[{"href":"https:\/\/cheapcarhiregreece.com\/fr\/wp-json\/wp\/v2\/types\/page"}],"author":[{"embeddable":true,"href":"https:\/\/cheapcarhiregreece.com\/fr\/wp-json\/wp\/v2\/users\/1"}],"replies":[{"embeddable":true,"href":"https:\/\/cheapcarhiregreece.com\/fr\/wp-json\/wp\/v2\/comments?post=12264"}],"version-history":[{"count":2,"href":"https:\/\/cheapcarhiregreece.com\/fr\/wp-json\/wp\/v2\/pages\/12264\/revisions"}],"predecessor-version":[{"id":12266,"href":"https:\/\/cheapcarhiregreece.com\/fr\/wp-json\/wp\/v2\/pages\/12264\/revisions\/12266"}],"wp:attachment":[{"href":"https:\/\/cheapcarhiregreece.com\/fr\/wp-json\/wp\/v2\/media?parent=12264"}],"curies":[{"name":"wp","href":"https:\/\/api.w.org\/{rel}","templated":true}]}}