{"id":12783,"date":"2025-12-07T10:37:27","date_gmt":"2025-12-07T08:37:27","guid":{"rendered":"https:\/\/cheapcarhiregreece.com\/?page_id=12783"},"modified":"2025-12-07T14:24:38","modified_gmt":"2025-12-07T12:24:38","slug":"suv","status":"publish","type":"page","link":"https:\/\/cheapcarhiregreece.com\/fr\/suv\/","title":{"rendered":"SUV"},"content":{"rendered":"<div class=\"fusion-fullwidth fullwidth-box fusion-builder-row-1 fusion-flex-container has-pattern-background has-mask-background nonhundred-percent-fullwidth non-hundred-percent-height-scrolling\" style=\"--awb-border-radius-top-left:0px;--awb-border-radius-top-right:0px;--awb-border-radius-bottom-right:0px;--awb-border-radius-bottom-left:0px;--awb-flex-wrap:wrap;\" ><div class=\"fusion-builder-row fusion-row fusion-flex-align-items-flex-start fusion-flex-content-wrap\" style=\"max-width:1320.8px;margin-left: calc(-4% \/ 2 );margin-right: calc(-4% \/ 2 );\"><div class=\"fusion-layout-column fusion_builder_column fusion-builder-column-0 fusion_builder_column_1_1 1_1 fusion-flex-column\" style=\"--awb-bg-size:cover;--awb-width-large:100%;--awb-margin-top-large:0px;--awb-spacing-right-large:1.92%;--awb-margin-bottom-large:20px;--awb-spacing-left-large:1.92%;--awb-width-medium:100%;--awb-order-medium:0;--awb-spacing-right-medium:1.92%;--awb-spacing-left-medium:1.92%;--awb-width-small:100%;--awb-order-small:0;--awb-spacing-right-small:1.92%;--awb-spacing-left-small:1.92%;\"><div class=\"fusion-column-wrapper fusion-column-has-shadow fusion-flex-justify-content-flex-start fusion-content-layout-column\"><div class=\"fusion-text fusion-text-1\"><h1 style=\"text-align: center;\" data-start=\"2058\" data-end=\"2121\"><strong data-start=\"2060\" data-end=\"2119\">Location de SUV pas cher au centre-ville de Thessalonique<\/strong><\/h1>\n<\/div><div class=\"fusion-image-element \" style=\"text-align:center;--awb-caption-title-font-family:var(--h2_typography-font-family);--awb-caption-title-font-weight:var(--h2_typography-font-weight);--awb-caption-title-font-style:var(--h2_typography-font-style);--awb-caption-title-size:var(--h2_typography-font-size);--awb-caption-title-transform:var(--h2_typography-text-transform);--awb-caption-title-line-height:var(--h2_typography-line-height);--awb-caption-title-letter-spacing:var(--h2_typography-letter-spacing);\"><span class=\" fusion-imageframe imageframe-none imageframe-1 hover-type-none\"><img decoding=\"async\" width=\"800\" height=\"500\" src=\"https:\/\/cheapcarhiregreece.com\/wp-content\/uploads\/2025\/12\/feafaeef.jpg.webp\" alt class=\"img-responsive wp-image-12779\" srcset=\"https:\/\/cheapcarhiregreece.com\/wp-content\/uploads\/2025\/12\/feafaeef.jpg-200x125.webp 200w, https:\/\/cheapcarhiregreece.com\/wp-content\/uploads\/2025\/12\/feafaeef.jpg-400x250.webp 400w, https:\/\/cheapcarhiregreece.com\/wp-content\/uploads\/2025\/12\/feafaeef.jpg-600x375.webp 600w, https:\/\/cheapcarhiregreece.com\/wp-content\/uploads\/2025\/12\/feafaeef.jpg.webp 800w\" sizes=\"(max-width: 640px) 100vw, 800px\" \/><\/span><\/div><div class=\"fusion-text fusion-text-2\"><h2 style=\"text-align: center;\" data-start=\"190\" data-end=\"263\"><strong data-start=\"192\" data-end=\"261\">Le meilleur choix pour la location de SUV pas cher \u00e0 Thessalonique<\/strong><\/h2>\n<p data-start=\"264\" data-end=\"717\">La <strong data-start=\"266\" data-end=\"301\">location de SUV pas cher \u00e0 <a href=\"https:\/\/maps.app.goo.gl\/Cf6WNLy5nvxMuFi2A\" target=\"_blank\" rel=\"noopener\">Thessalonique<\/a><\/strong> est la solution id\u00e9ale pour ceux qui voyagent dans la co-capitale et recherchent un v\u00e9hicule confortable, s\u00fbr et \u00e9conomique. Les SUV combinent espace, stabilit\u00e9 et une exp\u00e9rience de conduite de qualit\u00e9, rendant chaque trajet confortable et agr\u00e9able. Chez cheapcarhiregreece, nous proposons des SUV de haute qualit\u00e9 \u00e0 des prix r\u00e9ellement abordables, sans frais cach\u00e9s et avec une transparence totale \u00e0 chaque \u00e9tape du processus de location.<\/p>\n<h2 style=\"text-align: center;\" data-start=\"724\" data-end=\"793\"><strong data-start=\"726\" data-end=\"791\">Avantages offerts par la location de SUV pas cher \u00e0 Thessalonique<\/strong><\/h2>\n<p data-start=\"794\" data-end=\"1325\">Avec la <strong>location de SUV abordable \u00e0 <a href=\"https:\/\/maps.app.goo.gl\/Cf6WNLy5nvxMuFi2A\" target=\"_blank\" rel=\"noopener\">Thessalonique<\/a><\/strong>, les voyageurs ont acc\u00e8s \u00e0 des v\u00e9hicules offrant une grande visibilit\u00e9, une conduite confortable et d&rsquo;excellentes performances. Les <strong>SUV<\/strong> disposent de plus d&rsquo;espace int\u00e9rieur par rapport aux voitures classiques, tandis que les syst\u00e8mes de s\u00e9curit\u00e9 avanc\u00e9s renforcent la confiance au volant. De plus, la garde au sol \u00e9lev\u00e9e permet de conduire sur tout type de route, du centre-ville aux routes rurales. Tout cela, combin\u00e9 \u00e0 des co\u00fbts de location faibles, constitue un avantage significatif.<\/p>\n<\/div><div class=\"fusion-image-element \" style=\"text-align:center;--awb-caption-title-font-family:var(--h2_typography-font-family);--awb-caption-title-font-weight:var(--h2_typography-font-weight);--awb-caption-title-font-style:var(--h2_typography-font-style);--awb-caption-title-size:var(--h2_typography-font-size);--awb-caption-title-transform:var(--h2_typography-text-transform);--awb-caption-title-line-height:var(--h2_typography-line-height);--awb-caption-title-letter-spacing:var(--h2_typography-letter-spacing);\"><span class=\" fusion-imageframe imageframe-none imageframe-2 hover-type-none\"><img decoding=\"async\" width=\"700\" height=\"400\" alt=\"\u0395\u03bd\u03bf\u03b9\u03ba\u03af\u03b1\u03c3\u03b7 SUV \u0398\u03b5\u03c3\u03c3\u03b1\u03bb\u03bf\u03bd\u03af\u03ba\u03b7\" src=\"https:\/\/cheapcarhiregreece.com\/wp-content\/uploads\/2025\/12\/vwrvw.jpg\" class=\"img-responsive wp-image-12780\" srcset=\"https:\/\/cheapcarhiregreece.com\/wp-content\/uploads\/2025\/12\/vwrvw-200x114.jpg 200w, https:\/\/cheapcarhiregreece.com\/wp-content\/uploads\/2025\/12\/vwrvw-400x229.jpg 400w, https:\/\/cheapcarhiregreece.com\/wp-content\/uploads\/2025\/12\/vwrvw-600x343.jpg 600w, https:\/\/cheapcarhiregreece.com\/wp-content\/uploads\/2025\/12\/vwrvw.jpg 700w\" sizes=\"(max-width: 640px) 100vw, 700px\" \/><\/span><\/div><div class=\"fusion-text fusion-text-3\"><h3 style=\"line-height: 100px; font-family: Arial, sans-serif; font-size: 30px; background-color: #d3eaea; border: 10px solid #2907ed; border-radius: 10px; text-align: center;\"><img decoding=\"async\" class=\"alignnone size-full wp-image-12742\" src=\"https:\/\/cheapcarhiregreece.com\/wp-content\/uploads\/2025\/12\/gg.jpg\" alt=\"\" width=\"67\" height=\"67\" \/> Achetez des kilom\u00e8tres illimit\u00e9s pour voyager librement !<\/h3>\n<\/div><div class=\"fusion-text fusion-text-4\"><h2 style=\"text-align: center;\" data-start=\"1332\" data-end=\"1405\"><strong data-start=\"1334\" data-end=\"1403\">Location de SUV pas cher \u00e0 Thessalonique pour les familles et les professionnels<\/strong><\/h2>\n<p data-start=\"1406\" data-end=\"1873\">Les SUV sont id\u00e9aux pour les familles ayant besoin de plus d&rsquo;espace pour les enfants et les bagages, ainsi que pour les professionnels recherchant un v\u00e9hicule fiable et moderne. Avec <strong data-start=\"1588\" data-end=\"1623\">la location de SUV 4X4 \u00e0 <a href=\"https:\/\/maps.app.goo.gl\/BvHPAYVYQjuip7oS8\" target=\"_blank\" rel=\"noopener\">Aggelaki 15<\/a><\/strong>, se d\u00e9placer devient beaucoup plus confortable, que ce soit pour des vacances en famille ou des r\u00e9unions d&rsquo;affaires. La conduite stable et silencieuse, l&rsquo;habitacle spacieux et l&rsquo;espace de rangement font des SUV le choix parfait pour les longs trajets ou les d\u00e9placements quotidiens.<\/p>\n<h2 style=\"text-align: center;\" data-start=\"1880\" data-end=\"1949\"><strong data-start=\"1882\" data-end=\"1947\">Location de SUV pas cher \u00e0 Thessalonique depuis l&rsquo;a\u00e9roport Macedonia SKG<\/strong><\/h2>\n<p data-start=\"1950\" data-end=\"2366\">L&rsquo;un des avantages de cheapcarhiregreece est la possibilit\u00e9 de r\u00e9cup\u00e9rer le v\u00e9hicule directement \u00e0 l&rsquo;a\u00e9roport, rendant la <strong>location de SUV abordable dans le centre-ville de <a href=\"https:\/\/maps.app.goo.gl\/Cf6WNLy5nvxMuFi2A\" target=\"_blank\" rel=\"noopener\">Thessalonique<\/a><\/strong> encore plus pratique. Les voyageurs peuvent commencer leur voyage imm\u00e9diatement sans attendre les transports en commun ou les taxis. Le processus est rapide et sans tracas, et le v\u00e9hicule est livr\u00e9 propre, entretenu et pr\u00eat \u00e0 l&#8217;emploi.<\/p>\n<\/div><div class=\"fusion-image-element \" style=\"text-align:center;--awb-caption-title-font-family:var(--h2_typography-font-family);--awb-caption-title-font-weight:var(--h2_typography-font-weight);--awb-caption-title-font-style:var(--h2_typography-font-style);--awb-caption-title-size:var(--h2_typography-font-size);--awb-caption-title-transform:var(--h2_typography-text-transform);--awb-caption-title-line-height:var(--h2_typography-line-height);--awb-caption-title-letter-spacing:var(--h2_typography-letter-spacing);\"><span class=\" fusion-imageframe imageframe-none imageframe-3 hover-type-none\"><img decoding=\"async\" width=\"700\" height=\"400\" alt=\"Jeep Renegade\" src=\"https:\/\/cheapcarhiregreece.com\/wp-content\/uploads\/2025\/12\/jgjgjg.jpg\" class=\"img-responsive wp-image-12781\" srcset=\"https:\/\/cheapcarhiregreece.com\/wp-content\/uploads\/2025\/12\/jgjgjg-200x114.jpg 200w, https:\/\/cheapcarhiregreece.com\/wp-content\/uploads\/2025\/12\/jgjgjg-400x229.jpg 400w, https:\/\/cheapcarhiregreece.com\/wp-content\/uploads\/2025\/12\/jgjgjg-600x343.jpg 600w, https:\/\/cheapcarhiregreece.com\/wp-content\/uploads\/2025\/12\/jgjgjg.jpg 700w\" sizes=\"(max-width: 640px) 100vw, 700px\" \/><\/span><\/div><div class=\"fusion-text fusion-text-5\"><h1 style=\"text-align: center;\" data-start=\"2373\" data-end=\"2444\"><strong data-start=\"2375\" data-end=\"2442\">Explorez le nord de la Gr\u00e8ce avec la location de SUV pas cher \u00e0 Thessalonique<\/strong><\/h1>\n<p data-start=\"2445\" data-end=\"2916\">Avec un SUV \u00e0 votre disposition, les options pour des excursions courtes ou plus longues sont infinies. <strong data-start=\"2543\" data-end=\"2578\">La location de SUV pas cher \u00e0 Aggelaki 15<\/strong> vous permet d&rsquo;explorer la Chalcidique, le mont Olympe, le mont Athos (jusqu&rsquo;aux zones autoris\u00e9es), les lacs de Mac\u00e9doine ou toute autre destination de votre choix. Le confort, la position de conduite sur\u00e9lev\u00e9e et la stabilit\u00e9 des SUV rendent chaque trajet plus s\u00fbr et plus agr\u00e9able. M\u00eame par temps difficile, les SUV r\u00e9pondent parfaitement.<\/p>\n<h2 style=\"text-align: center;\" data-start=\"2923\" data-end=\"3004\"><strong data-start=\"2925\" data-end=\"3002\">Pourquoi choisir cheapcarhiregreece pour la location de SUV pas cher \u00e0 Thessalonique<\/strong><\/h2>\n<p data-start=\"3005\" data-end=\"3174\">Chez <a href=\"https:\/\/cheapcarhiregreece.com\/\">cheapcarhiregreece<\/a>, nous privil\u00e9gions un service excellent et des v\u00e9hicules de qualit\u00e9 sup\u00e9rieure. Avec <strong data-start=\"3122\" data-end=\"3157\">la location de SUV pas cher dans le centre de <a href=\"https:\/\/maps.app.goo.gl\/Cf6WNLy5nvxMuFi2A\" target=\"_blank\" rel=\"noopener\">Thessalonique<\/a><\/strong>, vous b\u00e9n\u00e9ficiez de :<\/p>\n<ul data-start=\"3175\" data-end=\"3438\">\n<li data-start=\"3175\" data-end=\"3214\">\n<p data-start=\"3177\" data-end=\"3214\">des SUV modernes et enti\u00e8rement entretenus<\/p>\n<\/li>\n<li data-start=\"3215\" data-end=\"3268\">\n<p data-start=\"3217\" data-end=\"3268\">des tarifs transparents et coh\u00e9rents sans frais suppl\u00e9mentaires<\/p>\n<\/li>\n<li data-start=\"3269\" data-end=\"3299\">\n<p data-start=\"3271\" data-end=\"3299\">possibilit\u00e9 d&rsquo;un second conducteur <strong>gratuit<\/strong><\/p>\n<\/li>\n<li data-start=\"3269\" data-end=\"3299\">\n<p data-start=\"3271\" data-end=\"3299\">si\u00e8ges enfants et \u00e9quipement suppl\u00e9mentaire sur demande<\/p>\n<\/li>\n<li data-start=\"3361\" data-end=\"3381\">\n<p data-start=\"3363\" data-end=\"3381\">assistance 24h\/24 et 7j\/7<\/p>\n<\/li>\n<li data-start=\"3382\" data-end=\"3438\">\n<p data-start=\"3384\" data-end=\"3438\">livraison et r\u00e9cup\u00e9ration flexibles dans toute Thessalonique<\/p>\n<\/li>\n<\/ul>\n<p data-start=\"3440\" data-end=\"3552\">Notre exp\u00e9rience dans le secteur de la location de voitures garantit confort, fiabilit\u00e9 et excellent rapport qualit\u00e9-prix.<\/p>\n<h2 style=\"text-align: center;\" data-start=\"3440\" data-end=\"3552\"><strong>Location de SUV 4X4 pas cher et abordable dans le centre-ville de Thessalonique<\/strong><\/h2>\n<\/div><div class=\"fusion-image-element \" style=\"text-align:center;--awb-caption-title-font-family:var(--h2_typography-font-family);--awb-caption-title-font-weight:var(--h2_typography-font-weight);--awb-caption-title-font-style:var(--h2_typography-font-style);--awb-caption-title-size:var(--h2_typography-font-size);--awb-caption-title-transform:var(--h2_typography-text-transform);--awb-caption-title-line-height:var(--h2_typography-line-height);--awb-caption-title-letter-spacing:var(--h2_typography-letter-spacing);\"><span class=\" fusion-imageframe imageframe-none imageframe-4 hover-type-none\"><img decoding=\"async\" width=\"800\" height=\"500\" src=\"https:\/\/cheapcarhiregreece.com\/wp-content\/uploads\/2025\/12\/S-CROSS.jpg.webp\" alt class=\"img-responsive wp-image-12782\" srcset=\"https:\/\/cheapcarhiregreece.com\/wp-content\/uploads\/2025\/12\/S-CROSS.jpg-200x125.webp 200w, https:\/\/cheapcarhiregreece.com\/wp-content\/uploads\/2025\/12\/S-CROSS.jpg-400x250.webp 400w, https:\/\/cheapcarhiregreece.com\/wp-content\/uploads\/2025\/12\/S-CROSS.jpg-600x375.webp 600w, https:\/\/cheapcarhiregreece.com\/wp-content\/uploads\/2025\/12\/S-CROSS.jpg.webp 800w\" sizes=\"(max-width: 640px) 100vw, 800px\" \/><\/span><\/div><div class=\"fusion-text fusion-text-6\"><h1 style=\"text-align: center;\" data-start=\"3559\" data-end=\"3633\"><strong data-start=\"3561\" data-end=\"3631\">Le choix id\u00e9al pour la location de SUV abordable \u00e0 Thessalonique<\/strong><\/h1>\n<p data-start=\"3634\" data-end=\"4096\">Si vous voyagez \u00e0 Thessalonique et recherchez une combinaison d&rsquo;accessibilit\u00e9, de confort et de qualit\u00e9 de conduite, <strong data-start=\"3739\" data-end=\"3774\">la location de SUV 4X4 \u00e0 Thessalonique<\/strong> est la meilleure solution. Avec un SUV, vous pouvez voyager confortablement, explorer toute la Gr\u00e8ce du Nord et profiter d&rsquo;un v\u00e9hicule qui r\u00e9pond \u00e0 tous vos besoins. cheapcarhiregreece propose des SUV fiables aux prix les plus comp\u00e9titifs du march\u00e9, garantissant une exp\u00e9rience excellente du d\u00e9but \u00e0 la fin.<\/p>\n<\/div><div class=\"fusion-text fusion-text-7\"><h3 style=\"line-height: 100px; font-family: Arial, sans-serif; font-size: 30px; background-color: #d3eaea; border: 10px solid #2907ed; border-radius: 10px; text-align: center;\"><img decoding=\"async\" class=\"alignnone size-full wp-image-12740\" src=\"https:\/\/cheapcarhiregreece.com\/wp-content\/uploads\/2025\/12\/\u03b5\u03c6\u03b1\u03c6\u03b5.jpg\" alt=\"\" width=\"67\" height=\"67\" \/> Achetez une assurance pour r\u00e9duire votre franchise !<\/h3>\n<\/div><\/div><\/div><\/div><\/div>\n","protected":false},"excerpt":{"rendered":"","protected":false},"author":1,"featured_media":0,"parent":0,"menu_order":0,"comment_status":"closed","ping_status":"closed","template":"100-width.php","meta":{"footnotes":""},"class_list":["post-12783","page","type-page","status-publish","hentry"],"_links":{"self":[{"href":"https:\/\/cheapcarhiregreece.com\/fr\/wp-json\/wp\/v2\/pages\/12783","targetHints":{"allow":["GET"]}}],"collection":[{"href":"https:\/\/cheapcarhiregreece.com\/fr\/wp-json\/wp\/v2\/pages"}],"about":[{"href":"https:\/\/cheapcarhiregreece.com\/fr\/wp-json\/wp\/v2\/types\/page"}],"author":[{"embeddable":true,"href":"https:\/\/cheapcarhiregreece.com\/fr\/wp-json\/wp\/v2\/users\/1"}],"replies":[{"embeddable":true,"href":"https:\/\/cheapcarhiregreece.com\/fr\/wp-json\/wp\/v2\/comments?post=12783"}],"version-history":[{"count":3,"href":"https:\/\/cheapcarhiregreece.com\/fr\/wp-json\/wp\/v2\/pages\/12783\/revisions"}],"predecessor-version":[{"id":12790,"href":"https:\/\/cheapcarhiregreece.com\/fr\/wp-json\/wp\/v2\/pages\/12783\/revisions\/12790"}],"wp:attachment":[{"href":"https:\/\/cheapcarhiregreece.com\/fr\/wp-json\/wp\/v2\/media?parent=12783"}],"curies":[{"name":"wp","href":"https:\/\/api.w.org\/{rel}","templated":true}]}}