{"id":12334,"date":"2024-08-12T18:47:38","date_gmt":"2024-08-12T15:47:38","guid":{"rendered":"https:\/\/cheapcarhiregreece.com\/?page_id=12334"},"modified":"2024-12-21T14:28:45","modified_gmt":"2024-12-21T12:28:45","slug":"noleggio-auto-skg-economico-allaeroporto-di-salonicco","status":"publish","type":"page","link":"https:\/\/cheapcarhiregreece.com\/it\/noleggio-auto-skg-economico-allaeroporto-di-salonicco\/","title":{"rendered":"Noleggio auto SKG economico all&#8217;aeroporto di Salonicco"},"content":{"rendered":"<div class=\"fusion-fullwidth fullwidth-box fusion-builder-row-1 fusion-flex-container has-pattern-background has-mask-background nonhundred-percent-fullwidth non-hundred-percent-height-scrolling\" style=\"--awb-border-radius-top-left:0px;--awb-border-radius-top-right:0px;--awb-border-radius-bottom-right:0px;--awb-border-radius-bottom-left:0px;--awb-flex-wrap:wrap;\" ><div class=\"fusion-builder-row fusion-row fusion-flex-align-items-flex-start fusion-flex-content-wrap\" style=\"max-width:1320.8px;margin-left: calc(-4% \/ 2 );margin-right: calc(-4% \/ 2 );\"><div class=\"fusion-layout-column fusion_builder_column fusion-builder-column-0 fusion_builder_column_1_1 1_1 fusion-flex-column\" style=\"--awb-bg-size:cover;--awb-width-large:100%;--awb-margin-top-large:0px;--awb-spacing-right-large:1.92%;--awb-margin-bottom-large:20px;--awb-spacing-left-large:1.92%;--awb-width-medium:100%;--awb-order-medium:0;--awb-spacing-right-medium:1.92%;--awb-spacing-left-medium:1.92%;--awb-width-small:100%;--awb-order-small:0;--awb-spacing-right-small:1.92%;--awb-spacing-left-small:1.92%;\"><div class=\"fusion-column-wrapper fusion-column-has-shadow fusion-flex-justify-content-flex-start fusion-content-layout-column\"><div class=\"fusion-image-element \" style=\"text-align:center;--awb-caption-title-font-family:var(--h2_typography-font-family);--awb-caption-title-font-weight:var(--h2_typography-font-weight);--awb-caption-title-font-style:var(--h2_typography-font-style);--awb-caption-title-size:var(--h2_typography-font-size);--awb-caption-title-transform:var(--h2_typography-text-transform);--awb-caption-title-line-height:var(--h2_typography-line-height);--awb-caption-title-letter-spacing:var(--h2_typography-letter-spacing);\"><span class=\" fusion-imageframe imageframe-none imageframe-1 hover-type-none\"><img decoding=\"async\" width=\"1200\" height=\"600\" title=\"\u03a6\u03b8\u03b7\u03bd\u03ae \u0395\u03bd\u03bf\u03b9\u03ba\u03af\u03b1\u03c3\u03b7 \u03b1\u03c5\u03c4\u03bf\u03ba\u03b9\u03bd\u03ae\u03c4\u03bf\u03c5 skg \u03b1\u03b5\u03c1\u03bf\u03b4\u03c1\u03cc\u03bc\u03b9\u03bf \u0398\u03b5\u03c3\u03c3\u03b1\u03bb\u03bf\u03bd\u03af\u03ba\u03b7\u03c2\" src=\"https:\/\/cheapcarhiregreece.com\/wp-content\/uploads\/2024\/08\/\u03bc\u03b1\u03ba\u03b5\u03b4\u03bf\u03bd\u03b9\u03b1-1200x600.jpg\" alt class=\"img-responsive wp-image-12335\" srcset=\"https:\/\/cheapcarhiregreece.com\/wp-content\/uploads\/2024\/08\/\u03bc\u03b1\u03ba\u03b5\u03b4\u03bf\u03bd\u03b9\u03b1-200x100.jpg 200w, https:\/\/cheapcarhiregreece.com\/wp-content\/uploads\/2024\/08\/\u03bc\u03b1\u03ba\u03b5\u03b4\u03bf\u03bd\u03b9\u03b1-400x200.jpg 400w, https:\/\/cheapcarhiregreece.com\/wp-content\/uploads\/2024\/08\/\u03bc\u03b1\u03ba\u03b5\u03b4\u03bf\u03bd\u03b9\u03b1-600x300.jpg 600w, https:\/\/cheapcarhiregreece.com\/wp-content\/uploads\/2024\/08\/\u03bc\u03b1\u03ba\u03b5\u03b4\u03bf\u03bd\u03b9\u03b1-800x400.jpg 800w, https:\/\/cheapcarhiregreece.com\/wp-content\/uploads\/2024\/08\/\u03bc\u03b1\u03ba\u03b5\u03b4\u03bf\u03bd\u03b9\u03b1-1200x600.jpg 1200w, https:\/\/cheapcarhiregreece.com\/wp-content\/uploads\/2024\/08\/\u03bc\u03b1\u03ba\u03b5\u03b4\u03bf\u03bd\u03b9\u03b1.jpg 1500w\" sizes=\"(max-width: 640px) 100vw, 1200px\" \/><\/span><\/div><div class=\"fusion-text fusion-text-1\"><h1 style=\"text-align: center; color: #519ced;\">Noleggio auto economico SKG <a href=\"https:\/\/maps.app.goo.gl\/rHWZtYGtmQNAbRst8\" target=\"_blank\" rel=\"noopener\">Aeroporto di Salonicco Macedonia<\/a><\/h1>\n<p>Salonicco, la seconda citt\u00e0 pi\u00f9 grande della Grecia e punto centrale per chi desidera esplorare la Grecia del Nord, \u00e8 una destinazione che offre molto. Dai monumenti storici e gli eventi culturali, ai quartieri cosmopoliti e alle escursioni nei dintorni, questa citt\u00e0 rappresenta il punto di partenza ideale per scoprire la regione. Tuttavia, per godere appieno di tutto ci\u00f2 che Salonicco e la sua area circostante hanno da offrire, \u00e8 importante avere la libert\u00e0 di spostarsi con facilit\u00e0. Qui entra in gioco il noleggio auto economico <a href=\"https:\/\/maps.app.goo.gl\/rHWZtYGtmQNAbRst8\" target=\"_blank\" rel=\"noopener\">aeroporto SKG Macedonia<\/a>, con <a href=\"https:\/\/cheapcarhiregreece.com\/\">CheapCarHireGreece<\/a>.<\/p>\n<h2 style=\"text-align: center; color: #519ced;\">Perch\u00e9 scegliere il noleggio auto economico SKG Aeroporto Salonicco Macedonia?<\/h2>\n<p>Il noleggio auto economico SKG Aeroporto Salonicco Macedonia \u00e8 la scelta pi\u00f9 pratica e comoda per spostarsi a Salonicco e nelle sue aree circostanti. L&#8217;Aeroporto Macedonia, che si trova a soli 15 km dal centro della citt\u00e0, \u00e8 il principale punto di arrivo per i visitatori della Grecia del Nord. Ecco alcuni motivi per cui il noleggio auto dall&#8217;Aeroporto SKG \u00e8 la migliore opzione:<\/p>\n<h4 style=\"color: #519ced;\">1. Comfort e Convenienza dal Momento del Tuo Arrivo<\/h4>\n<p>Al tuo arrivo a Salonicco, l&#8217;ultima cosa che vuoi fare \u00e8 perdere tempo cercando mezzi di trasporto. Il noleggio auto Aeroporto SKG ti permette di ritirare il tuo veicolo immediatamente dopo essere uscito dall&#8217;aeroporto. Da <a href=\"https:\/\/cheapcarhiregreece.com\/\">CheapCarHireGreece<\/a>, comprendiamo l&#8217;esigenza di spostamenti rapidi e facili, per questo ci assicuriamo che l&#8217;auto che hai scelto sia pronta e disponibile nel momento in cui ne hai bisogno. In questo modo, puoi iniziare il tuo viaggio senza ritardi, godendo fin da subito di tutto ci\u00f2 che Salonicco ha da offrire.<\/p>\n<\/div><div class=\"fusion-image-element \" style=\"text-align:center;--awb-caption-title-font-family:var(--h2_typography-font-family);--awb-caption-title-font-weight:var(--h2_typography-font-weight);--awb-caption-title-font-style:var(--h2_typography-font-style);--awb-caption-title-size:var(--h2_typography-font-size);--awb-caption-title-transform:var(--h2_typography-text-transform);--awb-caption-title-line-height:var(--h2_typography-line-height);--awb-caption-title-letter-spacing:var(--h2_typography-letter-spacing);\"><span class=\" fusion-imageframe imageframe-none imageframe-2 hover-type-none\"><img decoding=\"async\" width=\"1200\" height=\"600\" title=\"\u03a6\u03b8\u03b7\u03bd\u03ae \u03b5\u03bd\u03bf\u03b9\u03ba\u03af\u03b1\u03c3\u03b7 \u03b1\u03c5\u03c4\u03bf\u03ba\u03b9\u03bd\u03ae\u03c4\u03bf\u03c5 SKG\" src=\"https:\/\/cheapcarhiregreece.com\/wp-content\/uploads\/2024\/12\/\u03b5\u03b12.jpg\" alt class=\"img-responsive wp-image-12340\" srcset=\"https:\/\/cheapcarhiregreece.com\/wp-content\/uploads\/2024\/12\/\u03b5\u03b12-200x100.jpg 200w, https:\/\/cheapcarhiregreece.com\/wp-content\/uploads\/2024\/12\/\u03b5\u03b12-400x200.jpg 400w, https:\/\/cheapcarhiregreece.com\/wp-content\/uploads\/2024\/12\/\u03b5\u03b12-600x300.jpg 600w, https:\/\/cheapcarhiregreece.com\/wp-content\/uploads\/2024\/12\/\u03b5\u03b12-800x400.jpg 800w, https:\/\/cheapcarhiregreece.com\/wp-content\/uploads\/2024\/12\/\u03b5\u03b12.jpg 1200w\" sizes=\"(max-width: 640px) 100vw, 1200px\" \/><\/span><\/div><div class=\"fusion-text fusion-text-2\"><h4 style=\"color: #519ced;\">2. Flessibilit\u00e0 e Indipendenza nei Tuoi Spostamenti<\/h4>\n<p>Salonicco \u00e8 una citt\u00e0 con molte aree che meritano di essere esplorate, dal centro storico ai quartieri pi\u00f9 moderni e alle periferie. Tuttavia, questa citt\u00e0 \u00e8 anche la porta di accesso ad alcune delle destinazioni pi\u00f9 belle della Grecia del Nord, come la Calcidica, il Monte Pelio, i Meteora e il lago Kerkini. Noleggiando un&#8217;auto presso <a href=\"https:\/\/maps.app.goo.gl\/rHWZtYGtmQNAbRst8\" target=\"_blank\" rel=\"noopener\">Aeroporto di Salonicco Macedonia<\/a>, o direttamente dal centro della citt\u00e0 con <a href=\"https:\/\/cheapcarhiregreece.com\/\">CheapCarHireGreece<\/a>, acquisisci la libert\u00e0 di pianificare il tuo itinerario senza dipendere dagli orari dei mezzi pubblici o limitarti a orari prestabiliti.<\/p>\n<h4 style=\"color: #519ced;\">3. Parco Auto Ricco e Vario<\/h4>\n<p>Con il noleggio auto economico SKG Aeroporto Salonicco Macedonia di <a href=\"https:\/\/cheapcarhiregreece.com\/\">CheapCarHireGreece<\/a>, offriamo una vasta gamma di veicoli che soddisfano ogni esigenza e preferenza. A seconda del tipo di viaggio che stai pianificando, puoi scegliere tra auto compatte e agili, ideali per le strette strade del centro storico di Salonicco, veicoli familiari con ampi spazi per i bagagli, o anche SUV di lusso per comode e lunghe percorrenze sulla Calcidica o nelle montagne della Grecia del Nord. Tutti i nostri veicoli sono dotati di tecnologia moderna, ben mantenuti e completamente equipaggiati con tutte le comodit\u00e0 e caratteristiche di sicurezza necessarie per offrirti un&#8217;esperienza di guida senza interruzioni.<\/p>\n<h4 style=\"color: #519ced;\">4. Tariffe Competititve e Trasparenza<\/h4>\n<p>Il noleggio auto economico SKG Aeroporto Salonicco non deve essere costoso. Su <a href=\"https:\/\/cheapcarhiregreece.com\/\">CheapCarHireGreece<\/a>, offriamo tariffe competitive che si adattano a ogni budget, senza sacrificare la qualit\u00e0 dei nostri servizi. Inoltre, la nostra politica di trasparenza nei costi significa che saprai esattamente cosa stai pagando fin dall&#8217;inizio, senza costi nascosti o spiacevoli sorprese. Le nostre tariffe includono tutte le coperture necessarie, come assicurazione, tasse e cancellazione gratuita in caso di modifiche ai tuoi piani.<\/p>\n<h4 style=\"color: #519ced;\">5. Eccellente Servizio Clienti<\/h4>\n<p>Il nostro team di <a href=\"https:\/\/cheapcarhiregreece.com\/\">CheapCarHireGreece<\/a> \u00e8 dedicato a offrire un servizio clienti eccezionale. Dalla prenotazione dell&#8217;auto alla restituzione del veicolo, siamo qui per supportarti in ogni fase del tuo viaggio. Che tu abbia bisogno di aiuto nella scelta del veicolo giusto o di consigli per il tuo viaggio a Salonicco e nella Grecia del Nord, il nostro team \u00e8 sempre disponibile per assisterti con un sorriso e professionalit\u00e0.<\/p>\n<\/div><div class=\"fusion-image-element \" style=\"text-align:center;--awb-caption-title-font-family:var(--h2_typography-font-family);--awb-caption-title-font-weight:var(--h2_typography-font-weight);--awb-caption-title-font-style:var(--h2_typography-font-style);--awb-caption-title-size:var(--h2_typography-font-size);--awb-caption-title-transform:var(--h2_typography-text-transform);--awb-caption-title-line-height:var(--h2_typography-line-height);--awb-caption-title-letter-spacing:var(--h2_typography-letter-spacing);\"><span class=\" fusion-imageframe imageframe-none imageframe-3 hover-type-none\"><img decoding=\"async\" width=\"1200\" height=\"600\" title=\"\u03a6\u03b8\u03b7\u03bd\u03ae \u0395\u03bd\u03bf\u03b9\u03ba\u03af\u03b1\u03c3\u03b7 \u03b1\u03c5\u03c4\u03bf\u03ba\u03b9\u03bd\u03ae\u03c4\u03bf\u03c5 skg \u03b1\u03b5\u03c1\u03bf\u03b4\u03c1\u03cc\u03bc\u03b9\u03bf \u0398\u03b5\u03c3\u03c3\u03b1\u03bb\u03bf\u03bd\u03af\u03ba\u03b7\u03c2\" src=\"https:\/\/cheapcarhiregreece.com\/wp-content\/uploads\/2024\/11\/\u0395\u03bd\u03bf\u03b9\u03ba\u03af\u03b1\u03c3\u03b7-\u03b1\u03c5\u03c4\u03bf\u03ba\u03b9\u03bd\u03ae\u03c4\u03bf\u03c5-\u03b1\u03b5\u03c1\u03bf\u03b4\u03c1\u03cc\u03bc\u03b9\u03bf-1200x600.jpg\" alt class=\"img-responsive wp-image-12341\" srcset=\"https:\/\/cheapcarhiregreece.com\/wp-content\/uploads\/2024\/11\/\u0395\u03bd\u03bf\u03b9\u03ba\u03af\u03b1\u03c3\u03b7-\u03b1\u03c5\u03c4\u03bf\u03ba\u03b9\u03bd\u03ae\u03c4\u03bf\u03c5-\u03b1\u03b5\u03c1\u03bf\u03b4\u03c1\u03cc\u03bc\u03b9\u03bf-200x100.jpg 200w, https:\/\/cheapcarhiregreece.com\/wp-content\/uploads\/2024\/11\/\u0395\u03bd\u03bf\u03b9\u03ba\u03af\u03b1\u03c3\u03b7-\u03b1\u03c5\u03c4\u03bf\u03ba\u03b9\u03bd\u03ae\u03c4\u03bf\u03c5-\u03b1\u03b5\u03c1\u03bf\u03b4\u03c1\u03cc\u03bc\u03b9\u03bf-400x200.jpg 400w, https:\/\/cheapcarhiregreece.com\/wp-content\/uploads\/2024\/11\/\u0395\u03bd\u03bf\u03b9\u03ba\u03af\u03b1\u03c3\u03b7-\u03b1\u03c5\u03c4\u03bf\u03ba\u03b9\u03bd\u03ae\u03c4\u03bf\u03c5-\u03b1\u03b5\u03c1\u03bf\u03b4\u03c1\u03cc\u03bc\u03b9\u03bf-600x300.jpg 600w, https:\/\/cheapcarhiregreece.com\/wp-content\/uploads\/2024\/11\/\u0395\u03bd\u03bf\u03b9\u03ba\u03af\u03b1\u03c3\u03b7-\u03b1\u03c5\u03c4\u03bf\u03ba\u03b9\u03bd\u03ae\u03c4\u03bf\u03c5-\u03b1\u03b5\u03c1\u03bf\u03b4\u03c1\u03cc\u03bc\u03b9\u03bf-800x400.jpg 800w, https:\/\/cheapcarhiregreece.com\/wp-content\/uploads\/2024\/11\/\u0395\u03bd\u03bf\u03b9\u03ba\u03af\u03b1\u03c3\u03b7-\u03b1\u03c5\u03c4\u03bf\u03ba\u03b9\u03bd\u03ae\u03c4\u03bf\u03c5-\u03b1\u03b5\u03c1\u03bf\u03b4\u03c1\u03cc\u03bc\u03b9\u03bf-1200x600.jpg 1200w, https:\/\/cheapcarhiregreece.com\/wp-content\/uploads\/2024\/11\/\u0395\u03bd\u03bf\u03b9\u03ba\u03af\u03b1\u03c3\u03b7-\u03b1\u03c5\u03c4\u03bf\u03ba\u03b9\u03bd\u03ae\u03c4\u03bf\u03c5-\u03b1\u03b5\u03c1\u03bf\u03b4\u03c1\u03cc\u03bc\u03b9\u03bf.jpg 1500w\" sizes=\"(max-width: 640px) 100vw, 1200px\" \/><\/span><\/div><div class=\"fusion-text fusion-text-3\"><h3 style=\"text-align: center; color: #519ced;\">Scopri la Grecia del Nord con il noleggio auto economico dall&#8217;Aeroporto SKG di Salonicco<\/h3>\n<p>La Grecia del Nord \u00e8 una destinazione ricca di contrasti e sorprese, con una storia affascinante, paesaggi naturali mozzafiato e delizie gastronomiche che ti rimarranno impresse. Dalle spiagge sabbiose di Halkidiki ai villaggi tradizionali del Monte Pelio, dai castelli bizantini di Salonicco ai famosi Meteora, questa regione ha qualcosa da offrire a ogni visitatore.<br \/>\nScegliendo <a href=\"https:\/\/cheapcarhiregreece.com\/\">CheepCarHireGreece<\/a> per il noleggio auto economico presso l&#8217;Aeroporto SKG di Salonicco, scegli il comfort, la comodit\u00e0 e la sicurezza di cui hai bisogno per goderti al massimo il tuo viaggio. Con la libert\u00e0 di pianificare il tuo itinerario e fermarti quando e dove vuoi, puoi esplorare ogni angolo della Grecia del Nord al tuo ritmo, creando ricordi indimenticabili.<\/p>\n<h3 style=\"text-align: center; color: #519ced;\">Conclusione: La chiave per un viaggio indimenticabile<\/h3>\n<p>Il noleggio auto economico presso l&#8217;Aeroporto SKG di Salonicco tramite <a href=\"https:\/\/cheapcarhiregreece.com\/\">CheepCarHireGreece<\/a> \u00e8 la soluzione perfetta per ogni viaggiatore che desidera esplorare la citt\u00e0 e le destinazioni circostanti con comfort ed economia. Dalla consegna immediata dell&#8217;auto e la flessibilit\u00e0 nei tuoi spostamenti, ai prezzi competitivi e al servizio clienti eccellente, offriamo tutto ci\u00f2 di cui hai bisogno per iniziare il tuo viaggio nel migliore dei modi.<br \/>\nVisita il nostro sito web e prenota oggi stesso per garantirti la migliore esperienza di noleggio auto a Salonicco. Che tu stia pianificando una breve fuga o un viaggio pi\u00f9 lungo, siamo qui per aiutarti a esplorare la Grecia con comfort, sicurezza e totale libert\u00e0. Non vediamo l&#8217;ora di rendere il tuo viaggio un&#8217;esperienza indimenticabile!<\/p>\n<\/div><\/div><\/div><\/div><\/div>\n","protected":false},"excerpt":{"rendered":"","protected":false},"author":1,"featured_media":0,"parent":0,"menu_order":0,"comment_status":"closed","ping_status":"closed","template":"100-width.php","meta":{"footnotes":""},"class_list":["post-12334","page","type-page","status-publish","hentry"],"_links":{"self":[{"href":"https:\/\/cheapcarhiregreece.com\/it\/wp-json\/wp\/v2\/pages\/12334","targetHints":{"allow":["GET"]}}],"collection":[{"href":"https:\/\/cheapcarhiregreece.com\/it\/wp-json\/wp\/v2\/pages"}],"about":[{"href":"https:\/\/cheapcarhiregreece.com\/it\/wp-json\/wp\/v2\/types\/page"}],"author":[{"embeddable":true,"href":"https:\/\/cheapcarhiregreece.com\/it\/wp-json\/wp\/v2\/users\/1"}],"replies":[{"embeddable":true,"href":"https:\/\/cheapcarhiregreece.com\/it\/wp-json\/wp\/v2\/comments?post=12334"}],"version-history":[{"count":2,"href":"https:\/\/cheapcarhiregreece.com\/it\/wp-json\/wp\/v2\/pages\/12334\/revisions"}],"predecessor-version":[{"id":12343,"href":"https:\/\/cheapcarhiregreece.com\/it\/wp-json\/wp\/v2\/pages\/12334\/revisions\/12343"}],"wp:attachment":[{"href":"https:\/\/cheapcarhiregreece.com\/it\/wp-json\/wp\/v2\/media?parent=12334"}],"curies":[{"name":"wp","href":"https:\/\/api.w.org\/{rel}","templated":true}]}}