{"id":12364,"date":"2022-07-09T10:36:33","date_gmt":"2022-07-09T07:36:33","guid":{"rendered":"https:\/\/cheapcarhiregreece.com\/?page_id=12364"},"modified":"2024-12-22T14:15:03","modified_gmt":"2024-12-22T12:15:03","slug":"condizioni-di-noleggio","status":"publish","type":"page","link":"https:\/\/cheapcarhiregreece.com\/it\/condizioni-di-noleggio\/","title":{"rendered":"Condizioni di noleggio"},"content":{"rendered":"<p><strong>Condizioni di Noleggio<\/strong><\/p>\n<p>Per noleggiare il veicolo \u00e8 possibile pagare in contante, con carta di credito o con carta di debito. Per il deposito del veicolo \u00e8 richiesto il pagamento con carta di credito: 300\u20ac per la categoria piccola, 400\u20ac per la categoria media, 600\u20ac per la categoria familiare, 1200\u20ac per SUV\/JEEP.<\/p>\n<p>La durata minima di noleggio \u00e8 di 1 giorno, basata su un sistema a 24 ore (l&#8217;orario di restituzione deve essere lo stesso dell&#8217;orario di ritiro alla data di partenza). Il noleggio e il deposito del veicolo devono essere pagati in anticipo.<\/p>\n<p>Non \u00e8 consentito portare animali a bordo del veicolo, salvo che siano in appositi contenitori o gabbie.<\/p>\n<p>Il locatario \u00e8 obbligato a restituire il veicolo alla data, ora (max. +30 minuti) e luogo stabiliti a un rappresentante dell&#8217;azienda. Qualsiasi modifica (prolungamento o accorciamento) richiede l&#8217;autorizzazione scritta del locatore. I ritardi oltre i 30 minuti vengono addebitati come un giorno aggiuntivo.<\/p>\n<p>I costi del carburante sono a carico del locatario. Il livello del carburante alla restituzione deve essere uguale a quello al momento del ritiro, altrimenti verr\u00e0 applicata una tariffa per il carburante consumato e una tassa aggiuntiva di 10,00\u20ac per il servizio di rifornimento, pi\u00f9 IVA sull&#8217;importo totale. Non verr\u00e0 effettuato alcun rimborso per carburante non utilizzato.<\/p>\n<p>Il locatario \u00e8 responsabile, dal momento del ritiro del veicolo fino alla restituzione al rappresentante dell&#8217;azienda, per le multe stradali, le infrazioni, il parcheggio illegale e le sanzioni amministrative che verranno emesse durante il periodo di noleggio, e deve pagarle. In caso contrario, l&#8217;importo della multa, pi\u00f9 una tassa amministrativa di 15,00\u20ac, pi\u00f9 IVA sull&#8217;importo totale, verr\u00e0 addebitato dal locatore, che ne sar\u00e0 informato dal locatario al momento della restituzione del veicolo o successivamente dalle autorit\u00e0 di polizia.<\/p>\n<p>Il locatario deve ispezionare il veicolo prima di ogni utilizzo insieme a un rappresentante dell&#8217;azienda e indicare eventuali danni nel registro danni. Il veicolo deve essere restituito esattamente nelle stesse condizioni.<\/p>\n<p>L&#8217;assicurazione inclusa nel prezzo del noleggio copre: responsabilit\u00e0 per danni a persone e cose a terzi.<\/p>\n<p>Se il locatario \u00e8 coinvolto in un incidente o causa danni al veicolo, indipendentemente dall&#8217;assicurazione, deve immediatamente informare la polizia (Tel. 100) e il locatore affinch\u00e9 possa inviare il servizio di incidente. Alla restituzione del veicolo, il rapporto della polizia e i documenti del servizio incidente devono essere forniti. In caso contrario, il locatario sar\u00e0 ritenuto responsabile e addebitato per il costo totale dei danni e per il periodo di riparazione, anche se ha accettato un pacchetto assicurativo. In caso di colpa del locatario, quest&#8217;ultimo sar\u00e0 responsabile per il 30% dei premi annuali (minimo 100,00\u20ac) pi\u00f9 una tassa di 30\u20ac (spese per fascicolo), pi\u00f9 IVA.<\/p>\n<p>Il locatario pu\u00f2 limitare la propria responsabilit\u00e0 per danni al veicolo noleggiato a un importo minimo di 750,00\u20ac + IVA (a seconda della categoria del veicolo e del valore di mercato attuale del veicolo al momento dell&#8217;incidente, pi\u00f9 IVA), se accetta preventivamente la rinuncia alla responsabilit\u00e0 per danni (C.D.W.). Il limite di responsabilit\u00e0 \u00e8 stabilito dal locatore in base alla categoria del veicolo.<\/p>\n<p>Nessuna assicurazione copre i danni nei seguenti casi: partecipazione a gare o traino di veicoli, rimorchi o altri rimorchi, sovraccarico del veicolo (come stabilito dal produttore), consenso unilaterale del locatario in caso di incidente senza avvisare immediatamente il locatore e senza la presenza della polizia (Tel. 100), guida del veicolo da parte di una terza persona non registrata (anche se possiede una patente), uso del veicolo dopo la scadenza del periodo di noleggio concordato, uso del veicolo da parte del locatario sotto l&#8217;influenza di alcol\/droghe, guida del veicolo in modo pericoloso per il veicolo o per terzi, guida su strade non percorribili (non asfaltate), uso del veicolo a pagamento, utilizzo per attivit\u00e0 illegali\/criminali secondo la legge greca, utilizzo del veicolo per lezioni di guida a terzi, uso del veicolo fuori dalla Grecia senza l&#8217;autorizzazione scritta del locatore.<\/p>\n<p>Esclusi esplicitamente dalla rinuncia alla responsabilit\u00e0 sono la distruzione\/perdita di pneumatici, cerchioni o coprimozzi, finestrini e la parte inferiore del veicolo, a meno che il locatario non abbia stipulato l&#8217;assicurazione adeguata. Esclusi esplicitamente da qualsiasi assicurazione sono anche i componenti del veicolo come chiavi, sistema audio, schermi, dispositivi di navigazione, antenne, specchi e tutte le attrezzature interne (ad esempio superfici di stivaggio, armadietti, maniglie, imbottiture, ecc.).<\/p>\n<p>Per riparazioni\/ripristino dei danni, il locatario non pu\u00f2 scegliere il laboratorio, salvo che si tratti di un&#8217;agenzia ufficiale e autorizzata del produttore del veicolo in Grecia. I costi di riparazione e i giorni di fermo sono a carico del locatario.<\/p>\n<p>Il locatario \u00e8 responsabile per le tasse locali e l&#8217;IVA sul noleggio.<\/p>\n<p>Il veicolo deve essere restituito pulito e pronto per l&#8217;ispezione; in caso contrario, potrebbe essere applicata una tassa di 15,00\u20ac + IVA. Se \u00e8 necessaria una pulizia speciale del veicolo (resina, peli di animali, ecc.), verr\u00e0 applicata una tassa minima di 60,00\u20ac + IVA.<\/p>\n<p>Il locatore non \u00e8 responsabile per gli oggetti lasciati nel veicolo dal locatario o dai passeggeri.<\/p>\n<p>Le consegne e i ritiri sono gratuiti negli uffici dell&#8217;azienda dal luned\u00ec al sabato, dalle 09:00 alle 20:00. Le consegne e i ritiri fuori dall&#8217;orario di ufficio, nei giorni festivi e la domenica, sono a pagamento.<\/p>\n<p>Un servizio di assistenza stradale \u00e8 disponibile 24 ore su 24 in tutta la Grecia, tranne che nelle isole, da dove il locatario dovr\u00e0 organizzare il trasporto di ritorno.<\/p>\n<p>Il caricamento su una nave \u00e8 consentito solo con l&#8217;autorizzazione scritta del locatore. In caso contrario, il locatario sar\u00e0 responsabile per eventuali danni o perdite durante il trasporto via nave, anche se ha accettato la clausola C.D.W.<\/p>\n<p>La guida fuori dalla Grecia \u00e8 consentita solo con l&#8217;autorizzazione scritta del locatore.<\/p>\n<p>Per tutte le controversie, sono competenti esclusivamente i tribunali di Salonicco.<\/p>\n<p>Il locatario\/potenziale locatario acconsente alla raccolta e all&#8217;uso dei propri dati personali da parte dell&#8217;azienda, con o senza l&#8217;uso di dati automatizzati, inclusa la raccolta, registrazione, organizzazione, strutturazione, archiviazione, adattamento, modifica, recupero o qualsiasi altra forma di fornitura per erogare servizi e rispondere alle sue richieste. Il locatario \u00e8 stato informato anche del diritto di revoca\/correzione\/obiezione sui propri dati personali.<\/p>\n<p>Chilometri gratuiti dal quarto giorno di noleggio (massimo 100 km\/giorno &#8211; massimo 2.500 km\/mese), i chilometri extra saranno addebitati a 0,10\u20ac + IVA per chilometro.<\/p>\n","protected":false},"excerpt":{"rendered":"<p>Condizioni di Noleggio Per noleggiare il veicolo \u00e8 possibile pagare  [&#8230;]<\/p>\n","protected":false},"author":1,"featured_media":0,"parent":0,"menu_order":0,"comment_status":"closed","ping_status":"closed","template":"","meta":{"footnotes":""},"class_list":["post-12364","page","type-page","status-publish","hentry"],"_links":{"self":[{"href":"https:\/\/cheapcarhiregreece.com\/it\/wp-json\/wp\/v2\/pages\/12364","targetHints":{"allow":["GET"]}}],"collection":[{"href":"https:\/\/cheapcarhiregreece.com\/it\/wp-json\/wp\/v2\/pages"}],"about":[{"href":"https:\/\/cheapcarhiregreece.com\/it\/wp-json\/wp\/v2\/types\/page"}],"author":[{"embeddable":true,"href":"https:\/\/cheapcarhiregreece.com\/it\/wp-json\/wp\/v2\/users\/1"}],"replies":[{"embeddable":true,"href":"https:\/\/cheapcarhiregreece.com\/it\/wp-json\/wp\/v2\/comments?post=12364"}],"version-history":[{"count":1,"href":"https:\/\/cheapcarhiregreece.com\/it\/wp-json\/wp\/v2\/pages\/12364\/revisions"}],"predecessor-version":[{"id":12365,"href":"https:\/\/cheapcarhiregreece.com\/it\/wp-json\/wp\/v2\/pages\/12364\/revisions\/12365"}],"wp:attachment":[{"href":"https:\/\/cheapcarhiregreece.com\/it\/wp-json\/wp\/v2\/media?parent=12364"}],"curies":[{"name":"wp","href":"https:\/\/api.w.org\/{rel}","templated":true}]}}