{"id":12835,"date":"2025-12-07T10:37:27","date_gmt":"2025-12-07T08:37:27","guid":{"rendered":"https:\/\/cheapcarhiregreece.com\/?page_id=12835"},"modified":"2025-12-07T14:45:52","modified_gmt":"2025-12-07T12:45:52","slug":"suv","status":"publish","type":"page","link":"https:\/\/cheapcarhiregreece.com\/it\/suv\/","title":{"rendered":"SUV"},"content":{"rendered":"<div class=\"fusion-fullwidth fullwidth-box fusion-builder-row-1 fusion-flex-container has-pattern-background has-mask-background nonhundred-percent-fullwidth non-hundred-percent-height-scrolling\" style=\"--awb-border-radius-top-left:0px;--awb-border-radius-top-right:0px;--awb-border-radius-bottom-right:0px;--awb-border-radius-bottom-left:0px;--awb-flex-wrap:wrap;\" ><div class=\"fusion-builder-row fusion-row fusion-flex-align-items-flex-start fusion-flex-content-wrap\" style=\"max-width:1320.8px;margin-left: calc(-4% \/ 2 );margin-right: calc(-4% \/ 2 );\"><div class=\"fusion-layout-column fusion_builder_column fusion-builder-column-0 fusion_builder_column_1_1 1_1 fusion-flex-column\" style=\"--awb-bg-size:cover;--awb-width-large:100%;--awb-margin-top-large:0px;--awb-spacing-right-large:1.92%;--awb-margin-bottom-large:20px;--awb-spacing-left-large:1.92%;--awb-width-medium:100%;--awb-order-medium:0;--awb-spacing-right-medium:1.92%;--awb-spacing-left-medium:1.92%;--awb-width-small:100%;--awb-order-small:0;--awb-spacing-right-small:1.92%;--awb-spacing-left-small:1.92%;\"><div class=\"fusion-column-wrapper fusion-column-has-shadow fusion-flex-justify-content-flex-start fusion-content-layout-column\"><div class=\"fusion-text fusion-text-1\"><h1 style=\"text-align: center;\" data-start=\"2058\" data-end=\"2121\"><strong data-start=\"2060\" data-end=\"2119\">Noleggio SUV Economico a Salonicco Centro Citt\u00e0<\/strong><\/h1>\n<\/div><div class=\"fusion-image-element \" style=\"text-align:center;--awb-caption-title-font-family:var(--h2_typography-font-family);--awb-caption-title-font-weight:var(--h2_typography-font-weight);--awb-caption-title-font-style:var(--h2_typography-font-style);--awb-caption-title-size:var(--h2_typography-font-size);--awb-caption-title-transform:var(--h2_typography-text-transform);--awb-caption-title-line-height:var(--h2_typography-line-height);--awb-caption-title-letter-spacing:var(--h2_typography-letter-spacing);\"><span class=\" fusion-imageframe imageframe-none imageframe-1 hover-type-none\"><img decoding=\"async\" width=\"800\" height=\"500\" src=\"https:\/\/cheapcarhiregreece.com\/wp-content\/uploads\/2025\/12\/feafaeef.jpg.webp\" alt class=\"img-responsive wp-image-12831\" srcset=\"https:\/\/cheapcarhiregreece.com\/wp-content\/uploads\/2025\/12\/feafaeef.jpg-200x125.webp 200w, https:\/\/cheapcarhiregreece.com\/wp-content\/uploads\/2025\/12\/feafaeef.jpg-400x250.webp 400w, https:\/\/cheapcarhiregreece.com\/wp-content\/uploads\/2025\/12\/feafaeef.jpg-600x375.webp 600w, https:\/\/cheapcarhiregreece.com\/wp-content\/uploads\/2025\/12\/feafaeef.jpg.webp 800w\" sizes=\"(max-width: 640px) 100vw, 800px\" \/><\/span><\/div><div class=\"fusion-text fusion-text-2\"><h2 style=\"text-align: center;\" data-start=\"190\" data-end=\"263\"><strong data-start=\"192\" data-end=\"261\">La Migliore Scelta per il Noleggio SUV Economico a Salonicco<\/strong><\/h2>\n<p data-start=\"264\" data-end=\"717\">Il <strong data-start=\"266\" data-end=\"301\">noleggio SUV economico a <a href=\"https:\/\/maps.app.goo.gl\/Cf6WNLy5nvxMuFi2A\" target=\"_blank\" rel=\"noopener\">Salonicco<\/a><\/strong> \u00e8 la soluzione ideale per chi viaggia nella seconda citt\u00e0 della Grecia e cerca un veicolo confortevole, sicuro ed economico. I SUV combinano spaziosit\u00e0, stabilit\u00e0 e un&#8217;esperienza di guida di alta qualit\u00e0, rendendo ogni viaggio comodo e piacevole. Su cheapcarhiregreece offriamo SUV di alta qualit\u00e0 a prezzi davvero accessibili, senza costi nascosti e con totale trasparenza in ogni fase del processo di noleggio.<\/p>\n<h2 style=\"text-align: center;\" data-start=\"724\" data-end=\"793\"><strong data-start=\"726\" data-end=\"791\">Vantaggi Offerti dal Noleggio SUV Economico a Salonicco<\/strong><\/h2>\n<p data-start=\"794\" data-end=\"1325\">Con il <strong>noleggio SUV economico a <a href=\"https:\/\/maps.app.goo.gl\/Cf6WNLy5nvxMuFi2A\" target=\"_blank\" rel=\"noopener\">Salonicco<\/a><\/strong>, i viaggiatori hanno accesso a veicoli che offrono alta visibilit\u00e0, guida confortevole ed eccellenti prestazioni. I <strong>SUV<\/strong> dispongono di uno spazio interno maggiore rispetto alle auto tradizionali, mentre i sistemi di sicurezza avanzati aumentano la fiducia alla guida. Inoltre, l\u2019altezza da terra maggiore consente di guidare su qualsiasi tipo di strada, dal centro citt\u00e0 alle strade di campagna. Tutto questo, combinato con un basso costo di noleggio, rappresenta un vantaggio significativo.<\/p>\n<\/div><div class=\"fusion-image-element \" style=\"text-align:center;--awb-caption-title-font-family:var(--h2_typography-font-family);--awb-caption-title-font-weight:var(--h2_typography-font-weight);--awb-caption-title-font-style:var(--h2_typography-font-style);--awb-caption-title-size:var(--h2_typography-font-size);--awb-caption-title-transform:var(--h2_typography-text-transform);--awb-caption-title-line-height:var(--h2_typography-line-height);--awb-caption-title-letter-spacing:var(--h2_typography-letter-spacing);\"><span class=\" fusion-imageframe imageframe-none imageframe-2 hover-type-none\"><img decoding=\"async\" width=\"700\" height=\"400\" alt=\"\u0395\u03bd\u03bf\u03b9\u03ba\u03af\u03b1\u03c3\u03b7 SUV \u0398\u03b5\u03c3\u03c3\u03b1\u03bb\u03bf\u03bd\u03af\u03ba\u03b7\" src=\"https:\/\/cheapcarhiregreece.com\/wp-content\/uploads\/2025\/12\/vwrvw.jpg\" class=\"img-responsive wp-image-12832\" srcset=\"https:\/\/cheapcarhiregreece.com\/wp-content\/uploads\/2025\/12\/vwrvw-200x114.jpg 200w, https:\/\/cheapcarhiregreece.com\/wp-content\/uploads\/2025\/12\/vwrvw-400x229.jpg 400w, https:\/\/cheapcarhiregreece.com\/wp-content\/uploads\/2025\/12\/vwrvw-600x343.jpg 600w, https:\/\/cheapcarhiregreece.com\/wp-content\/uploads\/2025\/12\/vwrvw.jpg 700w\" sizes=\"(max-width: 640px) 100vw, 700px\" \/><\/span><\/div><div class=\"fusion-text fusion-text-3\"><h3 style=\"line-height: 100px; font-family: Arial, sans-serif; font-size: 30px; background-color: #d3eaea; border: 10px solid #2907ed; border-radius: 10px; text-align: center;\"><img decoding=\"async\" class=\"alignnone size-full wp-image-12742\" src=\"https:\/\/cheapcarhiregreece.com\/wp-content\/uploads\/2025\/12\/gg.jpg\" alt=\"\" width=\"67\" height=\"67\" \/> Acquista chilometri illimitati per viaggiare liberamente!<\/h3>\n<\/div><div class=\"fusion-text fusion-text-4\"><h2 style=\"text-align: center;\" data-start=\"1332\" data-end=\"1405\"><strong data-start=\"1334\" data-end=\"1403\">Noleggio SUV economico a Salonicco per famiglie e professionisti<\/strong><\/h2>\n<p data-start=\"1406\" data-end=\"1873\">I SUV sono ideali per le famiglie che hanno bisogno di pi\u00f9 spazio per bambini e bagagli, cos\u00ec come per i professionisti che cercano un veicolo affidabile e moderno. Con il <strong data-start=\"1588\" data-end=\"1623\">noleggio SUV 4X4 economico in <a href=\"https:\/\/maps.app.goo.gl\/BvHPAYVYQjuip7oS8\" target=\"_blank\" rel=\"noopener\">Aggelaki 15<\/a><\/strong>, gli spostamenti diventano molto pi\u00f9 confortevoli, sia per vacanze in famiglia che per incontri di lavoro. La guida stabile e silenziosa, l&#8217;abitacolo ampio e lo spazio di stivaggio rendono i SUV perfetti per viaggi lunghi o quotidiani.<\/p>\n<h2 style=\"text-align: center;\" data-start=\"1880\" data-end=\"1949\"><strong data-start=\"1882\" data-end=\"1947\">Noleggio SUV economico a Salonicco dall&#8217;Aeroporto \u201cMacedonia\u201d SKG<\/strong><\/h2>\n<p data-start=\"1950\" data-end=\"2366\">Uno dei vantaggi di cheapcarhiregreece \u00e8 la possibilit\u00e0 di ritirare il veicolo direttamente in aeroporto, rendendo il <strong>noleggio SUV economico nel centro di <a href=\"https:\/\/maps.app.goo.gl\/Cf6WNLy5nvxMuFi2A\" target=\"_blank\" rel=\"noopener\">Salonicco<\/a><\/strong> ancora pi\u00f9 pratico. I viaggiatori possono iniziare il loro viaggio immediatamente senza attese per i mezzi pubblici o taxi. Il processo \u00e8 rapido e senza stress, e il veicolo viene consegnato pulito, mantenuto e pronto all&#8217;uso.<\/p>\n<\/div><div class=\"fusion-image-element \" style=\"text-align:center;--awb-caption-title-font-family:var(--h2_typography-font-family);--awb-caption-title-font-weight:var(--h2_typography-font-weight);--awb-caption-title-font-style:var(--h2_typography-font-style);--awb-caption-title-size:var(--h2_typography-font-size);--awb-caption-title-transform:var(--h2_typography-text-transform);--awb-caption-title-line-height:var(--h2_typography-line-height);--awb-caption-title-letter-spacing:var(--h2_typography-letter-spacing);\"><span class=\" fusion-imageframe imageframe-none imageframe-3 hover-type-none\"><img decoding=\"async\" width=\"700\" height=\"400\" alt=\"Jeep Renegade\" src=\"https:\/\/cheapcarhiregreece.com\/wp-content\/uploads\/2025\/12\/jgjgjg.jpg\" class=\"img-responsive wp-image-12833\" srcset=\"https:\/\/cheapcarhiregreece.com\/wp-content\/uploads\/2025\/12\/jgjgjg-200x114.jpg 200w, https:\/\/cheapcarhiregreece.com\/wp-content\/uploads\/2025\/12\/jgjgjg-400x229.jpg 400w, https:\/\/cheapcarhiregreece.com\/wp-content\/uploads\/2025\/12\/jgjgjg-600x343.jpg 600w, https:\/\/cheapcarhiregreece.com\/wp-content\/uploads\/2025\/12\/jgjgjg.jpg 700w\" sizes=\"(max-width: 640px) 100vw, 700px\" \/><\/span><\/div><div class=\"fusion-text fusion-text-5\"><h1 style=\"text-align: center;\" data-start=\"2373\" data-end=\"2444\"><strong data-start=\"2375\" data-end=\"2442\">Esplora la Grecia del Nord con il Noleggio SUV Economico a Salonicco<\/strong><\/h1>\n<p data-start=\"2445\" data-end=\"2916\">Con un SUV a disposizione, le opzioni per escursioni brevi o pi\u00f9 lunghe sono infinite. Il <strong data-start=\"2543\" data-end=\"2578\">noleggio SUV economico in Aggelaki 15<\/strong> ti permette di esplorare la Calcidica, il Monte Olimpo, il Monte Athos (fino alle zone consentite), i laghi della Macedonia o qualsiasi altra destinazione tu desideri. Il comfort, l\u2019altezza di guida elevata e la stabilit\u00e0 dei SUV rendono ogni percorso pi\u00f9 sicuro e piacevole. Anche in condizioni meteorologiche difficili, i SUV rispondono perfettamente.<\/p>\n<h2 style=\"text-align: center;\" data-start=\"2923\" data-end=\"3004\"><strong data-start=\"2925\" data-end=\"3002\">Perch\u00e9 scegliere cheapcarhiregreece per il Noleggio SUV Economico a Salonicco<\/strong><\/h2>\n<p data-start=\"3005\" data-end=\"3174\">Su <a href=\"https:\/\/cheapcarhiregreece.com\/\">cheapcarhiregreece<\/a> diamo priorit\u00e0 a un servizio eccellente e alla massima qualit\u00e0 dei nostri veicoli. Con il <strong data-start=\"3122\" data-end=\"3157\">noleggio SUV economico nel centro di <a href=\"https:\/\/maps.app.goo.gl\/Cf6WNLy5nvxMuFi2A\" target=\"_blank\" rel=\"noopener\">Salonicco<\/a><\/strong>, ottieni:<\/p>\n<ul data-start=\"3175\" data-end=\"3438\">\n<li data-start=\"3175\" data-end=\"3214\">\n<p data-start=\"3177\" data-end=\"3214\">SUV moderni e completamente manutenzionati<\/p>\n<\/li>\n<li data-start=\"3215\" data-end=\"3268\">\n<p data-start=\"3217\" data-end=\"3268\">tariffe trasparenti e costanti senza costi aggiuntivi<\/p>\n<\/li>\n<li data-start=\"3269\" data-end=\"3299\">\n<p data-start=\"3271\" data-end=\"3299\">possibilit\u00e0 di un secondo conducente <strong>gratuito<\/strong><\/p>\n<\/li>\n<li data-start=\"3269\" data-end=\"3299\">\n<p data-start=\"3271\" data-end=\"3299\">seggiolini per bambini e attrezzature aggiuntive su richiesta<\/p>\n<\/li>\n<li data-start=\"3361\" data-end=\"3381\">\n<p data-start=\"3363\" data-end=\"3381\">assistenza 24 ore su 24<\/p>\n<\/li>\n<li data-start=\"3382\" data-end=\"3438\">\n<p data-start=\"3384\" data-end=\"3438\">consegna e ritiro flessibili in tutta Salonicco<\/p>\n<\/li>\n<\/ul>\n<p data-start=\"3440\" data-end=\"3552\">La nostra esperienza nel settore del noleggio auto garantisce comfort, affidabilit\u00e0 e un eccellente rapporto qualit\u00e0-prezzo.<\/p>\n<h2 style=\"text-align: center;\" data-start=\"3440\" data-end=\"3552\"><strong>Noleggio SUV 4X4 Economico e Accessibile nel Centro di Salonicco<\/strong><\/h2>\n<\/div><div class=\"fusion-image-element \" style=\"text-align:center;--awb-caption-title-font-family:var(--h2_typography-font-family);--awb-caption-title-font-weight:var(--h2_typography-font-weight);--awb-caption-title-font-style:var(--h2_typography-font-style);--awb-caption-title-size:var(--h2_typography-font-size);--awb-caption-title-transform:var(--h2_typography-text-transform);--awb-caption-title-line-height:var(--h2_typography-line-height);--awb-caption-title-letter-spacing:var(--h2_typography-letter-spacing);\"><span class=\" fusion-imageframe imageframe-none imageframe-4 hover-type-none\"><img decoding=\"async\" width=\"800\" height=\"500\" src=\"https:\/\/cheapcarhiregreece.com\/wp-content\/uploads\/2025\/12\/S-CROSS.jpg.webp\" alt class=\"img-responsive wp-image-12834\" srcset=\"https:\/\/cheapcarhiregreece.com\/wp-content\/uploads\/2025\/12\/S-CROSS.jpg-200x125.webp 200w, https:\/\/cheapcarhiregreece.com\/wp-content\/uploads\/2025\/12\/S-CROSS.jpg-400x250.webp 400w, https:\/\/cheapcarhiregreece.com\/wp-content\/uploads\/2025\/12\/S-CROSS.jpg-600x375.webp 600w, https:\/\/cheapcarhiregreece.com\/wp-content\/uploads\/2025\/12\/S-CROSS.jpg.webp 800w\" sizes=\"(max-width: 640px) 100vw, 800px\" \/><\/span><\/div><div class=\"fusion-text fusion-text-6\"><h1 style=\"text-align: center;\" data-start=\"3559\" data-end=\"3633\"><strong data-start=\"3561\" data-end=\"3631\">La scelta ideale per il noleggio SUV economico a Salonicco<\/strong><\/h1>\n<p data-start=\"3634\" data-end=\"4096\">Se viaggi a Salonicco e cerchi una combinazione di convenienza, comfort e qualit\u00e0 di guida, il <strong data-start=\"3739\" data-end=\"3774\">noleggio SUV 4X4 economico a Salonicco<\/strong> \u00e8 la soluzione migliore. Con un SUV puoi spostarti comodamente, esplorare tutta la Grecia del Nord e goderti un veicolo che soddisfa ogni esigenza. cheapcarhiregreece offre SUV affidabili ai prezzi pi\u00f9 competitivi del mercato, garantendo un\u2019esperienza eccellente dall\u2019inizio alla fine.<\/p>\n<\/div><div class=\"fusion-text fusion-text-7\"><h3 style=\"line-height: 100px; font-family: Arial, sans-serif; font-size: 30px; background-color: #d3eaea; border: 10px solid #2907ed; border-radius: 10px; text-align: center;\"><img decoding=\"async\" class=\"alignnone size-full wp-image-12740\" src=\"https:\/\/cheapcarhiregreece.com\/wp-content\/uploads\/2025\/12\/\u03b5\u03c6\u03b1\u03c6\u03b5.jpg\" alt=\"\" width=\"67\" height=\"67\" \/> Acquista un&#8217;assicurazione per ridurre la franchigia!<\/h3>\n<\/div><\/div><\/div><\/div><\/div>\n","protected":false},"excerpt":{"rendered":"","protected":false},"author":1,"featured_media":0,"parent":0,"menu_order":0,"comment_status":"closed","ping_status":"closed","template":"100-width.php","meta":{"footnotes":""},"class_list":["post-12835","page","type-page","status-publish","hentry"],"_links":{"self":[{"href":"https:\/\/cheapcarhiregreece.com\/it\/wp-json\/wp\/v2\/pages\/12835","targetHints":{"allow":["GET"]}}],"collection":[{"href":"https:\/\/cheapcarhiregreece.com\/it\/wp-json\/wp\/v2\/pages"}],"about":[{"href":"https:\/\/cheapcarhiregreece.com\/it\/wp-json\/wp\/v2\/types\/page"}],"author":[{"embeddable":true,"href":"https:\/\/cheapcarhiregreece.com\/it\/wp-json\/wp\/v2\/users\/1"}],"replies":[{"embeddable":true,"href":"https:\/\/cheapcarhiregreece.com\/it\/wp-json\/wp\/v2\/comments?post=12835"}],"version-history":[{"count":3,"href":"https:\/\/cheapcarhiregreece.com\/it\/wp-json\/wp\/v2\/pages\/12835\/revisions"}],"predecessor-version":[{"id":12848,"href":"https:\/\/cheapcarhiregreece.com\/it\/wp-json\/wp\/v2\/pages\/12835\/revisions\/12848"}],"wp:attachment":[{"href":"https:\/\/cheapcarhiregreece.com\/it\/wp-json\/wp\/v2\/media?parent=12835"}],"curies":[{"name":"wp","href":"https:\/\/api.w.org\/{rel}","templated":true}]}}