{"id":12840,"date":"2025-12-06T12:50:27","date_gmt":"2025-12-06T10:50:27","guid":{"rendered":"https:\/\/cheapcarhiregreece.com\/?page_id=12840"},"modified":"2025-12-07T16:59:58","modified_gmt":"2025-12-07T14:59:58","slug":"12840-2","status":"publish","type":"page","link":"https:\/\/cheapcarhiregreece.com\/it\/12840-2\/","title":{"rendered":"Minivan da 7 e 9 posti"},"content":{"rendered":"<div class=\"fusion-fullwidth fullwidth-box fusion-builder-row-1 fusion-flex-container has-pattern-background has-mask-background nonhundred-percent-fullwidth non-hundred-percent-height-scrolling\" style=\"--awb-border-radius-top-left:0px;--awb-border-radius-top-right:0px;--awb-border-radius-bottom-right:0px;--awb-border-radius-bottom-left:0px;--awb-flex-wrap:wrap;\" ><div class=\"fusion-builder-row fusion-row fusion-flex-align-items-flex-start fusion-flex-content-wrap\" style=\"max-width:1320.8px;margin-left: calc(-4% \/ 2 );margin-right: calc(-4% \/ 2 );\"><div class=\"fusion-layout-column fusion_builder_column fusion-builder-column-0 fusion_builder_column_1_1 1_1 fusion-flex-column\" style=\"--awb-bg-size:cover;--awb-width-large:100%;--awb-margin-top-large:0px;--awb-spacing-right-large:1.92%;--awb-margin-bottom-large:20px;--awb-spacing-left-large:1.92%;--awb-width-medium:100%;--awb-order-medium:0;--awb-spacing-right-medium:1.92%;--awb-spacing-left-medium:1.92%;--awb-width-small:100%;--awb-order-small:0;--awb-spacing-right-small:1.92%;--awb-spacing-left-small:1.92%;\"><div class=\"fusion-column-wrapper fusion-column-has-shadow fusion-flex-justify-content-flex-start fusion-content-layout-column\"><div class=\"fusion-text fusion-text-1\"><h2 style=\"text-align: center;\"><strong>Noleggio Economico di Minivan 7 &amp; 9 Posti Aeroporto di Salonicco Macedonia SKG<\/strong><\/h2>\n<\/div><\/div><\/div><div class=\"fusion-layout-column fusion_builder_column fusion-builder-column-1 fusion_builder_column_1_1 1_1 fusion-flex-column\" style=\"--awb-bg-size:cover;--awb-width-large:100%;--awb-margin-top-large:0px;--awb-spacing-right-large:1.92%;--awb-margin-bottom-large:20px;--awb-spacing-left-large:1.92%;--awb-width-medium:100%;--awb-order-medium:0;--awb-spacing-right-medium:1.92%;--awb-spacing-left-medium:1.92%;--awb-width-small:100%;--awb-order-small:0;--awb-spacing-right-small:1.92%;--awb-spacing-left-small:1.92%;\"><div class=\"fusion-column-wrapper fusion-column-has-shadow fusion-flex-justify-content-flex-start fusion-content-layout-column\"><div class=\"fusion-image-element \" style=\"text-align:center;--awb-caption-title-font-family:var(--h2_typography-font-family);--awb-caption-title-font-weight:var(--h2_typography-font-weight);--awb-caption-title-font-style:var(--h2_typography-font-style);--awb-caption-title-size:var(--h2_typography-font-size);--awb-caption-title-transform:var(--h2_typography-text-transform);--awb-caption-title-line-height:var(--h2_typography-line-height);--awb-caption-title-letter-spacing:var(--h2_typography-letter-spacing);\"><span class=\" fusion-imageframe imageframe-none imageframe-1 hover-type-none\"><img decoding=\"async\" width=\"700\" height=\"400\" src=\"https:\/\/cheapcarhiregreece.com\/wp-content\/uploads\/2025\/12\/\u03b9\u03c6\u03bd.jpg\" alt class=\"img-responsive wp-image-12836\" srcset=\"https:\/\/cheapcarhiregreece.com\/wp-content\/uploads\/2025\/12\/\u03b9\u03c6\u03bd-200x114.jpg 200w, https:\/\/cheapcarhiregreece.com\/wp-content\/uploads\/2025\/12\/\u03b9\u03c6\u03bd-400x229.jpg 400w, https:\/\/cheapcarhiregreece.com\/wp-content\/uploads\/2025\/12\/\u03b9\u03c6\u03bd-600x343.jpg 600w, https:\/\/cheapcarhiregreece.com\/wp-content\/uploads\/2025\/12\/\u03b9\u03c6\u03bd.jpg 700w\" sizes=\"(max-width: 640px) 100vw, 700px\" \/><\/span><\/div><\/div><\/div><div class=\"fusion-layout-column fusion_builder_column fusion-builder-column-2 fusion_builder_column_1_1 1_1 fusion-flex-column\" style=\"--awb-bg-size:cover;--awb-width-large:100%;--awb-margin-top-large:0px;--awb-spacing-right-large:1.92%;--awb-margin-bottom-large:20px;--awb-spacing-left-large:1.92%;--awb-width-medium:100%;--awb-order-medium:0;--awb-spacing-right-medium:1.92%;--awb-spacing-left-medium:1.92%;--awb-width-small:100%;--awb-order-small:0;--awb-spacing-right-small:1.92%;--awb-spacing-left-small:1.92%;\"><div class=\"fusion-column-wrapper fusion-column-has-shadow fusion-flex-justify-content-flex-start fusion-content-layout-column\"><div class=\"fusion-text fusion-text-2\"><h1 style=\"text-align: center;\" data-start=\"225\" data-end=\"292\"><strong data-start=\"227\" data-end=\"290\">Noleggio Economico di Van 7 &amp; 9 Posti a Salonicco<\/strong><\/h1>\n<p data-start=\"293\" data-end=\"764\">Il <strong data-start=\"295\" data-end=\"347\">noleggio economico di minivan 7 &amp; 9 posti a Salonicco<\/strong> \u00e8 la soluzione ideale per famiglie, gruppi di amici o team che necessitano di comfort, sicurezza e flessibilit\u00e0 negli spostamenti. Su <strong data-start=\"480\" data-end=\"502\">cheapcarhiregreece<\/strong> offriamo van moderni e completamente manutenuti, che combinano un abitacolo spazioso, un grande vano bagagli e un\u2019esperienza di guida eccellente. Con prezzi convenienti e una procedura di prenotazione rapida, muoversi a Salonicco diventa facile e comodo.<\/p>\n<h2 style=\"text-align: center;\" data-start=\"771\" data-end=\"831\"><strong data-start=\"773\" data-end=\"829\">Vantaggi del Noleggio Economico di Minivan 7 &amp; 9 Posti<\/strong><\/h2>\n<p data-start=\"832\" data-end=\"958\">Il <strong data-start=\"834\" data-end=\"886\">noleggio economico di van 7 &amp; 9 posti a Salonicco<\/strong> offre numerosi vantaggi rispetto alle auto pi\u00f9 piccole:<\/p>\n<ul data-start=\"960\" data-end=\"1548\">\n<li data-start=\"960\" data-end=\"1096\"><strong>Risparmio di carburante e sui pedaggi<\/strong>.<\/li>\n<li data-start=\"960\" data-end=\"1096\">\n<p data-start=\"962\" data-end=\"1096\"><strong data-start=\"962\" data-end=\"982\">Comfort e spazio:<\/strong> Spazio sufficiente per tutti i passeggeri e i bagagli, ideale per viaggi in famiglia o gite con amici.<\/p>\n<\/li>\n<li data-start=\"1097\" data-end=\"1236\">\n<p data-start=\"1099\" data-end=\"1236\"><strong data-start=\"1099\" data-end=\"1135\">Configurazione flessibile dei sedili:<\/strong> La possibilit\u00e0 di ribaltare o rimuovere i sedili offre spazio extra per bagagli o attrezzature.<\/p>\n<\/li>\n<li data-start=\"1237\" data-end=\"1365\">\n<p data-start=\"1239\" data-end=\"1365\"><strong data-start=\"1239\" data-end=\"1252\">Sicurezza:<\/strong> I van moderni sono dotati di sistemi di sicurezza avanzati come ABS, ESP e airbag per tutti i passeggeri.<\/p>\n<\/li>\n<li data-start=\"1366\" data-end=\"1548\">\n<p data-start=\"1368\" data-end=\"1548\"><strong data-start=\"1368\" data-end=\"1398\">Ideale per ogni percorso:<\/strong> Dal traffico cittadino ai viaggi su strada in Calcidica o nelle montagne della Grecia settentrionale, i van offrono una guida stabile e sicura.<\/p>\n<\/li>\n<\/ul>\n<\/div><\/div><\/div><div class=\"fusion-layout-column fusion_builder_column fusion-builder-column-3 fusion_builder_column_1_1 1_1 fusion-flex-column\" style=\"--awb-bg-size:cover;--awb-width-large:100%;--awb-margin-top-large:0px;--awb-spacing-right-large:1.92%;--awb-margin-bottom-large:20px;--awb-spacing-left-large:1.92%;--awb-width-medium:100%;--awb-order-medium:0;--awb-spacing-right-medium:1.92%;--awb-spacing-left-medium:1.92%;--awb-width-small:100%;--awb-order-small:0;--awb-spacing-right-small:1.92%;--awb-spacing-left-small:1.92%;\"><div class=\"fusion-column-wrapper fusion-column-has-shadow fusion-flex-justify-content-flex-start fusion-content-layout-column\"><div class=\"fusion-text fusion-text-3\"><h3 style=\"line-height: 100px; font-family: Arial, sans-serif; font-size: 30px; background-color: #d3eaea; border: 10px solid #2907ed; border-radius: 10px; text-align: center;\"><img decoding=\"async\" class=\"alignnone size-full wp-image-12740\" src=\"https:\/\/cheapcarhiregreece.com\/wp-content\/uploads\/2025\/12\/\u03b5\u03c6\u03b1\u03c6\u03b5.jpg\" alt=\"\" width=\"67\" height=\"67\" \/> Acquista un\u2019assicurazione per viaggiare senza preoccupazioni!<\/h3>\n<\/div><\/div><\/div><div class=\"fusion-layout-column fusion_builder_column fusion-builder-column-4 fusion_builder_column_1_1 1_1 fusion-flex-column\" style=\"--awb-bg-size:cover;--awb-width-large:100%;--awb-margin-top-large:0px;--awb-spacing-right-large:1.92%;--awb-margin-bottom-large:20px;--awb-spacing-left-large:1.92%;--awb-width-medium:100%;--awb-order-medium:0;--awb-spacing-right-medium:1.92%;--awb-spacing-left-medium:1.92%;--awb-width-small:100%;--awb-order-small:0;--awb-spacing-right-small:1.92%;--awb-spacing-left-small:1.92%;\"><div class=\"fusion-column-wrapper fusion-column-has-shadow fusion-flex-justify-content-flex-start fusion-content-layout-column\"><div class=\"fusion-image-element \" style=\"text-align:center;--awb-caption-title-font-family:var(--h2_typography-font-family);--awb-caption-title-font-weight:var(--h2_typography-font-weight);--awb-caption-title-font-style:var(--h2_typography-font-style);--awb-caption-title-size:var(--h2_typography-font-size);--awb-caption-title-transform:var(--h2_typography-text-transform);--awb-caption-title-line-height:var(--h2_typography-line-height);--awb-caption-title-letter-spacing:var(--h2_typography-letter-spacing);\"><span class=\" fusion-imageframe imageframe-none imageframe-2 hover-type-none\"><img decoding=\"async\" width=\"700\" height=\"400\" alt=\"\u0395\u03bd\u03bf\u03b9\u03ba\u03af\u03b1\u03c3\u03b7 \u039c\u03b9\u03bd\u03b9\u03b2\u03b1\u03bd 7&amp;9 \u0398\u03ad\u03c3\u03b5\u03c9\u03bd\" src=\"https:\/\/cheapcarhiregreece.com\/wp-content\/uploads\/2025\/12\/minfiwen.jpg\" class=\"img-responsive wp-image-12837\" srcset=\"https:\/\/cheapcarhiregreece.com\/wp-content\/uploads\/2025\/12\/minfiwen-200x114.jpg 200w, https:\/\/cheapcarhiregreece.com\/wp-content\/uploads\/2025\/12\/minfiwen-400x229.jpg 400w, https:\/\/cheapcarhiregreece.com\/wp-content\/uploads\/2025\/12\/minfiwen-600x343.jpg 600w, https:\/\/cheapcarhiregreece.com\/wp-content\/uploads\/2025\/12\/minfiwen.jpg 700w\" sizes=\"(max-width: 640px) 100vw, 700px\" \/><\/span><\/div><\/div><\/div><div class=\"fusion-layout-column fusion_builder_column fusion-builder-column-5 fusion_builder_column_1_1 1_1 fusion-flex-column\" style=\"--awb-bg-size:cover;--awb-width-large:100%;--awb-margin-top-large:0px;--awb-spacing-right-large:1.92%;--awb-margin-bottom-large:20px;--awb-spacing-left-large:1.92%;--awb-width-medium:100%;--awb-order-medium:0;--awb-spacing-right-medium:1.92%;--awb-spacing-left-medium:1.92%;--awb-width-small:100%;--awb-order-small:0;--awb-spacing-right-small:1.92%;--awb-spacing-left-small:1.92%;\"><div class=\"fusion-column-wrapper fusion-column-has-shadow fusion-flex-justify-content-flex-start fusion-content-layout-column\"><div class=\"fusion-text fusion-text-4\"><h2 style=\"text-align: center;\"><strong>Noleggio Economico di Minivan 7 &amp; 9 Posti per Famiglie e Gruppi Numerosi<\/strong><\/h2>\n<p>Per famiglie con bambini o gruppi che vogliono viaggiare insieme, il <strong>noleggio economico di minivan 7 &amp; 9 posti a Salonicco<\/strong> \u00e8 la scelta ideale. I van offrono sedili comodi per tutti i passeggeri, ampio spazio per i bagagli e facilit\u00e0 di ingresso e uscita. L\u2019abitacolo spazioso permette a ogni membro della famiglia di sentirsi a proprio agio, mentre la possibilit\u00e0 di trasportare 7 o 9 persone riduce i costi del carburante rispetto a pi\u00f9 veicoli pi\u00f9 piccoli.<\/p>\n<h2 style=\"text-align: center;\"><strong>Ritiro e Consegna in Centro Citt\u00e0 e all\u2019Aeroporto di Salonicco Macedonia SKG<\/strong><\/h2>\n<p>Con <strong>cheapcarhiregreece<\/strong>, il <strong>noleggio economico di minivan 7 &amp; 9 posti in Aggelaki 15 e all\u2019Aeroporto di Salonicco Macedonia SKG<\/strong> \u00e8 facile e veloce. \u00c8 possibile ritirare il veicolo dal centro citt\u00e0 o dall\u2019aeroporto Macedonia, iniziando subito il viaggio senza ritardi. Il processo di prenotazione \u00e8 semplice e rapido, e il veicolo viene consegnato pulito, completamente manutenzionato e pronto all\u2019uso.<\/p>\n<\/div><\/div><\/div><div class=\"fusion-layout-column fusion_builder_column fusion-builder-column-6 fusion_builder_column_1_1 1_1 fusion-flex-column\" style=\"--awb-bg-size:cover;--awb-width-large:100%;--awb-margin-top-large:0px;--awb-spacing-right-large:1.92%;--awb-margin-bottom-large:20px;--awb-spacing-left-large:1.92%;--awb-width-medium:100%;--awb-order-medium:0;--awb-spacing-right-medium:1.92%;--awb-spacing-left-medium:1.92%;--awb-width-small:100%;--awb-order-small:0;--awb-spacing-right-small:1.92%;--awb-spacing-left-small:1.92%;\"><div class=\"fusion-column-wrapper fusion-column-has-shadow fusion-flex-justify-content-flex-start fusion-content-layout-column\"><div class=\"fusion-image-element \" style=\"text-align:center;--awb-caption-title-font-family:var(--h2_typography-font-family);--awb-caption-title-font-weight:var(--h2_typography-font-weight);--awb-caption-title-font-style:var(--h2_typography-font-style);--awb-caption-title-size:var(--h2_typography-font-size);--awb-caption-title-transform:var(--h2_typography-text-transform);--awb-caption-title-line-height:var(--h2_typography-line-height);--awb-caption-title-letter-spacing:var(--h2_typography-letter-spacing);\"><span class=\" fusion-imageframe imageframe-none imageframe-3 hover-type-none\"><img decoding=\"async\" width=\"800\" height=\"480\" src=\"https:\/\/cheapcarhiregreece.com\/wp-content\/uploads\/2025\/12\/gae1-800x480.jpg.webp\" alt class=\"img-responsive wp-image-12838\" srcset=\"https:\/\/cheapcarhiregreece.com\/wp-content\/uploads\/2025\/12\/gae1-800x480.jpg-200x120.webp 200w, https:\/\/cheapcarhiregreece.com\/wp-content\/uploads\/2025\/12\/gae1-800x480.jpg-400x240.webp 400w, https:\/\/cheapcarhiregreece.com\/wp-content\/uploads\/2025\/12\/gae1-800x480.jpg-600x360.webp 600w, https:\/\/cheapcarhiregreece.com\/wp-content\/uploads\/2025\/12\/gae1-800x480.jpg.webp 800w\" sizes=\"(max-width: 640px) 100vw, 800px\" \/><\/span><\/div><\/div><\/div><div class=\"fusion-layout-column fusion_builder_column fusion-builder-column-7 fusion_builder_column_1_1 1_1 fusion-flex-column\" style=\"--awb-bg-size:cover;--awb-width-large:100%;--awb-margin-top-large:0px;--awb-spacing-right-large:1.92%;--awb-margin-bottom-large:20px;--awb-spacing-left-large:1.92%;--awb-width-medium:100%;--awb-order-medium:0;--awb-spacing-right-medium:1.92%;--awb-spacing-left-medium:1.92%;--awb-width-small:100%;--awb-order-small:0;--awb-spacing-right-small:1.92%;--awb-spacing-left-small:1.92%;\"><div class=\"fusion-column-wrapper fusion-column-has-shadow fusion-flex-justify-content-flex-start fusion-content-layout-column\"><div class=\"fusion-text fusion-text-5\"><h1 style=\"text-align: center;\">Esplora la Grecia del Nord con Minivan 7 &amp; 9 Posti<\/h1>\n<p>Il <strong>noleggio economico di minivan 7 &amp; 9 posti a Salonicco<\/strong> ti offre la possibilit\u00e0 di esplorare la Grecia del Nord con comfort. Puoi visitare:<\/p>\n<ul>\n<li>La Calcidica per escursioni e spiagge<\/li>\n<li>Il Monte Olimpo e i sentieri montani circostanti<\/li>\n<li>Kavala, Serres e la zona di Drama<\/li>\n<li>Le terme di Pozar e altre bellezze naturali<\/li>\n<\/ul>\n<p>Con i van spaziosi, i viaggi diventano sicuri, confortevoli e piacevoli per tutti i passeggeri.<\/p>\n<h2 style=\"text-align: center;\">Perch\u00e9 Scegliere cheapcarhiregreece per il Noleggio Economico di Minivan 7 &amp; 9 Posti<\/h2>\n<p><strong>cheapcarhiregreece<\/strong> si distingue per affidabilit\u00e0, qualit\u00e0 e prezzi convenienti:<\/p>\n<ul>\n<li>Minivan 7 &amp; 9 posti moderni e ben mantenuti<\/li>\n<li>Politica di prezzi chiara e trasparente senza costi nascosti<\/li>\n<li>Opzioni di ritiro e consegna nel centro di Salonicco o all\u2019aeroporto<\/li>\n<li>Processo di prenotazione flessibile e supporto 24\/7<\/li>\n<li>Attrezzature aggiuntive come seggiolini per bambini e GPS<\/li>\n<\/ul>\n<p>Con tutti questi vantaggi, il <strong>noleggio economico di minivan 7 &amp; 9 posti a Salonicco<\/strong> diventa semplice, conveniente e affidabile.<\/p>\n<\/div><\/div><\/div><div class=\"fusion-layout-column fusion_builder_column fusion-builder-column-8 fusion_builder_column_1_1 1_1 fusion-flex-column\" style=\"--awb-bg-size:cover;--awb-width-large:100%;--awb-margin-top-large:0px;--awb-spacing-right-large:1.92%;--awb-margin-bottom-large:20px;--awb-spacing-left-large:1.92%;--awb-width-medium:100%;--awb-order-medium:0;--awb-spacing-right-medium:1.92%;--awb-spacing-left-medium:1.92%;--awb-width-small:100%;--awb-order-small:0;--awb-spacing-right-small:1.92%;--awb-spacing-left-small:1.92%;\"><div class=\"fusion-column-wrapper fusion-column-has-shadow fusion-flex-justify-content-flex-start fusion-content-layout-column\"><div class=\"fusion-image-element \" style=\"text-align:center;--awb-caption-title-font-family:var(--h2_typography-font-family);--awb-caption-title-font-weight:var(--h2_typography-font-weight);--awb-caption-title-font-style:var(--h2_typography-font-style);--awb-caption-title-size:var(--h2_typography-font-size);--awb-caption-title-transform:var(--h2_typography-text-transform);--awb-caption-title-line-height:var(--h2_typography-line-height);--awb-caption-title-letter-spacing:var(--h2_typography-letter-spacing);\"><span class=\" fusion-imageframe imageframe-none imageframe-4 hover-type-none\"><img decoding=\"async\" width=\"700\" height=\"400\" src=\"https:\/\/cheapcarhiregreece.com\/wp-content\/uploads\/2025\/12\/vwvw112.jpg\" alt class=\"img-responsive wp-image-12839\" srcset=\"https:\/\/cheapcarhiregreece.com\/wp-content\/uploads\/2025\/12\/vwvw112-200x114.jpg 200w, https:\/\/cheapcarhiregreece.com\/wp-content\/uploads\/2025\/12\/vwvw112-400x229.jpg 400w, https:\/\/cheapcarhiregreece.com\/wp-content\/uploads\/2025\/12\/vwvw112-600x343.jpg 600w, https:\/\/cheapcarhiregreece.com\/wp-content\/uploads\/2025\/12\/vwvw112.jpg 700w\" sizes=\"(max-width: 640px) 100vw, 700px\" \/><\/span><\/div><\/div><\/div><div class=\"fusion-layout-column fusion_builder_column fusion-builder-column-9 fusion_builder_column_1_1 1_1 fusion-flex-column\" style=\"--awb-bg-size:cover;--awb-width-large:100%;--awb-margin-top-large:0px;--awb-spacing-right-large:1.92%;--awb-margin-bottom-large:20px;--awb-spacing-left-large:1.92%;--awb-width-medium:100%;--awb-order-medium:0;--awb-spacing-right-medium:1.92%;--awb-spacing-left-medium:1.92%;--awb-width-small:100%;--awb-order-small:0;--awb-spacing-right-small:1.92%;--awb-spacing-left-small:1.92%;\"><div class=\"fusion-column-wrapper fusion-column-has-shadow fusion-flex-justify-content-flex-start fusion-content-layout-column\"><div class=\"fusion-text fusion-text-6\"><h1 style=\"text-align: center;\">La Scelta Ideale per Gruppi Numerosi e Famiglie<\/h1>\n<p>Il <strong>noleggio economico di minivan 7 &amp; 9 posti a Salonicco<\/strong> tramite cheapcarhiregreece \u00e8 la scelta migliore per chi cerca comfort, sicurezza e convenienza. Che si tratti di una vacanza in famiglia, di un viaggio con amici o di un trasferimento di lavoro, i nostri van offrono la comodit\u00e0 e il comfort di cui hai bisogno. Con un rapido processo di ritiro, veicoli affidabili e prezzi contenuti, spostarsi a Salonicco e nel Nord della Grecia diventa piacevole e senza problemi.<\/p>\n<\/div><\/div><\/div><div class=\"fusion-layout-column fusion_builder_column fusion-builder-column-10 fusion_builder_column_1_1 1_1 fusion-flex-column\" style=\"--awb-bg-size:cover;--awb-width-large:100%;--awb-margin-top-large:0px;--awb-spacing-right-large:1.92%;--awb-margin-bottom-large:20px;--awb-spacing-left-large:1.92%;--awb-width-medium:100%;--awb-order-medium:0;--awb-spacing-right-medium:1.92%;--awb-spacing-left-medium:1.92%;--awb-width-small:100%;--awb-order-small:0;--awb-spacing-right-small:1.92%;--awb-spacing-left-small:1.92%;\"><div class=\"fusion-column-wrapper fusion-column-has-shadow fusion-flex-justify-content-flex-start fusion-content-layout-column\"><div class=\"fusion-text fusion-text-7\"><h3 style=\"line-height: 100px; font-family: Arial, sans-serif; font-size: 30px; background-color: #d3eaea; border: 10px solid #2907ed; border-radius: 10px; text-align: center;\"><img decoding=\"async\" class=\"alignnone size-full wp-image-12740\" src=\"https:\/\/cheapcarhiregreece.com\/wp-content\/uploads\/2025\/12\/\u03b5\u03c6\u03b1\u03c6\u03b5.jpg\" alt=\"\" width=\"67\" height=\"67\" \/> Acquista un\u2019assicurazione per la rottura dei vetri e degli pneumatici!<\/h3>\n<\/div><\/div><\/div><\/div><\/div>\n","protected":false},"excerpt":{"rendered":"","protected":false},"author":1,"featured_media":0,"parent":0,"menu_order":0,"comment_status":"closed","ping_status":"closed","template":"100-width.php","meta":{"footnotes":""},"class_list":["post-12840","page","type-page","status-publish","hentry"],"_links":{"self":[{"href":"https:\/\/cheapcarhiregreece.com\/it\/wp-json\/wp\/v2\/pages\/12840","targetHints":{"allow":["GET"]}}],"collection":[{"href":"https:\/\/cheapcarhiregreece.com\/it\/wp-json\/wp\/v2\/pages"}],"about":[{"href":"https:\/\/cheapcarhiregreece.com\/it\/wp-json\/wp\/v2\/types\/page"}],"author":[{"embeddable":true,"href":"https:\/\/cheapcarhiregreece.com\/it\/wp-json\/wp\/v2\/users\/1"}],"replies":[{"embeddable":true,"href":"https:\/\/cheapcarhiregreece.com\/it\/wp-json\/wp\/v2\/comments?post=12840"}],"version-history":[{"count":7,"href":"https:\/\/cheapcarhiregreece.com\/it\/wp-json\/wp\/v2\/pages\/12840\/revisions"}],"predecessor-version":[{"id":12861,"href":"https:\/\/cheapcarhiregreece.com\/it\/wp-json\/wp\/v2\/pages\/12840\/revisions\/12861"}],"wp:attachment":[{"href":"https:\/\/cheapcarhiregreece.com\/it\/wp-json\/wp\/v2\/media?parent=12840"}],"curies":[{"name":"wp","href":"https:\/\/api.w.org\/{rel}","templated":true}]}}